{"id":54,"date":"2020-06-01T14:26:49","date_gmt":"2020-06-01T11:26:49","guid":{"rendered":"https:\/\/www.julesverne.com.tr\/\/?page_id=54"},"modified":"2025-02-07T17:51:16","modified_gmt":"2025-02-07T14:51:16","slug":"yurtici-geziler","status":"publish","type":"page","link":"https:\/\/julesverne.com.tr\/en\/jules-verne-travel\/yurtici-geziler\/","title":{"rendered":"Private Corporate Trips"},"content":{"rendered":"<p><\/p>\n<p data-sourcepos=\"1:1-1:147\"><strong>Embark on an unforgettable journey of discovery with our exclusive group tours of Turkey&#8217;s natural wonders, culinary delights, and rich culture.<\/strong><\/p>\n<p data-sourcepos=\"3:1-3:30\">Prepare to immerse yourself in unique experiences as you explore this land where every corner is a paradise. Discover the harmonious blend of nature and culture as you traverse Turkey&#8217;s captivating landscapes and witness unforgettable moments. Our specially curated itineraries will lead you on a journey of discovery, unveiling the country&#8217;s hidden gems and introducing you to its delectable traditional cuisine.<\/p>\n<p>&nbsp;<\/p>","protected":false},"excerpt":{"rendered":"<p>Embark on an unforgettable journey of discovery with our exclusive group tours of Turkey&#8217;s natural wonders, culinary delights, and rich culture. Prepare to immerse yourself in unique experiences as you explore this land where every corner is a paradise. Discover the harmonious blend of nature and culture as you traverse Turkey&#8217;s captivating landscapes and witness [&hellip;]<\/p>\n","protected":false},"author":1,"featured_media":18924,"parent":13,"menu_order":0,"comment_status":"closed","ping_status":"closed","template":"page-service-travel-child.php","meta":{"inline_featured_image":false,"footnotes":""},"acf":[],"yoast_head":"<!-- This site is optimized with the Yoast SEO plugin v22.3 - https:\/\/yoast.com\/wordpress\/plugins\/seo\/ -->\n<title>Private Corporate Trips - JULES VERNE BUSINESS MICE TRAVEL<\/title>\n<meta name=\"description\" content=\"T\u00fcrkiye\u2019nin do\u011fal g\u00fczelliklerini, lezzetlerini ve k\u00fclt\u00fcr\u00fcn\u00fc ke\u015ffedece\u011finiz \u00f6zel grup seyahatlerimizle, benzersiz deneyimler ya\u015famaya haz\u0131r olun.\" \/>\n<meta name=\"robots\" content=\"index, follow, max-snippet:-1, max-image-preview:large, max-video-preview:-1\" \/>\n<link rel=\"canonical\" href=\"https:\/\/julesverne.com.tr\/jules-verne-travel\/yurtici-geziler\/\" \/>\n<meta property=\"og:locale\" content=\"en_US\" \/>\n<meta property=\"og:type\" content=\"article\" \/>\n<meta property=\"og:title\" content=\"[:tr]Yurt \u0130\u00e7i Geziler[:en]Private Corporate Trips[:] - JULES VERNE BUSINESS MICE TRAVEL\" \/>\n<meta property=\"og:description\" content=\"T\u00fcrkiye\u2019nin do\u011fal g\u00fczelliklerini, lezzetlerini ve k\u00fclt\u00fcr\u00fcn\u00fc ke\u015ffedece\u011finiz \u00f6zel grup seyahatlerimizle, benzersiz deneyimler ya\u015famaya haz\u0131r olun.\" \/>\n<meta property=\"og:url\" content=\"https:\/\/julesverne.com.tr\/jules-verne-travel\/yurtici-geziler\/\" \/>\n<meta property=\"og:site_name\" content=\"JULES VERNE BUSINESS MICE TRAVEL\" \/>\n<meta property=\"article:publisher\" content=\"https:\/\/www.facebook.com\/JulesVerneBusinessMiceTravel\/\" \/>\n<meta property=\"article:modified_time\" content=\"2025-02-07T14:51:16+00:00\" \/>\n<meta property=\"og:image\" content=\"https:\/\/julesverne.com.tr\/wp-content\/uploads\/2025\/01\/mardin-1.jpg\" \/>\n\t<meta property=\"og:image:width\" content=\"1200\" \/>\n\t<meta property=\"og:image:height\" content=\"800\" \/>\n\t<meta property=\"og:image:type\" content=\"image\/jpeg\" \/>\n<meta name=\"twitter:card\" content=\"summary_large_image\" \/>\n<meta name=\"twitter:site\" content=\"@JV_BusinessMice\" \/>\n<meta name=\"twitter:label1\" content=\"Est. reading time\" \/>\n\t<meta name=\"twitter:data1\" content=\"2 minutes\" \/>\n<script type=\"application\/ld+json\" class=\"yoast-schema-graph\">{\"@context\":\"https:\/\/schema.org\",\"@graph\":[{\"@type\":\"WebPage\",\"@id\":\"https:\/\/julesverne.com.tr\/jules-verne-travel\/yurtici-geziler\/\",\"url\":\"https:\/\/julesverne.com.tr\/jules-verne-travel\/yurtici-geziler\/\",\"name\":\"[:tr]Yurt \u0130\u00e7i Geziler[:en]Private Corporate Trips[:] - JULES VERNE BUSINESS MICE TRAVEL\",\"isPartOf\":{\"@id\":\"https:\/\/julesverne.com.tr\/#website\"},\"primaryImageOfPage\":{\"@id\":\"https:\/\/julesverne.com.tr\/jules-verne-travel\/yurtici-geziler\/#primaryimage\"},\"image\":{\"@id\":\"https:\/\/julesverne.com.tr\/jules-verne-travel\/yurtici-geziler\/#primaryimage\"},\"thumbnailUrl\":\"https:\/\/julesverne.com.tr\/wp-content\/uploads\/2025\/01\/mardin-1.jpg\",\"datePublished\":\"2020-06-01T11:26:49+00:00\",\"dateModified\":\"2025-02-07T14:51:16+00:00\",\"description\":\"T\u00fcrkiye\u2019nin do\u011fal g\u00fczelliklerini, lezzetlerini ve k\u00fclt\u00fcr\u00fcn\u00fc ke\u015ffedece\u011finiz \u00f6zel grup seyahatlerimizle, benzersiz deneyimler ya\u015famaya haz\u0131r olun.\",\"breadcrumb\":{\"@id\":\"https:\/\/julesverne.com.tr\/jules-verne-travel\/yurtici-geziler\/#breadcrumb\"},\"inLanguage\":\"en-US\",\"potentialAction\":[{\"@type\":\"ReadAction\",\"target\":[\"https:\/\/julesverne.com.tr\/jules-verne-travel\/yurtici-geziler\/\"]}]},{\"@type\":\"ImageObject\",\"inLanguage\":\"en-US\",\"@id\":\"https:\/\/julesverne.com.tr\/jules-verne-travel\/yurtici-geziler\/#primaryimage\",\"url\":\"https:\/\/julesverne.com.tr\/wp-content\/uploads\/2025\/01\/mardin-1.jpg\",\"contentUrl\":\"https:\/\/julesverne.com.tr\/wp-content\/uploads\/2025\/01\/mardin-1.jpg\",\"width\":1200,\"height\":800},{\"@type\":\"BreadcrumbList\",\"@id\":\"https:\/\/julesverne.com.tr\/jules-verne-travel\/yurtici-geziler\/#breadcrumb\",\"itemListElement\":[{\"@type\":\"ListItem\",\"position\":1,\"name\":\"Anasayfa\",\"item\":\"https:\/\/julesverne.com.tr\/\"},{\"@type\":\"ListItem\",\"position\":2,\"name\":\"JULES VERNE TRAVEL\",\"item\":\"https:\/\/julesverne.com.tr\/jules-verne-travel\/\"},{\"@type\":\"ListItem\",\"position\":3,\"name\":\"Yurt \u0130\u00e7i Geziler\"}]},{\"@type\":\"WebSite\",\"@id\":\"https:\/\/julesverne.com.tr\/#website\",\"url\":\"https:\/\/julesverne.com.tr\/\",\"name\":\"JULES VERNE BUSINESS MICE TRAVEL\",\"description\":\"\",\"publisher\":{\"@id\":\"https:\/\/julesverne.com.tr\/#organization\"},\"potentialAction\":[{\"@type\":\"SearchAction\",\"target\":{\"@type\":\"EntryPoint\",\"urlTemplate\":\"https:\/\/julesverne.com.tr\/?s={search_term_string}\"},\"query-input\":\"required name=search_term_string\"}],\"inLanguage\":\"en-US\"},{\"@type\":\"Organization\",\"@id\":\"https:\/\/julesverne.com.tr\/#organization\",\"name\":\"JULES VERNE BUSINESS MICE TRAVEL\",\"url\":\"https:\/\/julesverne.com.tr\/\",\"logo\":{\"@type\":\"ImageObject\",\"inLanguage\":\"en-US\",\"@id\":\"https:\/\/julesverne.com.tr\/#\/schema\/logo\/image\/\",\"url\":\"https:\/\/julesverne.com.tr\/wp-content\/uploads\/2020\/09\/jv-bmt-logo.png\",\"contentUrl\":\"https:\/\/julesverne.com.tr\/wp-content\/uploads\/2020\/09\/jv-bmt-logo.png\",\"width\":110,\"height\":81,\"caption\":\"JULES VERNE BUSINESS MICE TRAVEL\"},\"image\":{\"@id\":\"https:\/\/julesverne.com.tr\/#\/schema\/logo\/image\/\"},\"sameAs\":[\"https:\/\/www.facebook.com\/JulesVerneBusinessMiceTravel\/\",\"https:\/\/twitter.com\/JV_BusinessMice\",\"https:\/\/www.instagram.com\/julesvernebusinessmicetravel\/\",\"https:\/\/www.linkedin.com\/company\/julesvernebusinessmicetravel\/\",\"https:\/\/www.youtube.com\/channel\/UCAwdsmbZ6tFhu1tea6pkpiw\"]}]}<\/script>\n<!-- \/ Yoast SEO plugin. -->","yoast_head_json":{"title":"[:tr]Yurt \u0130\u00e7i Geziler[:en]Private Corporate Trips[:] - JULES VERNE BUSINESS MICE TRAVEL","description":"T\u00fcrkiye\u2019nin do\u011fal g\u00fczelliklerini, lezzetlerini ve k\u00fclt\u00fcr\u00fcn\u00fc ke\u015ffedece\u011finiz \u00f6zel grup seyahatlerimizle, benzersiz deneyimler ya\u015famaya haz\u0131r olun.","robots":{"index":"index","follow":"follow","max-snippet":"max-snippet:-1","max-image-preview":"max-image-preview:large","max-video-preview":"max-video-preview:-1"},"canonical":"https:\/\/julesverne.com.tr\/jules-verne-travel\/yurtici-geziler\/","og_locale":"en_US","og_type":"article","og_title":"[:tr]Yurt \u0130\u00e7i Geziler[:en]Private Corporate Trips[:] - JULES VERNE BUSINESS MICE TRAVEL","og_description":"T\u00fcrkiye\u2019nin do\u011fal g\u00fczelliklerini, lezzetlerini ve k\u00fclt\u00fcr\u00fcn\u00fc ke\u015ffedece\u011finiz \u00f6zel grup seyahatlerimizle, benzersiz deneyimler ya\u015famaya haz\u0131r olun.","og_url":"https:\/\/julesverne.com.tr\/jules-verne-travel\/yurtici-geziler\/","og_site_name":"JULES VERNE BUSINESS MICE TRAVEL","article_publisher":"https:\/\/www.facebook.com\/JulesVerneBusinessMiceTravel\/","article_modified_time":"2025-02-07T14:51:16+00:00","og_image":[{"width":1200,"height":800,"url":"https:\/\/julesverne.com.tr\/wp-content\/uploads\/2025\/01\/mardin-1.jpg","type":"image\/jpeg"}],"twitter_card":"summary_large_image","twitter_site":"@JV_BusinessMice","twitter_misc":{"Est. reading time":"2 minutes"},"schema":{"@context":"https:\/\/schema.org","@graph":[{"@type":"WebPage","@id":"https:\/\/julesverne.com.tr\/jules-verne-travel\/yurtici-geziler\/","url":"https:\/\/julesverne.com.tr\/jules-verne-travel\/yurtici-geziler\/","name":"[:tr]Yurt \u0130\u00e7i Geziler[:en]Private Corporate Trips[:] - JULES VERNE BUSINESS MICE TRAVEL","isPartOf":{"@id":"https:\/\/julesverne.com.tr\/#website"},"primaryImageOfPage":{"@id":"https:\/\/julesverne.com.tr\/jules-verne-travel\/yurtici-geziler\/#primaryimage"},"image":{"@id":"https:\/\/julesverne.com.tr\/jules-verne-travel\/yurtici-geziler\/#primaryimage"},"thumbnailUrl":"https:\/\/julesverne.com.tr\/wp-content\/uploads\/2025\/01\/mardin-1.jpg","datePublished":"2020-06-01T11:26:49+00:00","dateModified":"2025-02-07T14:51:16+00:00","description":"T\u00fcrkiye\u2019nin do\u011fal g\u00fczelliklerini, lezzetlerini ve k\u00fclt\u00fcr\u00fcn\u00fc ke\u015ffedece\u011finiz \u00f6zel grup seyahatlerimizle, benzersiz deneyimler ya\u015famaya haz\u0131r olun.","breadcrumb":{"@id":"https:\/\/julesverne.com.tr\/jules-verne-travel\/yurtici-geziler\/#breadcrumb"},"inLanguage":"en-US","potentialAction":[{"@type":"ReadAction","target":["https:\/\/julesverne.com.tr\/jules-verne-travel\/yurtici-geziler\/"]}]},{"@type":"ImageObject","inLanguage":"en-US","@id":"https:\/\/julesverne.com.tr\/jules-verne-travel\/yurtici-geziler\/#primaryimage","url":"https:\/\/julesverne.com.tr\/wp-content\/uploads\/2025\/01\/mardin-1.jpg","contentUrl":"https:\/\/julesverne.com.tr\/wp-content\/uploads\/2025\/01\/mardin-1.jpg","width":1200,"height":800},{"@type":"BreadcrumbList","@id":"https:\/\/julesverne.com.tr\/jules-verne-travel\/yurtici-geziler\/#breadcrumb","itemListElement":[{"@type":"ListItem","position":1,"name":"Anasayfa","item":"https:\/\/julesverne.com.tr\/"},{"@type":"ListItem","position":2,"name":"JULES VERNE TRAVEL","item":"https:\/\/julesverne.com.tr\/jules-verne-travel\/"},{"@type":"ListItem","position":3,"name":"Yurt \u0130\u00e7i Geziler"}]},{"@type":"WebSite","@id":"https:\/\/julesverne.com.tr\/#website","url":"https:\/\/julesverne.com.tr\/","name":"JULES VERNE BUSINESS MICE TRAVEL","description":"","publisher":{"@id":"https:\/\/julesverne.com.tr\/#organization"},"potentialAction":[{"@type":"SearchAction","target":{"@type":"EntryPoint","urlTemplate":"https:\/\/julesverne.com.tr\/?s={search_term_string}"},"query-input":"required name=search_term_string"}],"inLanguage":"en-US"},{"@type":"Organization","@id":"https:\/\/julesverne.com.tr\/#organization","name":"JULES VERNE BUSINESS MICE TRAVEL","url":"https:\/\/julesverne.com.tr\/","logo":{"@type":"ImageObject","inLanguage":"en-US","@id":"https:\/\/julesverne.com.tr\/#\/schema\/logo\/image\/","url":"https:\/\/julesverne.com.tr\/wp-content\/uploads\/2020\/09\/jv-bmt-logo.png","contentUrl":"https:\/\/julesverne.com.tr\/wp-content\/uploads\/2020\/09\/jv-bmt-logo.png","width":110,"height":81,"caption":"JULES VERNE BUSINESS MICE TRAVEL"},"image":{"@id":"https:\/\/julesverne.com.tr\/#\/schema\/logo\/image\/"},"sameAs":["https:\/\/www.facebook.com\/JulesVerneBusinessMiceTravel\/","https:\/\/twitter.com\/JV_BusinessMice","https:\/\/www.instagram.com\/julesvernebusinessmicetravel\/","https:\/\/www.linkedin.com\/company\/julesvernebusinessmicetravel\/","https:\/\/www.youtube.com\/channel\/UCAwdsmbZ6tFhu1tea6pkpiw"]}]}},"_links":{"self":[{"href":"https:\/\/julesverne.com.tr\/en\/wp-json\/wp\/v2\/pages\/54"}],"collection":[{"href":"https:\/\/julesverne.com.tr\/en\/wp-json\/wp\/v2\/pages"}],"about":[{"href":"https:\/\/julesverne.com.tr\/en\/wp-json\/wp\/v2\/types\/page"}],"author":[{"embeddable":true,"href":"https:\/\/julesverne.com.tr\/en\/wp-json\/wp\/v2\/users\/1"}],"replies":[{"embeddable":true,"href":"https:\/\/julesverne.com.tr\/en\/wp-json\/wp\/v2\/comments?post=54"}],"version-history":[{"count":12,"href":"https:\/\/julesverne.com.tr\/en\/wp-json\/wp\/v2\/pages\/54\/revisions"}],"predecessor-version":[{"id":19371,"href":"https:\/\/julesverne.com.tr\/en\/wp-json\/wp\/v2\/pages\/54\/revisions\/19371"}],"up":[{"embeddable":true,"href":"https:\/\/julesverne.com.tr\/en\/wp-json\/wp\/v2\/pages\/13"}],"wp:featuredmedia":[{"embeddable":true,"href":"https:\/\/julesverne.com.tr\/en\/wp-json\/wp\/v2\/media\/18924"}],"wp:attachment":[{"href":"https:\/\/julesverne.com.tr\/en\/wp-json\/wp\/v2\/media?parent=54"}],"curies":[{"name":"wp","href":"https:\/\/api.w.org\/{rel}","templated":true}]}}