{"id":50,"date":"2020-06-01T14:26:09","date_gmt":"2020-06-01T11:26:09","guid":{"rendered":"https:\/\/www.julesverne.com.tr\/\/?page_id=50"},"modified":"2024-06-28T03:55:04","modified_gmt":"2024-06-28T00:55:04","slug":"kisiye-ozel-seyahatler","status":"publish","type":"page","link":"https:\/\/julesverne.com.tr\/en\/jules-verne-travel\/kisiye-ozel-seyahatler\/","title":{"rendered":"Personalized Travels"},"content":{"rendered":"<p><strong>Our goal is to have you experience unique moments all over the world. Don&#8217;t live in your dreams, live your dreams.<\/strong><\/p>\n<p>We design unique and personalized trips with our innovative experienced team of explorers and travel enthusiasts, making all destinations in the world easy to reach.<\/p>\n<ul>\n<li>We listen to you.<\/li>\n<li>We understand you.<\/li>\n<li>We share what you dream of.<\/li>\n<li>We craft the travel of your dreams considering the destination you choose, your interests, your budget and the desired experience.<\/li>\n<\/ul>\n<p><strong>No place will be left undiscovered with the personalized trips designed for you.<\/strong><\/p>\n<ul>\n<li><em>So, you have a limited time but there are many places you want to see. Take a look at our most comprehensive route alternatives\u2026<\/em><\/li>\n<li><em>Do not worry if you know what kind of accommodation you desire, but you don&#8217;t know what it&#8217;s called or where in the world you will find it. We will deal with everything.<\/em><\/li>\n<li><em>Does your soul need to be nourished by art? Satisfy your soul with art with our domestic or international travel suggestions!<\/em><\/li>\n<li><em>Do you know that we have no tolerance for unexpected problems in your travel? While you have just started your journey, our team, hundreds and maybe thousands of miles away, will have thought of all these details and started to put into practice what is to be done.<\/em><\/li>\n<li><em>All palatable restaurant cuisines are at your service! All you have to do is sit at your private table and enjoy the local or world delicacies.<\/em><\/li>\n<li><em>Let us notify you of the show or artist schedules in the performing arts so that you don&#8217;t miss a thing.<\/em><\/li>\n<li><em>Let&#8217;s take care of your reservation on the world&#8217;s most exclusive passenger liners to offer you the best cruise experience.<\/em><\/li>\n<\/ul>\n<p><strong>&#8220;Special ideas&#8221; for your special days and happiest moments&#8230;<\/strong><\/p>\n<p><strong>&#8220;Unique&#8221; suggestions for you to experience in the country or anywhere in the world&#8230;<\/strong><\/p>\n<p><strong>Just enjoy your happy moments in your trip specially designed for you with all the details, just leave the rest to us.<\/strong><\/p>\n<h3><a href=\"travel@julesverne.com.tr\"><strong><u>Contact us now to get your Personalized Itinerary! <\/u><\/strong><\/a><\/h3>\n<p><\/p>","protected":false},"excerpt":{"rendered":"<p>Our goal is to have you experience unique moments all over the world. Don&#8217;t live in your dreams, live your dreams. We design unique and personalized trips with our innovative experienced team of explorers and travel enthusiasts, making all destinations in the world easy to reach. We listen to you. We understand you. We share [&hellip;]<\/p>\n","protected":false},"author":1,"featured_media":17497,"parent":13,"menu_order":0,"comment_status":"closed","ping_status":"closed","template":"page-service-travel-child.php","meta":{"inline_featured_image":false,"footnotes":""},"acf":[],"yoast_head":"<!-- This site is optimized with the Yoast SEO plugin v22.3 - https:\/\/yoast.com\/wordpress\/plugins\/seo\/ -->\n<title>Personalized Travels - JULES VERNE BUSINESS MICE TRAVEL<\/title>\n<meta name=\"description\" content=\"Sizi dinliyor, hayallerinize ortak oluyor; se\u00e7ece\u011finiz destinasyona, ilgi alanlar\u0131n\u0131za, b\u00fct\u00e7enize ve ya\u015famak istedi\u011finiz deneyime g\u00f6re hayalini kurdu\u011funuz seyahat program\u0131n\u0131 haz\u0131rl\u0131yoruz. Siz sadece nerede olmak istedi\u011finizi s\u00f6yleyin, seyahatinizi ola\u011fan\u00fcst\u00fc hale getirmek bize kals\u0131n!\" \/>\n<meta name=\"robots\" content=\"index, follow, max-snippet:-1, max-image-preview:large, max-video-preview:-1\" \/>\n<link rel=\"canonical\" href=\"https:\/\/julesverne.com.tr\/jules-verne-travel\/kisiye-ozel-seyahatler\/\" \/>\n<meta property=\"og:locale\" content=\"en_US\" \/>\n<meta property=\"og:type\" content=\"article\" \/>\n<meta property=\"og:title\" content=\"[:tr]Ki\u015fiye \u00d6zel Seyahatler[:en]Personalized Travels[:] - JULES VERNE BUSINESS MICE TRAVEL\" \/>\n<meta property=\"og:description\" content=\"Sizi dinliyor, hayallerinize ortak oluyor; se\u00e7ece\u011finiz destinasyona, ilgi alanlar\u0131n\u0131za, b\u00fct\u00e7enize ve ya\u015famak istedi\u011finiz deneyime g\u00f6re hayalini kurdu\u011funuz seyahat program\u0131n\u0131 haz\u0131rl\u0131yoruz. Siz sadece nerede olmak istedi\u011finizi s\u00f6yleyin, seyahatinizi ola\u011fan\u00fcst\u00fc hale getirmek bize kals\u0131n!\" \/>\n<meta property=\"og:url\" content=\"https:\/\/julesverne.com.tr\/jules-verne-travel\/kisiye-ozel-seyahatler\/\" \/>\n<meta property=\"og:site_name\" content=\"JULES VERNE BUSINESS MICE TRAVEL\" \/>\n<meta property=\"article:publisher\" content=\"https:\/\/www.facebook.com\/JulesVerneBusinessMiceTravel\/\" \/>\n<meta property=\"article:modified_time\" content=\"2024-06-28T00:55:04+00:00\" \/>\n<meta property=\"og:image\" content=\"https:\/\/julesverne.com.tr\/wp-content\/uploads\/2024\/06\/Kisiye-Ozel.png\" \/>\n\t<meta property=\"og:image:width\" content=\"1143\" \/>\n\t<meta property=\"og:image:height\" content=\"855\" \/>\n\t<meta property=\"og:image:type\" content=\"image\/png\" \/>\n<meta name=\"twitter:card\" content=\"summary_large_image\" \/>\n<meta name=\"twitter:site\" content=\"@JV_BusinessMice\" \/>\n<meta name=\"twitter:label1\" content=\"Est. reading time\" \/>\n\t<meta name=\"twitter:data1\" content=\"2 minutes\" \/>\n<script type=\"application\/ld+json\" class=\"yoast-schema-graph\">{\"@context\":\"https:\/\/schema.org\",\"@graph\":[{\"@type\":\"WebPage\",\"@id\":\"https:\/\/julesverne.com.tr\/jules-verne-travel\/kisiye-ozel-seyahatler\/\",\"url\":\"https:\/\/julesverne.com.tr\/jules-verne-travel\/kisiye-ozel-seyahatler\/\",\"name\":\"[:tr]Ki\u015fiye \u00d6zel Seyahatler[:en]Personalized Travels[:] - JULES VERNE BUSINESS MICE TRAVEL\",\"isPartOf\":{\"@id\":\"https:\/\/julesverne.com.tr\/#website\"},\"primaryImageOfPage\":{\"@id\":\"https:\/\/julesverne.com.tr\/jules-verne-travel\/kisiye-ozel-seyahatler\/#primaryimage\"},\"image\":{\"@id\":\"https:\/\/julesverne.com.tr\/jules-verne-travel\/kisiye-ozel-seyahatler\/#primaryimage\"},\"thumbnailUrl\":\"https:\/\/julesverne.com.tr\/wp-content\/uploads\/2024\/06\/Kisiye-Ozel.png\",\"datePublished\":\"2020-06-01T11:26:09+00:00\",\"dateModified\":\"2024-06-28T00:55:04+00:00\",\"description\":\"Sizi dinliyor, hayallerinize ortak oluyor; se\u00e7ece\u011finiz destinasyona, ilgi alanlar\u0131n\u0131za, b\u00fct\u00e7enize ve ya\u015famak istedi\u011finiz deneyime g\u00f6re hayalini kurdu\u011funuz seyahat program\u0131n\u0131 haz\u0131rl\u0131yoruz. Siz sadece nerede olmak istedi\u011finizi s\u00f6yleyin, seyahatinizi ola\u011fan\u00fcst\u00fc hale getirmek bize kals\u0131n!\",\"breadcrumb\":{\"@id\":\"https:\/\/julesverne.com.tr\/jules-verne-travel\/kisiye-ozel-seyahatler\/#breadcrumb\"},\"inLanguage\":\"en-US\",\"potentialAction\":[{\"@type\":\"ReadAction\",\"target\":[\"https:\/\/julesverne.com.tr\/jules-verne-travel\/kisiye-ozel-seyahatler\/\"]}]},{\"@type\":\"ImageObject\",\"inLanguage\":\"en-US\",\"@id\":\"https:\/\/julesverne.com.tr\/jules-verne-travel\/kisiye-ozel-seyahatler\/#primaryimage\",\"url\":\"https:\/\/julesverne.com.tr\/wp-content\/uploads\/2024\/06\/Kisiye-Ozel.png\",\"contentUrl\":\"https:\/\/julesverne.com.tr\/wp-content\/uploads\/2024\/06\/Kisiye-Ozel.png\",\"width\":1143,\"height\":855},{\"@type\":\"BreadcrumbList\",\"@id\":\"https:\/\/julesverne.com.tr\/jules-verne-travel\/kisiye-ozel-seyahatler\/#breadcrumb\",\"itemListElement\":[{\"@type\":\"ListItem\",\"position\":1,\"name\":\"Anasayfa\",\"item\":\"https:\/\/julesverne.com.tr\/\"},{\"@type\":\"ListItem\",\"position\":2,\"name\":\"JULES VERNE TRAVEL\",\"item\":\"https:\/\/julesverne.com.tr\/jules-verne-travel\/\"},{\"@type\":\"ListItem\",\"position\":3,\"name\":\"Personalized Travels\"}]},{\"@type\":\"WebSite\",\"@id\":\"https:\/\/julesverne.com.tr\/#website\",\"url\":\"https:\/\/julesverne.com.tr\/\",\"name\":\"JULES VERNE BUSINESS MICE TRAVEL\",\"description\":\"\",\"publisher\":{\"@id\":\"https:\/\/julesverne.com.tr\/#organization\"},\"potentialAction\":[{\"@type\":\"SearchAction\",\"target\":{\"@type\":\"EntryPoint\",\"urlTemplate\":\"https:\/\/julesverne.com.tr\/?s={search_term_string}\"},\"query-input\":\"required name=search_term_string\"}],\"inLanguage\":\"en-US\"},{\"@type\":\"Organization\",\"@id\":\"https:\/\/julesverne.com.tr\/#organization\",\"name\":\"JULES VERNE BUSINESS MICE TRAVEL\",\"url\":\"https:\/\/julesverne.com.tr\/\",\"logo\":{\"@type\":\"ImageObject\",\"inLanguage\":\"en-US\",\"@id\":\"https:\/\/julesverne.com.tr\/#\/schema\/logo\/image\/\",\"url\":\"https:\/\/julesverne.com.tr\/wp-content\/uploads\/2020\/09\/jv-bmt-logo.png\",\"contentUrl\":\"https:\/\/julesverne.com.tr\/wp-content\/uploads\/2020\/09\/jv-bmt-logo.png\",\"width\":110,\"height\":81,\"caption\":\"JULES VERNE BUSINESS MICE TRAVEL\"},\"image\":{\"@id\":\"https:\/\/julesverne.com.tr\/#\/schema\/logo\/image\/\"},\"sameAs\":[\"https:\/\/www.facebook.com\/JulesVerneBusinessMiceTravel\/\",\"https:\/\/twitter.com\/JV_BusinessMice\",\"https:\/\/www.instagram.com\/julesvernebusinessmicetravel\/\",\"https:\/\/www.linkedin.com\/company\/julesvernebusinessmicetravel\/\",\"https:\/\/www.youtube.com\/channel\/UCAwdsmbZ6tFhu1tea6pkpiw\"]}]}<\/script>\n<!-- \/ Yoast SEO plugin. -->","yoast_head_json":{"title":"[:tr]Ki\u015fiye \u00d6zel Seyahatler[:en]Personalized Travels[:] - JULES VERNE BUSINESS MICE TRAVEL","description":"Sizi dinliyor, hayallerinize ortak oluyor; se\u00e7ece\u011finiz destinasyona, ilgi alanlar\u0131n\u0131za, b\u00fct\u00e7enize ve ya\u015famak istedi\u011finiz deneyime g\u00f6re hayalini kurdu\u011funuz seyahat program\u0131n\u0131 haz\u0131rl\u0131yoruz. Siz sadece nerede olmak istedi\u011finizi s\u00f6yleyin, seyahatinizi ola\u011fan\u00fcst\u00fc hale getirmek bize kals\u0131n!","robots":{"index":"index","follow":"follow","max-snippet":"max-snippet:-1","max-image-preview":"max-image-preview:large","max-video-preview":"max-video-preview:-1"},"canonical":"https:\/\/julesverne.com.tr\/jules-verne-travel\/kisiye-ozel-seyahatler\/","og_locale":"en_US","og_type":"article","og_title":"[:tr]Ki\u015fiye \u00d6zel Seyahatler[:en]Personalized Travels[:] - JULES VERNE BUSINESS MICE TRAVEL","og_description":"Sizi dinliyor, hayallerinize ortak oluyor; se\u00e7ece\u011finiz destinasyona, ilgi alanlar\u0131n\u0131za, b\u00fct\u00e7enize ve ya\u015famak istedi\u011finiz deneyime g\u00f6re hayalini kurdu\u011funuz seyahat program\u0131n\u0131 haz\u0131rl\u0131yoruz. Siz sadece nerede olmak istedi\u011finizi s\u00f6yleyin, seyahatinizi ola\u011fan\u00fcst\u00fc hale getirmek bize kals\u0131n!","og_url":"https:\/\/julesverne.com.tr\/jules-verne-travel\/kisiye-ozel-seyahatler\/","og_site_name":"JULES VERNE BUSINESS MICE TRAVEL","article_publisher":"https:\/\/www.facebook.com\/JulesVerneBusinessMiceTravel\/","article_modified_time":"2024-06-28T00:55:04+00:00","og_image":[{"width":1143,"height":855,"url":"https:\/\/julesverne.com.tr\/wp-content\/uploads\/2024\/06\/Kisiye-Ozel.png","type":"image\/png"}],"twitter_card":"summary_large_image","twitter_site":"@JV_BusinessMice","twitter_misc":{"Est. reading time":"2 minutes"},"schema":{"@context":"https:\/\/schema.org","@graph":[{"@type":"WebPage","@id":"https:\/\/julesverne.com.tr\/jules-verne-travel\/kisiye-ozel-seyahatler\/","url":"https:\/\/julesverne.com.tr\/jules-verne-travel\/kisiye-ozel-seyahatler\/","name":"[:tr]Ki\u015fiye \u00d6zel Seyahatler[:en]Personalized Travels[:] - JULES VERNE BUSINESS MICE TRAVEL","isPartOf":{"@id":"https:\/\/julesverne.com.tr\/#website"},"primaryImageOfPage":{"@id":"https:\/\/julesverne.com.tr\/jules-verne-travel\/kisiye-ozel-seyahatler\/#primaryimage"},"image":{"@id":"https:\/\/julesverne.com.tr\/jules-verne-travel\/kisiye-ozel-seyahatler\/#primaryimage"},"thumbnailUrl":"https:\/\/julesverne.com.tr\/wp-content\/uploads\/2024\/06\/Kisiye-Ozel.png","datePublished":"2020-06-01T11:26:09+00:00","dateModified":"2024-06-28T00:55:04+00:00","description":"Sizi dinliyor, hayallerinize ortak oluyor; se\u00e7ece\u011finiz destinasyona, ilgi alanlar\u0131n\u0131za, b\u00fct\u00e7enize ve ya\u015famak istedi\u011finiz deneyime g\u00f6re hayalini kurdu\u011funuz seyahat program\u0131n\u0131 haz\u0131rl\u0131yoruz. Siz sadece nerede olmak istedi\u011finizi s\u00f6yleyin, seyahatinizi ola\u011fan\u00fcst\u00fc hale getirmek bize kals\u0131n!","breadcrumb":{"@id":"https:\/\/julesverne.com.tr\/jules-verne-travel\/kisiye-ozel-seyahatler\/#breadcrumb"},"inLanguage":"en-US","potentialAction":[{"@type":"ReadAction","target":["https:\/\/julesverne.com.tr\/jules-verne-travel\/kisiye-ozel-seyahatler\/"]}]},{"@type":"ImageObject","inLanguage":"en-US","@id":"https:\/\/julesverne.com.tr\/jules-verne-travel\/kisiye-ozel-seyahatler\/#primaryimage","url":"https:\/\/julesverne.com.tr\/wp-content\/uploads\/2024\/06\/Kisiye-Ozel.png","contentUrl":"https:\/\/julesverne.com.tr\/wp-content\/uploads\/2024\/06\/Kisiye-Ozel.png","width":1143,"height":855},{"@type":"BreadcrumbList","@id":"https:\/\/julesverne.com.tr\/jules-verne-travel\/kisiye-ozel-seyahatler\/#breadcrumb","itemListElement":[{"@type":"ListItem","position":1,"name":"Anasayfa","item":"https:\/\/julesverne.com.tr\/"},{"@type":"ListItem","position":2,"name":"JULES VERNE TRAVEL","item":"https:\/\/julesverne.com.tr\/jules-verne-travel\/"},{"@type":"ListItem","position":3,"name":"Personalized Travels"}]},{"@type":"WebSite","@id":"https:\/\/julesverne.com.tr\/#website","url":"https:\/\/julesverne.com.tr\/","name":"JULES VERNE BUSINESS MICE TRAVEL","description":"","publisher":{"@id":"https:\/\/julesverne.com.tr\/#organization"},"potentialAction":[{"@type":"SearchAction","target":{"@type":"EntryPoint","urlTemplate":"https:\/\/julesverne.com.tr\/?s={search_term_string}"},"query-input":"required name=search_term_string"}],"inLanguage":"en-US"},{"@type":"Organization","@id":"https:\/\/julesverne.com.tr\/#organization","name":"JULES VERNE BUSINESS MICE TRAVEL","url":"https:\/\/julesverne.com.tr\/","logo":{"@type":"ImageObject","inLanguage":"en-US","@id":"https:\/\/julesverne.com.tr\/#\/schema\/logo\/image\/","url":"https:\/\/julesverne.com.tr\/wp-content\/uploads\/2020\/09\/jv-bmt-logo.png","contentUrl":"https:\/\/julesverne.com.tr\/wp-content\/uploads\/2020\/09\/jv-bmt-logo.png","width":110,"height":81,"caption":"JULES VERNE BUSINESS MICE TRAVEL"},"image":{"@id":"https:\/\/julesverne.com.tr\/#\/schema\/logo\/image\/"},"sameAs":["https:\/\/www.facebook.com\/JulesVerneBusinessMiceTravel\/","https:\/\/twitter.com\/JV_BusinessMice","https:\/\/www.instagram.com\/julesvernebusinessmicetravel\/","https:\/\/www.linkedin.com\/company\/julesvernebusinessmicetravel\/","https:\/\/www.youtube.com\/channel\/UCAwdsmbZ6tFhu1tea6pkpiw"]}]}},"_links":{"self":[{"href":"https:\/\/julesverne.com.tr\/en\/wp-json\/wp\/v2\/pages\/50"}],"collection":[{"href":"https:\/\/julesverne.com.tr\/en\/wp-json\/wp\/v2\/pages"}],"about":[{"href":"https:\/\/julesverne.com.tr\/en\/wp-json\/wp\/v2\/types\/page"}],"author":[{"embeddable":true,"href":"https:\/\/julesverne.com.tr\/en\/wp-json\/wp\/v2\/users\/1"}],"replies":[{"embeddable":true,"href":"https:\/\/julesverne.com.tr\/en\/wp-json\/wp\/v2\/comments?post=50"}],"version-history":[{"count":4,"href":"https:\/\/julesverne.com.tr\/en\/wp-json\/wp\/v2\/pages\/50\/revisions"}],"predecessor-version":[{"id":17543,"href":"https:\/\/julesverne.com.tr\/en\/wp-json\/wp\/v2\/pages\/50\/revisions\/17543"}],"up":[{"embeddable":true,"href":"https:\/\/julesverne.com.tr\/en\/wp-json\/wp\/v2\/pages\/13"}],"wp:featuredmedia":[{"embeddable":true,"href":"https:\/\/julesverne.com.tr\/en\/wp-json\/wp\/v2\/media\/17497"}],"wp:attachment":[{"href":"https:\/\/julesverne.com.tr\/en\/wp-json\/wp\/v2\/media?parent=50"}],"curies":[{"name":"wp","href":"https:\/\/api.w.org\/{rel}","templated":true}]}}