{"id":48,"date":"2020-06-01T14:25:35","date_gmt":"2020-06-01T11:25:35","guid":{"rendered":"https:\/\/www.julesverne.com.tr\/\/?page_id=48"},"modified":"2024-06-28T00:56:42","modified_gmt":"2024-06-27T21:56:42","slug":"creative-events","status":"publish","type":"page","link":"https:\/\/julesverne.com.tr\/en\/jules-verne-mice\/creative-events\/","title":{"rendered":"CREATIVE EVENTS"},"content":{"rendered":"<p><strong>We take care to listen to you, understand what you would like to see, live and dream of and bring into life the projects you would call &#8220;this is it&#8221; and feel the joy of success deep inside, thanks to our imagination knowing no limits.<\/strong><\/p>\n<p><strong>\u201c<\/strong><strong>Imagination is the beginning of creation. You imagine what you desire, you will what you imagine and at last you create what you will.\u201d. <\/strong><em>Bernard Shaw<\/em><\/p>\n<p>We continue leave traces on more brands and persons with our curious, researching, creative, excited, dynamic, solution-oriented teams both inspired by the future and know how to listen and are able to put forth new ideas.\u00a0\u00a0 We bring into life the projects making all the difference with our services of creating concepts, development and implementation, content management and production presentation.<\/p>\n<ul>\n<li>Opening and groundbreaking ceremonies<\/li>\n<li>Social responsibility projects<\/li>\n<li>Roadshow organizations<\/li>\n<li>Gala dinners and concept parties<\/li>\n<li>Festivals and concert organizations<\/li>\n<li>Sports, arts and cultural events<\/li>\n<li>Shopping mall, bush-fighter and field activities<\/li>\n<\/ul>\n<p>&nbsp;<\/p>","protected":false},"excerpt":{"rendered":"<p>We take care to listen to you, understand what you would like to see, live and dream of and bring into life the projects you would call &#8220;this is it&#8221; and feel the joy of success deep inside, thanks to our imagination knowing no limits. \u201cImagination is the beginning of creation. You imagine what you [&hellip;]<\/p>\n","protected":false},"author":1,"featured_media":6597,"parent":11,"menu_order":0,"comment_status":"closed","ping_status":"closed","template":"page-service-mice-child.php","meta":{"inline_featured_image":false,"footnotes":""},"acf":[],"yoast_head":"<!-- This site is optimized with the Yoast SEO plugin v22.3 - https:\/\/yoast.com\/wordpress\/plugins\/seo\/ -->\n<title>CREATIVE EVENTS - JULES VERNE BUSINESS MICE TRAVEL<\/title>\n<meta name=\"description\" content=\"Konsept olu\u015fturma, geli\u015ftirme ve uygulama hizmetlerimiz; i\u00e7erik y\u00f6netimi ve prod\u00fcksiyon sunum hizmetlerimiz ile fark yaratan projeleri hayata ge\u00e7iriyoruz.\" \/>\n<meta name=\"robots\" content=\"index, follow, max-snippet:-1, max-image-preview:large, max-video-preview:-1\" \/>\n<link rel=\"canonical\" href=\"https:\/\/julesverne.com.tr\/jules-verne-mice\/creative-events\/\" \/>\n<meta property=\"og:locale\" content=\"en_US\" \/>\n<meta property=\"og:type\" content=\"article\" \/>\n<meta property=\"og:title\" content=\"[:tr]KREAT\u0130F ETK\u0130NL\u0130KLER VE YURT \u0130\u00c7\u0130 ORGAN\u0130ZASYONLAR[:en]CREATIVE EVENTS[:] - JULES VERNE BUSINESS MICE TRAVEL\" \/>\n<meta property=\"og:description\" content=\"Konsept olu\u015fturma, geli\u015ftirme ve uygulama hizmetlerimiz; i\u00e7erik y\u00f6netimi ve prod\u00fcksiyon sunum hizmetlerimiz ile fark yaratan projeleri hayata ge\u00e7iriyoruz.\" \/>\n<meta property=\"og:url\" content=\"https:\/\/julesverne.com.tr\/jules-verne-mice\/creative-events\/\" \/>\n<meta property=\"og:site_name\" content=\"JULES VERNE BUSINESS MICE TRAVEL\" \/>\n<meta property=\"article:publisher\" content=\"https:\/\/www.facebook.com\/JulesVerneBusinessMiceTravel\/\" \/>\n<meta property=\"article:modified_time\" content=\"2024-06-27T21:56:42+00:00\" \/>\n<meta property=\"og:image\" content=\"https:\/\/julesverne.com.tr\/wp-content\/uploads\/2021\/02\/520x375_creative_events_banner.jpg\" \/>\n\t<meta property=\"og:image:width\" content=\"520\" \/>\n\t<meta property=\"og:image:height\" content=\"375\" \/>\n\t<meta property=\"og:image:type\" content=\"image\/jpeg\" \/>\n<meta name=\"twitter:card\" content=\"summary_large_image\" \/>\n<meta name=\"twitter:site\" content=\"@JV_BusinessMice\" \/>\n<meta name=\"twitter:label1\" content=\"Est. reading time\" \/>\n\t<meta name=\"twitter:data1\" content=\"1 minute\" \/>\n<script type=\"application\/ld+json\" class=\"yoast-schema-graph\">{\"@context\":\"https:\/\/schema.org\",\"@graph\":[{\"@type\":\"WebPage\",\"@id\":\"https:\/\/julesverne.com.tr\/jules-verne-mice\/creative-events\/\",\"url\":\"https:\/\/julesverne.com.tr\/jules-verne-mice\/creative-events\/\",\"name\":\"[:tr]KREAT\u0130F ETK\u0130NL\u0130KLER VE YURT \u0130\u00c7\u0130 ORGAN\u0130ZASYONLAR[:en]CREATIVE EVENTS[:] - JULES VERNE BUSINESS MICE TRAVEL\",\"isPartOf\":{\"@id\":\"https:\/\/julesverne.com.tr\/#website\"},\"primaryImageOfPage\":{\"@id\":\"https:\/\/julesverne.com.tr\/jules-verne-mice\/creative-events\/#primaryimage\"},\"image\":{\"@id\":\"https:\/\/julesverne.com.tr\/jules-verne-mice\/creative-events\/#primaryimage\"},\"thumbnailUrl\":\"https:\/\/julesverne.com.tr\/wp-content\/uploads\/2021\/02\/520x375_creative_events_banner.jpg\",\"datePublished\":\"2020-06-01T11:25:35+00:00\",\"dateModified\":\"2024-06-27T21:56:42+00:00\",\"description\":\"Konsept olu\u015fturma, geli\u015ftirme ve uygulama hizmetlerimiz; i\u00e7erik y\u00f6netimi ve prod\u00fcksiyon sunum hizmetlerimiz ile fark yaratan projeleri hayata ge\u00e7iriyoruz.\",\"breadcrumb\":{\"@id\":\"https:\/\/julesverne.com.tr\/jules-verne-mice\/creative-events\/#breadcrumb\"},\"inLanguage\":\"en-US\",\"potentialAction\":[{\"@type\":\"ReadAction\",\"target\":[\"https:\/\/julesverne.com.tr\/jules-verne-mice\/creative-events\/\"]}]},{\"@type\":\"ImageObject\",\"inLanguage\":\"en-US\",\"@id\":\"https:\/\/julesverne.com.tr\/jules-verne-mice\/creative-events\/#primaryimage\",\"url\":\"https:\/\/julesverne.com.tr\/wp-content\/uploads\/2021\/02\/520x375_creative_events_banner.jpg\",\"contentUrl\":\"https:\/\/julesverne.com.tr\/wp-content\/uploads\/2021\/02\/520x375_creative_events_banner.jpg\",\"width\":520,\"height\":375},{\"@type\":\"BreadcrumbList\",\"@id\":\"https:\/\/julesverne.com.tr\/jules-verne-mice\/creative-events\/#breadcrumb\",\"itemListElement\":[{\"@type\":\"ListItem\",\"position\":1,\"name\":\"Anasayfa\",\"item\":\"https:\/\/julesverne.com.tr\/\"},{\"@type\":\"ListItem\",\"position\":2,\"name\":\"JULES VERNE MICE\",\"item\":\"https:\/\/julesverne.com.tr\/jules-verne-mice\/\"},{\"@type\":\"ListItem\",\"position\":3,\"name\":\"KREAT\u0130F ETK\u0130NL\u0130KLER VE YURT \u0130\u00c7\u0130 ORGAN\u0130ZASYONLAR\"}]},{\"@type\":\"WebSite\",\"@id\":\"https:\/\/julesverne.com.tr\/#website\",\"url\":\"https:\/\/julesverne.com.tr\/\",\"name\":\"JULES VERNE BUSINESS MICE TRAVEL\",\"description\":\"\",\"publisher\":{\"@id\":\"https:\/\/julesverne.com.tr\/#organization\"},\"potentialAction\":[{\"@type\":\"SearchAction\",\"target\":{\"@type\":\"EntryPoint\",\"urlTemplate\":\"https:\/\/julesverne.com.tr\/?s={search_term_string}\"},\"query-input\":\"required name=search_term_string\"}],\"inLanguage\":\"en-US\"},{\"@type\":\"Organization\",\"@id\":\"https:\/\/julesverne.com.tr\/#organization\",\"name\":\"JULES VERNE BUSINESS MICE TRAVEL\",\"url\":\"https:\/\/julesverne.com.tr\/\",\"logo\":{\"@type\":\"ImageObject\",\"inLanguage\":\"en-US\",\"@id\":\"https:\/\/julesverne.com.tr\/#\/schema\/logo\/image\/\",\"url\":\"https:\/\/julesverne.com.tr\/wp-content\/uploads\/2020\/09\/jv-bmt-logo.png\",\"contentUrl\":\"https:\/\/julesverne.com.tr\/wp-content\/uploads\/2020\/09\/jv-bmt-logo.png\",\"width\":110,\"height\":81,\"caption\":\"JULES VERNE BUSINESS MICE TRAVEL\"},\"image\":{\"@id\":\"https:\/\/julesverne.com.tr\/#\/schema\/logo\/image\/\"},\"sameAs\":[\"https:\/\/www.facebook.com\/JulesVerneBusinessMiceTravel\/\",\"https:\/\/twitter.com\/JV_BusinessMice\",\"https:\/\/www.instagram.com\/julesvernebusinessmicetravel\/\",\"https:\/\/www.linkedin.com\/company\/julesvernebusinessmicetravel\/\",\"https:\/\/www.youtube.com\/channel\/UCAwdsmbZ6tFhu1tea6pkpiw\"]}]}<\/script>\n<!-- \/ Yoast SEO plugin. -->","yoast_head_json":{"title":"[:tr]KREAT\u0130F ETK\u0130NL\u0130KLER VE YURT \u0130\u00c7\u0130 ORGAN\u0130ZASYONLAR[:en]CREATIVE EVENTS[:] - JULES VERNE BUSINESS MICE TRAVEL","description":"Konsept olu\u015fturma, geli\u015ftirme ve uygulama hizmetlerimiz; i\u00e7erik y\u00f6netimi ve prod\u00fcksiyon sunum hizmetlerimiz ile fark yaratan projeleri hayata ge\u00e7iriyoruz.","robots":{"index":"index","follow":"follow","max-snippet":"max-snippet:-1","max-image-preview":"max-image-preview:large","max-video-preview":"max-video-preview:-1"},"canonical":"https:\/\/julesverne.com.tr\/jules-verne-mice\/creative-events\/","og_locale":"en_US","og_type":"article","og_title":"[:tr]KREAT\u0130F ETK\u0130NL\u0130KLER VE YURT \u0130\u00c7\u0130 ORGAN\u0130ZASYONLAR[:en]CREATIVE EVENTS[:] - JULES VERNE BUSINESS MICE TRAVEL","og_description":"Konsept olu\u015fturma, geli\u015ftirme ve uygulama hizmetlerimiz; i\u00e7erik y\u00f6netimi ve prod\u00fcksiyon sunum hizmetlerimiz ile fark yaratan projeleri hayata ge\u00e7iriyoruz.","og_url":"https:\/\/julesverne.com.tr\/jules-verne-mice\/creative-events\/","og_site_name":"JULES VERNE BUSINESS MICE TRAVEL","article_publisher":"https:\/\/www.facebook.com\/JulesVerneBusinessMiceTravel\/","article_modified_time":"2024-06-27T21:56:42+00:00","og_image":[{"width":520,"height":375,"url":"https:\/\/julesverne.com.tr\/wp-content\/uploads\/2021\/02\/520x375_creative_events_banner.jpg","type":"image\/jpeg"}],"twitter_card":"summary_large_image","twitter_site":"@JV_BusinessMice","twitter_misc":{"Est. reading time":"1 minute"},"schema":{"@context":"https:\/\/schema.org","@graph":[{"@type":"WebPage","@id":"https:\/\/julesverne.com.tr\/jules-verne-mice\/creative-events\/","url":"https:\/\/julesverne.com.tr\/jules-verne-mice\/creative-events\/","name":"[:tr]KREAT\u0130F ETK\u0130NL\u0130KLER VE YURT \u0130\u00c7\u0130 ORGAN\u0130ZASYONLAR[:en]CREATIVE EVENTS[:] - JULES VERNE BUSINESS MICE TRAVEL","isPartOf":{"@id":"https:\/\/julesverne.com.tr\/#website"},"primaryImageOfPage":{"@id":"https:\/\/julesverne.com.tr\/jules-verne-mice\/creative-events\/#primaryimage"},"image":{"@id":"https:\/\/julesverne.com.tr\/jules-verne-mice\/creative-events\/#primaryimage"},"thumbnailUrl":"https:\/\/julesverne.com.tr\/wp-content\/uploads\/2021\/02\/520x375_creative_events_banner.jpg","datePublished":"2020-06-01T11:25:35+00:00","dateModified":"2024-06-27T21:56:42+00:00","description":"Konsept olu\u015fturma, geli\u015ftirme ve uygulama hizmetlerimiz; i\u00e7erik y\u00f6netimi ve prod\u00fcksiyon sunum hizmetlerimiz ile fark yaratan projeleri hayata ge\u00e7iriyoruz.","breadcrumb":{"@id":"https:\/\/julesverne.com.tr\/jules-verne-mice\/creative-events\/#breadcrumb"},"inLanguage":"en-US","potentialAction":[{"@type":"ReadAction","target":["https:\/\/julesverne.com.tr\/jules-verne-mice\/creative-events\/"]}]},{"@type":"ImageObject","inLanguage":"en-US","@id":"https:\/\/julesverne.com.tr\/jules-verne-mice\/creative-events\/#primaryimage","url":"https:\/\/julesverne.com.tr\/wp-content\/uploads\/2021\/02\/520x375_creative_events_banner.jpg","contentUrl":"https:\/\/julesverne.com.tr\/wp-content\/uploads\/2021\/02\/520x375_creative_events_banner.jpg","width":520,"height":375},{"@type":"BreadcrumbList","@id":"https:\/\/julesverne.com.tr\/jules-verne-mice\/creative-events\/#breadcrumb","itemListElement":[{"@type":"ListItem","position":1,"name":"Anasayfa","item":"https:\/\/julesverne.com.tr\/"},{"@type":"ListItem","position":2,"name":"JULES VERNE MICE","item":"https:\/\/julesverne.com.tr\/jules-verne-mice\/"},{"@type":"ListItem","position":3,"name":"KREAT\u0130F ETK\u0130NL\u0130KLER VE YURT \u0130\u00c7\u0130 ORGAN\u0130ZASYONLAR"}]},{"@type":"WebSite","@id":"https:\/\/julesverne.com.tr\/#website","url":"https:\/\/julesverne.com.tr\/","name":"JULES VERNE BUSINESS MICE TRAVEL","description":"","publisher":{"@id":"https:\/\/julesverne.com.tr\/#organization"},"potentialAction":[{"@type":"SearchAction","target":{"@type":"EntryPoint","urlTemplate":"https:\/\/julesverne.com.tr\/?s={search_term_string}"},"query-input":"required name=search_term_string"}],"inLanguage":"en-US"},{"@type":"Organization","@id":"https:\/\/julesverne.com.tr\/#organization","name":"JULES VERNE BUSINESS MICE TRAVEL","url":"https:\/\/julesverne.com.tr\/","logo":{"@type":"ImageObject","inLanguage":"en-US","@id":"https:\/\/julesverne.com.tr\/#\/schema\/logo\/image\/","url":"https:\/\/julesverne.com.tr\/wp-content\/uploads\/2020\/09\/jv-bmt-logo.png","contentUrl":"https:\/\/julesverne.com.tr\/wp-content\/uploads\/2020\/09\/jv-bmt-logo.png","width":110,"height":81,"caption":"JULES VERNE BUSINESS MICE TRAVEL"},"image":{"@id":"https:\/\/julesverne.com.tr\/#\/schema\/logo\/image\/"},"sameAs":["https:\/\/www.facebook.com\/JulesVerneBusinessMiceTravel\/","https:\/\/twitter.com\/JV_BusinessMice","https:\/\/www.instagram.com\/julesvernebusinessmicetravel\/","https:\/\/www.linkedin.com\/company\/julesvernebusinessmicetravel\/","https:\/\/www.youtube.com\/channel\/UCAwdsmbZ6tFhu1tea6pkpiw"]}]}},"_links":{"self":[{"href":"https:\/\/julesverne.com.tr\/en\/wp-json\/wp\/v2\/pages\/48"}],"collection":[{"href":"https:\/\/julesverne.com.tr\/en\/wp-json\/wp\/v2\/pages"}],"about":[{"href":"https:\/\/julesverne.com.tr\/en\/wp-json\/wp\/v2\/types\/page"}],"author":[{"embeddable":true,"href":"https:\/\/julesverne.com.tr\/en\/wp-json\/wp\/v2\/users\/1"}],"replies":[{"embeddable":true,"href":"https:\/\/julesverne.com.tr\/en\/wp-json\/wp\/v2\/comments?post=48"}],"version-history":[{"count":3,"href":"https:\/\/julesverne.com.tr\/en\/wp-json\/wp\/v2\/pages\/48\/revisions"}],"predecessor-version":[{"id":17472,"href":"https:\/\/julesverne.com.tr\/en\/wp-json\/wp\/v2\/pages\/48\/revisions\/17472"}],"up":[{"embeddable":true,"href":"https:\/\/julesverne.com.tr\/en\/wp-json\/wp\/v2\/pages\/11"}],"wp:featuredmedia":[{"embeddable":true,"href":"https:\/\/julesverne.com.tr\/en\/wp-json\/wp\/v2\/media\/6597"}],"wp:attachment":[{"href":"https:\/\/julesverne.com.tr\/en\/wp-json\/wp\/v2\/media?parent=48"}],"curies":[{"name":"wp","href":"https:\/\/api.w.org\/{rel}","templated":true}]}}