{"id":42,"date":"2020-06-01T14:23:45","date_gmt":"2020-06-01T11:23:45","guid":{"rendered":"https:\/\/www.julesverne.com.tr\/\/?page_id=42"},"modified":"2024-06-28T00:21:16","modified_gmt":"2024-06-27T21:21:16","slug":"jvsmart","status":"publish","type":"page","link":"https:\/\/julesverne.com.tr\/en\/jules-verne-business\/jvsmart\/","title":{"rendered":"JVSMART"},"content":{"rendered":"<p><img loading=\"lazy\" decoding=\"async\" class=\"size-full wp-image-6542 alignnone\" src=\"https:\/\/www.julesverne.com.tr\/\/wp-content\/uploads\/2021\/02\/jv-smart-logo.png\" alt=\"\" width=\"399\" height=\"105\" \/><\/p>\n<p>Corporate Travel management is not easy. At a time when speed and mobility are essential, Jules Verne is resolving this challenge for its corporate customers with a new product. Your company can now start using <strong>JVSMART <\/strong>and enjoy the following benefits right away:<\/p>\n<ul>\n<li>Opportunity to book and purchase 24\/7 domestic and international accommodation and flight tickets<\/li>\n<li>Access to competitive hotel rates around the world with over 900 airline services<\/li>\n<li>Uploading company travel policies to the system and enabling them to be controlled by managers<\/li>\n<li>Online management of company travel and price approval mechanisms<\/li>\n<li>Making purchases with company current account<\/li>\n<li>You can receive reports at any time desired, which is a fine advantage you can benefit from.<\/li>\n<\/ul>\n<p>Contact us for more details and demo requests\u2026<\/p>\n<p><strong>For detailed information and demo requests:<\/strong>\u00a0<strong><a href=\"mailto:jvsmart@julesverne.com.tr\">jvsmart@julesverne.com.tr<\/a><\/strong><\/p>","protected":false},"excerpt":{"rendered":"<p>Corporate Travel management is not easy. At a time when speed and mobility are essential, Jules Verne is resolving this challenge for its corporate customers with a new product. Your company can now start using JVSMART and enjoy the following benefits right away: Opportunity to book and purchase 24\/7 domestic and international accommodation and flight [&hellip;]<\/p>\n","protected":false},"author":1,"featured_media":6612,"parent":9,"menu_order":99,"comment_status":"closed","ping_status":"closed","template":"page-service-business-child.php","meta":{"inline_featured_image":false,"footnotes":""},"acf":[],"yoast_head":"<!-- This site is optimized with the Yoast SEO plugin v22.3 - https:\/\/yoast.com\/wordpress\/plugins\/seo\/ -->\n<title>JVSMART - JULES VERNE BUSINESS MICE TRAVEL<\/title>\n<meta name=\"description\" content=\"Kurumsal Seyahatlerinizi Online Y\u00f6netin! Yurt i\u00e7i, yurt d\u0131\u015f\u0131 t\u00fcm u\u00e7ak bileti &amp; konaklama rezervasyon ve sat\u0131n almalar\u0131n\u0131z\u0131, seyahat politikalar\u0131n\u0131z \u00e7er\u00e7evesinde h\u0131zl\u0131 ve g\u00fcvenli bir \u015fekilde 7\/24 y\u00f6netebilece\u011finiz platformumuz JVSMART ile tan\u0131\u015f\u0131n!\" \/>\n<meta name=\"robots\" content=\"index, follow, max-snippet:-1, max-image-preview:large, max-video-preview:-1\" \/>\n<link rel=\"canonical\" href=\"https:\/\/julesverne.com.tr\/jules-verne-business\/jvsmart\/\" \/>\n<meta property=\"og:locale\" content=\"en_US\" \/>\n<meta property=\"og:type\" content=\"article\" \/>\n<meta property=\"og:title\" content=\"JVSMART - JULES VERNE BUSINESS MICE TRAVEL\" \/>\n<meta property=\"og:description\" content=\"Kurumsal Seyahatlerinizi Online Y\u00f6netin! Yurt i\u00e7i, yurt d\u0131\u015f\u0131 t\u00fcm u\u00e7ak bileti &amp; konaklama rezervasyon ve sat\u0131n almalar\u0131n\u0131z\u0131, seyahat politikalar\u0131n\u0131z \u00e7er\u00e7evesinde h\u0131zl\u0131 ve g\u00fcvenli bir \u015fekilde 7\/24 y\u00f6netebilece\u011finiz platformumuz JVSMART ile tan\u0131\u015f\u0131n!\" \/>\n<meta property=\"og:url\" content=\"https:\/\/julesverne.com.tr\/jules-verne-business\/jvsmart\/\" \/>\n<meta property=\"og:site_name\" content=\"JULES VERNE BUSINESS MICE TRAVEL\" \/>\n<meta property=\"article:publisher\" content=\"https:\/\/www.facebook.com\/JulesVerneBusinessMiceTravel\/\" \/>\n<meta property=\"article:modified_time\" content=\"2024-06-27T21:21:16+00:00\" \/>\n<meta property=\"og:image\" content=\"https:\/\/julesverne.com.tr\/wp-content\/uploads\/2021\/02\/1140x400_jvsmart_banner.jpg\" \/>\n\t<meta property=\"og:image:width\" content=\"1140\" \/>\n\t<meta property=\"og:image:height\" content=\"400\" \/>\n\t<meta property=\"og:image:type\" content=\"image\/jpeg\" \/>\n<meta name=\"twitter:card\" content=\"summary_large_image\" \/>\n<meta name=\"twitter:site\" content=\"@JV_BusinessMice\" \/>\n<meta name=\"twitter:label1\" content=\"Est. reading time\" \/>\n\t<meta name=\"twitter:data1\" content=\"3 minutes\" \/>\n<script type=\"application\/ld+json\" class=\"yoast-schema-graph\">{\"@context\":\"https:\/\/schema.org\",\"@graph\":[{\"@type\":\"WebPage\",\"@id\":\"https:\/\/julesverne.com.tr\/jules-verne-business\/jvsmart\/\",\"url\":\"https:\/\/julesverne.com.tr\/jules-verne-business\/jvsmart\/\",\"name\":\"JVSMART - JULES VERNE BUSINESS MICE TRAVEL\",\"isPartOf\":{\"@id\":\"https:\/\/julesverne.com.tr\/#website\"},\"primaryImageOfPage\":{\"@id\":\"https:\/\/julesverne.com.tr\/jules-verne-business\/jvsmart\/#primaryimage\"},\"image\":{\"@id\":\"https:\/\/julesverne.com.tr\/jules-verne-business\/jvsmart\/#primaryimage\"},\"thumbnailUrl\":\"https:\/\/julesverne.com.tr\/wp-content\/uploads\/2021\/02\/1140x400_jvsmart_banner.jpg\",\"datePublished\":\"2020-06-01T11:23:45+00:00\",\"dateModified\":\"2024-06-27T21:21:16+00:00\",\"description\":\"Kurumsal Seyahatlerinizi Online Y\u00f6netin! Yurt i\u00e7i, yurt d\u0131\u015f\u0131 t\u00fcm u\u00e7ak bileti & konaklama rezervasyon ve sat\u0131n almalar\u0131n\u0131z\u0131, seyahat politikalar\u0131n\u0131z \u00e7er\u00e7evesinde h\u0131zl\u0131 ve g\u00fcvenli bir \u015fekilde 7\/24 y\u00f6netebilece\u011finiz platformumuz JVSMART ile tan\u0131\u015f\u0131n!\",\"breadcrumb\":{\"@id\":\"https:\/\/julesverne.com.tr\/jules-verne-business\/jvsmart\/#breadcrumb\"},\"inLanguage\":\"en-US\",\"potentialAction\":[{\"@type\":\"ReadAction\",\"target\":[\"https:\/\/julesverne.com.tr\/jules-verne-business\/jvsmart\/\"]}]},{\"@type\":\"ImageObject\",\"inLanguage\":\"en-US\",\"@id\":\"https:\/\/julesverne.com.tr\/jules-verne-business\/jvsmart\/#primaryimage\",\"url\":\"https:\/\/julesverne.com.tr\/wp-content\/uploads\/2021\/02\/1140x400_jvsmart_banner.jpg\",\"contentUrl\":\"https:\/\/julesverne.com.tr\/wp-content\/uploads\/2021\/02\/1140x400_jvsmart_banner.jpg\",\"width\":1140,\"height\":400},{\"@type\":\"BreadcrumbList\",\"@id\":\"https:\/\/julesverne.com.tr\/jules-verne-business\/jvsmart\/#breadcrumb\",\"itemListElement\":[{\"@type\":\"ListItem\",\"position\":1,\"name\":\"Anasayfa\",\"item\":\"https:\/\/julesverne.com.tr\/\"},{\"@type\":\"ListItem\",\"position\":2,\"name\":\"JULES VERNE BUSINESS\",\"item\":\"https:\/\/julesverne.com.tr\/jules-verne-business\/\"},{\"@type\":\"ListItem\",\"position\":3,\"name\":\"JVSMART\"}]},{\"@type\":\"WebSite\",\"@id\":\"https:\/\/julesverne.com.tr\/#website\",\"url\":\"https:\/\/julesverne.com.tr\/\",\"name\":\"JULES VERNE BUSINESS MICE TRAVEL\",\"description\":\"\",\"publisher\":{\"@id\":\"https:\/\/julesverne.com.tr\/#organization\"},\"potentialAction\":[{\"@type\":\"SearchAction\",\"target\":{\"@type\":\"EntryPoint\",\"urlTemplate\":\"https:\/\/julesverne.com.tr\/?s={search_term_string}\"},\"query-input\":\"required name=search_term_string\"}],\"inLanguage\":\"en-US\"},{\"@type\":\"Organization\",\"@id\":\"https:\/\/julesverne.com.tr\/#organization\",\"name\":\"JULES VERNE BUSINESS MICE TRAVEL\",\"url\":\"https:\/\/julesverne.com.tr\/\",\"logo\":{\"@type\":\"ImageObject\",\"inLanguage\":\"en-US\",\"@id\":\"https:\/\/julesverne.com.tr\/#\/schema\/logo\/image\/\",\"url\":\"https:\/\/julesverne.com.tr\/wp-content\/uploads\/2020\/09\/jv-bmt-logo.png\",\"contentUrl\":\"https:\/\/julesverne.com.tr\/wp-content\/uploads\/2020\/09\/jv-bmt-logo.png\",\"width\":110,\"height\":81,\"caption\":\"JULES VERNE BUSINESS MICE TRAVEL\"},\"image\":{\"@id\":\"https:\/\/julesverne.com.tr\/#\/schema\/logo\/image\/\"},\"sameAs\":[\"https:\/\/www.facebook.com\/JulesVerneBusinessMiceTravel\/\",\"https:\/\/twitter.com\/JV_BusinessMice\",\"https:\/\/www.instagram.com\/julesvernebusinessmicetravel\/\",\"https:\/\/www.linkedin.com\/company\/julesvernebusinessmicetravel\/\",\"https:\/\/www.youtube.com\/channel\/UCAwdsmbZ6tFhu1tea6pkpiw\"]}]}<\/script>\n<!-- \/ Yoast SEO plugin. -->","yoast_head_json":{"title":"JVSMART - JULES VERNE BUSINESS MICE TRAVEL","description":"Kurumsal Seyahatlerinizi Online Y\u00f6netin! Yurt i\u00e7i, yurt d\u0131\u015f\u0131 t\u00fcm u\u00e7ak bileti & konaklama rezervasyon ve sat\u0131n almalar\u0131n\u0131z\u0131, seyahat politikalar\u0131n\u0131z \u00e7er\u00e7evesinde h\u0131zl\u0131 ve g\u00fcvenli bir \u015fekilde 7\/24 y\u00f6netebilece\u011finiz platformumuz JVSMART ile tan\u0131\u015f\u0131n!","robots":{"index":"index","follow":"follow","max-snippet":"max-snippet:-1","max-image-preview":"max-image-preview:large","max-video-preview":"max-video-preview:-1"},"canonical":"https:\/\/julesverne.com.tr\/jules-verne-business\/jvsmart\/","og_locale":"en_US","og_type":"article","og_title":"JVSMART - JULES VERNE BUSINESS MICE TRAVEL","og_description":"Kurumsal Seyahatlerinizi Online Y\u00f6netin! Yurt i\u00e7i, yurt d\u0131\u015f\u0131 t\u00fcm u\u00e7ak bileti & konaklama rezervasyon ve sat\u0131n almalar\u0131n\u0131z\u0131, seyahat politikalar\u0131n\u0131z \u00e7er\u00e7evesinde h\u0131zl\u0131 ve g\u00fcvenli bir \u015fekilde 7\/24 y\u00f6netebilece\u011finiz platformumuz JVSMART ile tan\u0131\u015f\u0131n!","og_url":"https:\/\/julesverne.com.tr\/jules-verne-business\/jvsmart\/","og_site_name":"JULES VERNE BUSINESS MICE TRAVEL","article_publisher":"https:\/\/www.facebook.com\/JulesVerneBusinessMiceTravel\/","article_modified_time":"2024-06-27T21:21:16+00:00","og_image":[{"width":1140,"height":400,"url":"https:\/\/julesverne.com.tr\/wp-content\/uploads\/2021\/02\/1140x400_jvsmart_banner.jpg","type":"image\/jpeg"}],"twitter_card":"summary_large_image","twitter_site":"@JV_BusinessMice","twitter_misc":{"Est. reading time":"3 minutes"},"schema":{"@context":"https:\/\/schema.org","@graph":[{"@type":"WebPage","@id":"https:\/\/julesverne.com.tr\/jules-verne-business\/jvsmart\/","url":"https:\/\/julesverne.com.tr\/jules-verne-business\/jvsmart\/","name":"JVSMART - JULES VERNE BUSINESS MICE TRAVEL","isPartOf":{"@id":"https:\/\/julesverne.com.tr\/#website"},"primaryImageOfPage":{"@id":"https:\/\/julesverne.com.tr\/jules-verne-business\/jvsmart\/#primaryimage"},"image":{"@id":"https:\/\/julesverne.com.tr\/jules-verne-business\/jvsmart\/#primaryimage"},"thumbnailUrl":"https:\/\/julesverne.com.tr\/wp-content\/uploads\/2021\/02\/1140x400_jvsmart_banner.jpg","datePublished":"2020-06-01T11:23:45+00:00","dateModified":"2024-06-27T21:21:16+00:00","description":"Kurumsal Seyahatlerinizi Online Y\u00f6netin! Yurt i\u00e7i, yurt d\u0131\u015f\u0131 t\u00fcm u\u00e7ak bileti & konaklama rezervasyon ve sat\u0131n almalar\u0131n\u0131z\u0131, seyahat politikalar\u0131n\u0131z \u00e7er\u00e7evesinde h\u0131zl\u0131 ve g\u00fcvenli bir \u015fekilde 7\/24 y\u00f6netebilece\u011finiz platformumuz JVSMART ile tan\u0131\u015f\u0131n!","breadcrumb":{"@id":"https:\/\/julesverne.com.tr\/jules-verne-business\/jvsmart\/#breadcrumb"},"inLanguage":"en-US","potentialAction":[{"@type":"ReadAction","target":["https:\/\/julesverne.com.tr\/jules-verne-business\/jvsmart\/"]}]},{"@type":"ImageObject","inLanguage":"en-US","@id":"https:\/\/julesverne.com.tr\/jules-verne-business\/jvsmart\/#primaryimage","url":"https:\/\/julesverne.com.tr\/wp-content\/uploads\/2021\/02\/1140x400_jvsmart_banner.jpg","contentUrl":"https:\/\/julesverne.com.tr\/wp-content\/uploads\/2021\/02\/1140x400_jvsmart_banner.jpg","width":1140,"height":400},{"@type":"BreadcrumbList","@id":"https:\/\/julesverne.com.tr\/jules-verne-business\/jvsmart\/#breadcrumb","itemListElement":[{"@type":"ListItem","position":1,"name":"Anasayfa","item":"https:\/\/julesverne.com.tr\/"},{"@type":"ListItem","position":2,"name":"JULES VERNE BUSINESS","item":"https:\/\/julesverne.com.tr\/jules-verne-business\/"},{"@type":"ListItem","position":3,"name":"JVSMART"}]},{"@type":"WebSite","@id":"https:\/\/julesverne.com.tr\/#website","url":"https:\/\/julesverne.com.tr\/","name":"JULES VERNE BUSINESS MICE TRAVEL","description":"","publisher":{"@id":"https:\/\/julesverne.com.tr\/#organization"},"potentialAction":[{"@type":"SearchAction","target":{"@type":"EntryPoint","urlTemplate":"https:\/\/julesverne.com.tr\/?s={search_term_string}"},"query-input":"required name=search_term_string"}],"inLanguage":"en-US"},{"@type":"Organization","@id":"https:\/\/julesverne.com.tr\/#organization","name":"JULES VERNE BUSINESS MICE TRAVEL","url":"https:\/\/julesverne.com.tr\/","logo":{"@type":"ImageObject","inLanguage":"en-US","@id":"https:\/\/julesverne.com.tr\/#\/schema\/logo\/image\/","url":"https:\/\/julesverne.com.tr\/wp-content\/uploads\/2020\/09\/jv-bmt-logo.png","contentUrl":"https:\/\/julesverne.com.tr\/wp-content\/uploads\/2020\/09\/jv-bmt-logo.png","width":110,"height":81,"caption":"JULES VERNE BUSINESS MICE TRAVEL"},"image":{"@id":"https:\/\/julesverne.com.tr\/#\/schema\/logo\/image\/"},"sameAs":["https:\/\/www.facebook.com\/JulesVerneBusinessMiceTravel\/","https:\/\/twitter.com\/JV_BusinessMice","https:\/\/www.instagram.com\/julesvernebusinessmicetravel\/","https:\/\/www.linkedin.com\/company\/julesvernebusinessmicetravel\/","https:\/\/www.youtube.com\/channel\/UCAwdsmbZ6tFhu1tea6pkpiw"]}]}},"_links":{"self":[{"href":"https:\/\/julesverne.com.tr\/en\/wp-json\/wp\/v2\/pages\/42"}],"collection":[{"href":"https:\/\/julesverne.com.tr\/en\/wp-json\/wp\/v2\/pages"}],"about":[{"href":"https:\/\/julesverne.com.tr\/en\/wp-json\/wp\/v2\/types\/page"}],"author":[{"embeddable":true,"href":"https:\/\/julesverne.com.tr\/en\/wp-json\/wp\/v2\/users\/1"}],"replies":[{"embeddable":true,"href":"https:\/\/julesverne.com.tr\/en\/wp-json\/wp\/v2\/comments?post=42"}],"version-history":[{"count":4,"href":"https:\/\/julesverne.com.tr\/en\/wp-json\/wp\/v2\/pages\/42\/revisions"}],"predecessor-version":[{"id":17467,"href":"https:\/\/julesverne.com.tr\/en\/wp-json\/wp\/v2\/pages\/42\/revisions\/17467"}],"up":[{"embeddable":true,"href":"https:\/\/julesverne.com.tr\/en\/wp-json\/wp\/v2\/pages\/9"}],"wp:featuredmedia":[{"embeddable":true,"href":"https:\/\/julesverne.com.tr\/en\/wp-json\/wp\/v2\/media\/6612"}],"wp:attachment":[{"href":"https:\/\/julesverne.com.tr\/en\/wp-json\/wp\/v2\/media?parent=42"}],"curies":[{"name":"wp","href":"https:\/\/api.w.org\/{rel}","templated":true}]}}