{"id":40,"date":"2020-06-01T14:23:21","date_gmt":"2020-06-01T11:23:21","guid":{"rendered":"https:\/\/www.julesverne.com.tr\/\/?page_id=40"},"modified":"2024-06-28T03:00:15","modified_gmt":"2024-06-28T00:00:15","slug":"kurumsal-seyahat-yonetimi","status":"publish","type":"page","link":"https:\/\/julesverne.com.tr\/en\/jules-verne-business\/kurumsal-seyahat-yonetimi\/","title":{"rendered":"Corporate Travel Management"},"content":{"rendered":"<p><strong>Just focus on your business in your corporate travels! We will be by your side to provide maximum efficiency, savings, and satisfaction. By making the most efficient use of your time and budget, we make sure you experience the finest travels to please you with each detail.<\/strong><\/p>\n<ul>\n<li>We manage time and resources correctly.<\/li>\n<li>We create a successful travel policy that can be managed and we monitor and report its compliance with the corporate managers.<\/li>\n<li>We plan your future travel costs by monitoring the travel expenses and compliance with the policies.<\/li>\n<li>We control the expenses with the travel approval policy.<\/li>\n<li>We schedule our JVSMART system specifically for your corporate requirements and facilitate the travel procurement process.<\/li>\n<li>We offer alternative solutions with our experienced and solution-oriented teams.<\/li>\n<\/ul>\n<p>We care about the details. In addition to the customary reports we prepare under different titles, we issue detailed report titles specific to your corporate requirements and ensure that you get the most of your corporate travels.<\/p>","protected":false},"excerpt":{"rendered":"<p>Just focus on your business in your corporate travels! We will be by your side to provide maximum efficiency, savings, and satisfaction. By making the most efficient use of your time and budget, we make sure you experience the finest travels to please you with each detail. We manage time and resources correctly. We create [&hellip;]<\/p>\n","protected":false},"author":1,"featured_media":17524,"parent":9,"menu_order":1,"comment_status":"closed","ping_status":"closed","template":"page-service-business-child.php","meta":{"inline_featured_image":false,"footnotes":""},"acf":[],"yoast_head":"<!-- This site is optimized with the Yoast SEO plugin v22.3 - https:\/\/yoast.com\/wordpress\/plugins\/seo\/ -->\n<title>Corporate Travel Management - JULES VERNE BUSINESS MICE TRAVEL<\/title>\n<meta name=\"description\" content=\"Kurumsal seyahatlerinizde siz sadece i\u015finize odaklan\u0131n! Maksimum verimlilik, tasarruf, g\u00fcvenlik ve memnuniyet sa\u011flamak i\u00e7in yan\u0131n\u0131zday\u0131z. Zaman\u0131n\u0131z\u0131 ve b\u00fct\u00e7enizi en verimli \u015fekilde de\u011ferlendirerek sizi her detay\u0131yla memnun edecek seyahat deneyimleri ya\u015fat\u0131yoruz.\" \/>\n<meta name=\"robots\" content=\"index, follow, max-snippet:-1, max-image-preview:large, max-video-preview:-1\" \/>\n<link rel=\"canonical\" href=\"https:\/\/julesverne.com.tr\/jules-verne-business\/kurumsal-seyahat-yonetimi\/\" \/>\n<meta property=\"og:locale\" content=\"en_US\" \/>\n<meta property=\"og:type\" content=\"article\" \/>\n<meta property=\"og:title\" content=\"[:tr]Kurumsal Seyahat Y\u00f6netimi[:en]Corporate Travel Management[:] - JULES VERNE BUSINESS MICE TRAVEL\" \/>\n<meta property=\"og:description\" content=\"Kurumsal seyahatlerinizde siz sadece i\u015finize odaklan\u0131n! Maksimum verimlilik, tasarruf, g\u00fcvenlik ve memnuniyet sa\u011flamak i\u00e7in yan\u0131n\u0131zday\u0131z. Zaman\u0131n\u0131z\u0131 ve b\u00fct\u00e7enizi en verimli \u015fekilde de\u011ferlendirerek sizi her detay\u0131yla memnun edecek seyahat deneyimleri ya\u015fat\u0131yoruz.\" \/>\n<meta property=\"og:url\" content=\"https:\/\/julesverne.com.tr\/jules-verne-business\/kurumsal-seyahat-yonetimi\/\" \/>\n<meta property=\"og:site_name\" content=\"JULES VERNE BUSINESS MICE TRAVEL\" \/>\n<meta property=\"article:publisher\" content=\"https:\/\/www.facebook.com\/JulesVerneBusinessMiceTravel\/\" \/>\n<meta property=\"article:modified_time\" content=\"2024-06-28T00:00:15+00:00\" \/>\n<meta property=\"og:image\" content=\"https:\/\/julesverne.com.tr\/wp-content\/uploads\/2024\/06\/Kurumsal-Seyahat-Yonetimi.png\" \/>\n\t<meta property=\"og:image:width\" content=\"1142\" \/>\n\t<meta property=\"og:image:height\" content=\"855\" \/>\n\t<meta property=\"og:image:type\" content=\"image\/png\" \/>\n<meta name=\"twitter:card\" content=\"summary_large_image\" \/>\n<meta name=\"twitter:site\" content=\"@JV_BusinessMice\" \/>\n<meta name=\"twitter:label1\" content=\"Est. reading time\" \/>\n\t<meta name=\"twitter:data1\" content=\"2 minutes\" \/>\n<script type=\"application\/ld+json\" class=\"yoast-schema-graph\">{\"@context\":\"https:\/\/schema.org\",\"@graph\":[{\"@type\":\"WebPage\",\"@id\":\"https:\/\/julesverne.com.tr\/jules-verne-business\/kurumsal-seyahat-yonetimi\/\",\"url\":\"https:\/\/julesverne.com.tr\/jules-verne-business\/kurumsal-seyahat-yonetimi\/\",\"name\":\"[:tr]Kurumsal Seyahat Y\u00f6netimi[:en]Corporate Travel Management[:] - JULES VERNE BUSINESS MICE TRAVEL\",\"isPartOf\":{\"@id\":\"https:\/\/julesverne.com.tr\/#website\"},\"primaryImageOfPage\":{\"@id\":\"https:\/\/julesverne.com.tr\/jules-verne-business\/kurumsal-seyahat-yonetimi\/#primaryimage\"},\"image\":{\"@id\":\"https:\/\/julesverne.com.tr\/jules-verne-business\/kurumsal-seyahat-yonetimi\/#primaryimage\"},\"thumbnailUrl\":\"https:\/\/julesverne.com.tr\/wp-content\/uploads\/2024\/06\/Kurumsal-Seyahat-Yonetimi.png\",\"datePublished\":\"2020-06-01T11:23:21+00:00\",\"dateModified\":\"2024-06-28T00:00:15+00:00\",\"description\":\"Kurumsal seyahatlerinizde siz sadece i\u015finize odaklan\u0131n! Maksimum verimlilik, tasarruf, g\u00fcvenlik ve memnuniyet sa\u011flamak i\u00e7in yan\u0131n\u0131zday\u0131z. Zaman\u0131n\u0131z\u0131 ve b\u00fct\u00e7enizi en verimli \u015fekilde de\u011ferlendirerek sizi her detay\u0131yla memnun edecek seyahat deneyimleri ya\u015fat\u0131yoruz.\",\"breadcrumb\":{\"@id\":\"https:\/\/julesverne.com.tr\/jules-verne-business\/kurumsal-seyahat-yonetimi\/#breadcrumb\"},\"inLanguage\":\"en-US\",\"potentialAction\":[{\"@type\":\"ReadAction\",\"target\":[\"https:\/\/julesverne.com.tr\/jules-verne-business\/kurumsal-seyahat-yonetimi\/\"]}]},{\"@type\":\"ImageObject\",\"inLanguage\":\"en-US\",\"@id\":\"https:\/\/julesverne.com.tr\/jules-verne-business\/kurumsal-seyahat-yonetimi\/#primaryimage\",\"url\":\"https:\/\/julesverne.com.tr\/wp-content\/uploads\/2024\/06\/Kurumsal-Seyahat-Yonetimi.png\",\"contentUrl\":\"https:\/\/julesverne.com.tr\/wp-content\/uploads\/2024\/06\/Kurumsal-Seyahat-Yonetimi.png\",\"width\":1142,\"height\":855},{\"@type\":\"BreadcrumbList\",\"@id\":\"https:\/\/julesverne.com.tr\/jules-verne-business\/kurumsal-seyahat-yonetimi\/#breadcrumb\",\"itemListElement\":[{\"@type\":\"ListItem\",\"position\":1,\"name\":\"Anasayfa\",\"item\":\"https:\/\/julesverne.com.tr\/\"},{\"@type\":\"ListItem\",\"position\":2,\"name\":\"JULES VERNE BUSINESS\",\"item\":\"https:\/\/julesverne.com.tr\/jules-verne-business\/\"},{\"@type\":\"ListItem\",\"position\":3,\"name\":\"Kurumsal Seyahat Y\u00f6netimi\"}]},{\"@type\":\"WebSite\",\"@id\":\"https:\/\/julesverne.com.tr\/#website\",\"url\":\"https:\/\/julesverne.com.tr\/\",\"name\":\"JULES VERNE BUSINESS MICE TRAVEL\",\"description\":\"\",\"publisher\":{\"@id\":\"https:\/\/julesverne.com.tr\/#organization\"},\"potentialAction\":[{\"@type\":\"SearchAction\",\"target\":{\"@type\":\"EntryPoint\",\"urlTemplate\":\"https:\/\/julesverne.com.tr\/?s={search_term_string}\"},\"query-input\":\"required name=search_term_string\"}],\"inLanguage\":\"en-US\"},{\"@type\":\"Organization\",\"@id\":\"https:\/\/julesverne.com.tr\/#organization\",\"name\":\"JULES VERNE BUSINESS MICE TRAVEL\",\"url\":\"https:\/\/julesverne.com.tr\/\",\"logo\":{\"@type\":\"ImageObject\",\"inLanguage\":\"en-US\",\"@id\":\"https:\/\/julesverne.com.tr\/#\/schema\/logo\/image\/\",\"url\":\"https:\/\/julesverne.com.tr\/wp-content\/uploads\/2020\/09\/jv-bmt-logo.png\",\"contentUrl\":\"https:\/\/julesverne.com.tr\/wp-content\/uploads\/2020\/09\/jv-bmt-logo.png\",\"width\":110,\"height\":81,\"caption\":\"JULES VERNE BUSINESS MICE TRAVEL\"},\"image\":{\"@id\":\"https:\/\/julesverne.com.tr\/#\/schema\/logo\/image\/\"},\"sameAs\":[\"https:\/\/www.facebook.com\/JulesVerneBusinessMiceTravel\/\",\"https:\/\/twitter.com\/JV_BusinessMice\",\"https:\/\/www.instagram.com\/julesvernebusinessmicetravel\/\",\"https:\/\/www.linkedin.com\/company\/julesvernebusinessmicetravel\/\",\"https:\/\/www.youtube.com\/channel\/UCAwdsmbZ6tFhu1tea6pkpiw\"]}]}<\/script>\n<!-- \/ Yoast SEO plugin. -->","yoast_head_json":{"title":"[:tr]Kurumsal Seyahat Y\u00f6netimi[:en]Corporate Travel Management[:] - JULES VERNE BUSINESS MICE TRAVEL","description":"Kurumsal seyahatlerinizde siz sadece i\u015finize odaklan\u0131n! Maksimum verimlilik, tasarruf, g\u00fcvenlik ve memnuniyet sa\u011flamak i\u00e7in yan\u0131n\u0131zday\u0131z. Zaman\u0131n\u0131z\u0131 ve b\u00fct\u00e7enizi en verimli \u015fekilde de\u011ferlendirerek sizi her detay\u0131yla memnun edecek seyahat deneyimleri ya\u015fat\u0131yoruz.","robots":{"index":"index","follow":"follow","max-snippet":"max-snippet:-1","max-image-preview":"max-image-preview:large","max-video-preview":"max-video-preview:-1"},"canonical":"https:\/\/julesverne.com.tr\/jules-verne-business\/kurumsal-seyahat-yonetimi\/","og_locale":"en_US","og_type":"article","og_title":"[:tr]Kurumsal Seyahat Y\u00f6netimi[:en]Corporate Travel Management[:] - JULES VERNE BUSINESS MICE TRAVEL","og_description":"Kurumsal seyahatlerinizde siz sadece i\u015finize odaklan\u0131n! Maksimum verimlilik, tasarruf, g\u00fcvenlik ve memnuniyet sa\u011flamak i\u00e7in yan\u0131n\u0131zday\u0131z. Zaman\u0131n\u0131z\u0131 ve b\u00fct\u00e7enizi en verimli \u015fekilde de\u011ferlendirerek sizi her detay\u0131yla memnun edecek seyahat deneyimleri ya\u015fat\u0131yoruz.","og_url":"https:\/\/julesverne.com.tr\/jules-verne-business\/kurumsal-seyahat-yonetimi\/","og_site_name":"JULES VERNE BUSINESS MICE TRAVEL","article_publisher":"https:\/\/www.facebook.com\/JulesVerneBusinessMiceTravel\/","article_modified_time":"2024-06-28T00:00:15+00:00","og_image":[{"width":1142,"height":855,"url":"https:\/\/julesverne.com.tr\/wp-content\/uploads\/2024\/06\/Kurumsal-Seyahat-Yonetimi.png","type":"image\/png"}],"twitter_card":"summary_large_image","twitter_site":"@JV_BusinessMice","twitter_misc":{"Est. reading time":"2 minutes"},"schema":{"@context":"https:\/\/schema.org","@graph":[{"@type":"WebPage","@id":"https:\/\/julesverne.com.tr\/jules-verne-business\/kurumsal-seyahat-yonetimi\/","url":"https:\/\/julesverne.com.tr\/jules-verne-business\/kurumsal-seyahat-yonetimi\/","name":"[:tr]Kurumsal Seyahat Y\u00f6netimi[:en]Corporate Travel Management[:] - JULES VERNE BUSINESS MICE TRAVEL","isPartOf":{"@id":"https:\/\/julesverne.com.tr\/#website"},"primaryImageOfPage":{"@id":"https:\/\/julesverne.com.tr\/jules-verne-business\/kurumsal-seyahat-yonetimi\/#primaryimage"},"image":{"@id":"https:\/\/julesverne.com.tr\/jules-verne-business\/kurumsal-seyahat-yonetimi\/#primaryimage"},"thumbnailUrl":"https:\/\/julesverne.com.tr\/wp-content\/uploads\/2024\/06\/Kurumsal-Seyahat-Yonetimi.png","datePublished":"2020-06-01T11:23:21+00:00","dateModified":"2024-06-28T00:00:15+00:00","description":"Kurumsal seyahatlerinizde siz sadece i\u015finize odaklan\u0131n! Maksimum verimlilik, tasarruf, g\u00fcvenlik ve memnuniyet sa\u011flamak i\u00e7in yan\u0131n\u0131zday\u0131z. Zaman\u0131n\u0131z\u0131 ve b\u00fct\u00e7enizi en verimli \u015fekilde de\u011ferlendirerek sizi her detay\u0131yla memnun edecek seyahat deneyimleri ya\u015fat\u0131yoruz.","breadcrumb":{"@id":"https:\/\/julesverne.com.tr\/jules-verne-business\/kurumsal-seyahat-yonetimi\/#breadcrumb"},"inLanguage":"en-US","potentialAction":[{"@type":"ReadAction","target":["https:\/\/julesverne.com.tr\/jules-verne-business\/kurumsal-seyahat-yonetimi\/"]}]},{"@type":"ImageObject","inLanguage":"en-US","@id":"https:\/\/julesverne.com.tr\/jules-verne-business\/kurumsal-seyahat-yonetimi\/#primaryimage","url":"https:\/\/julesverne.com.tr\/wp-content\/uploads\/2024\/06\/Kurumsal-Seyahat-Yonetimi.png","contentUrl":"https:\/\/julesverne.com.tr\/wp-content\/uploads\/2024\/06\/Kurumsal-Seyahat-Yonetimi.png","width":1142,"height":855},{"@type":"BreadcrumbList","@id":"https:\/\/julesverne.com.tr\/jules-verne-business\/kurumsal-seyahat-yonetimi\/#breadcrumb","itemListElement":[{"@type":"ListItem","position":1,"name":"Anasayfa","item":"https:\/\/julesverne.com.tr\/"},{"@type":"ListItem","position":2,"name":"JULES VERNE BUSINESS","item":"https:\/\/julesverne.com.tr\/jules-verne-business\/"},{"@type":"ListItem","position":3,"name":"Kurumsal Seyahat Y\u00f6netimi"}]},{"@type":"WebSite","@id":"https:\/\/julesverne.com.tr\/#website","url":"https:\/\/julesverne.com.tr\/","name":"JULES VERNE BUSINESS MICE TRAVEL","description":"","publisher":{"@id":"https:\/\/julesverne.com.tr\/#organization"},"potentialAction":[{"@type":"SearchAction","target":{"@type":"EntryPoint","urlTemplate":"https:\/\/julesverne.com.tr\/?s={search_term_string}"},"query-input":"required name=search_term_string"}],"inLanguage":"en-US"},{"@type":"Organization","@id":"https:\/\/julesverne.com.tr\/#organization","name":"JULES VERNE BUSINESS MICE TRAVEL","url":"https:\/\/julesverne.com.tr\/","logo":{"@type":"ImageObject","inLanguage":"en-US","@id":"https:\/\/julesverne.com.tr\/#\/schema\/logo\/image\/","url":"https:\/\/julesverne.com.tr\/wp-content\/uploads\/2020\/09\/jv-bmt-logo.png","contentUrl":"https:\/\/julesverne.com.tr\/wp-content\/uploads\/2020\/09\/jv-bmt-logo.png","width":110,"height":81,"caption":"JULES VERNE BUSINESS MICE TRAVEL"},"image":{"@id":"https:\/\/julesverne.com.tr\/#\/schema\/logo\/image\/"},"sameAs":["https:\/\/www.facebook.com\/JulesVerneBusinessMiceTravel\/","https:\/\/twitter.com\/JV_BusinessMice","https:\/\/www.instagram.com\/julesvernebusinessmicetravel\/","https:\/\/www.linkedin.com\/company\/julesvernebusinessmicetravel\/","https:\/\/www.youtube.com\/channel\/UCAwdsmbZ6tFhu1tea6pkpiw"]}]}},"_links":{"self":[{"href":"https:\/\/julesverne.com.tr\/en\/wp-json\/wp\/v2\/pages\/40"}],"collection":[{"href":"https:\/\/julesverne.com.tr\/en\/wp-json\/wp\/v2\/pages"}],"about":[{"href":"https:\/\/julesverne.com.tr\/en\/wp-json\/wp\/v2\/types\/page"}],"author":[{"embeddable":true,"href":"https:\/\/julesverne.com.tr\/en\/wp-json\/wp\/v2\/users\/1"}],"replies":[{"embeddable":true,"href":"https:\/\/julesverne.com.tr\/en\/wp-json\/wp\/v2\/comments?post=40"}],"version-history":[{"count":2,"href":"https:\/\/julesverne.com.tr\/en\/wp-json\/wp\/v2\/pages\/40\/revisions"}],"predecessor-version":[{"id":17526,"href":"https:\/\/julesverne.com.tr\/en\/wp-json\/wp\/v2\/pages\/40\/revisions\/17526"}],"up":[{"embeddable":true,"href":"https:\/\/julesverne.com.tr\/en\/wp-json\/wp\/v2\/pages\/9"}],"wp:featuredmedia":[{"embeddable":true,"href":"https:\/\/julesverne.com.tr\/en\/wp-json\/wp\/v2\/media\/17524"}],"wp:attachment":[{"href":"https:\/\/julesverne.com.tr\/en\/wp-json\/wp\/v2\/media?parent=40"}],"curies":[{"name":"wp","href":"https:\/\/api.w.org\/{rel}","templated":true}]}}