{"id":36,"date":"2020-06-01T14:22:45","date_gmt":"2020-06-01T11:22:45","guid":{"rendered":"https:\/\/www.julesverne.com.tr\/\/?page_id=36"},"modified":"2024-06-28T03:11:36","modified_gmt":"2024-06-28T00:11:36","slug":"arac-kiralama-ve-transfer-hizmetleri","status":"publish","type":"page","link":"https:\/\/julesverne.com.tr\/en\/jules-verne-business\/arac-kiralama-ve-transfer-hizmetleri\/","title":{"rendered":"Car Rental and Transfer Services"},"content":{"rendered":"<p><strong>We are here for you to travel comfortably and safely with solutions that make your corporate travels easier!<\/strong><\/p>\n<p>We instantly carry out car rental and airport transfers, being the essential elements of business travels, with our fast and reliable systems and we offer unique, fast, and safe options specific to your organization with the highest savings opportunities with our advanced technological solutions and reporting infrastructure.<\/p>\n<p>Our global supplier network enables us to provide car rental and transfer services in every part of the world and we produce solutions with different alternatives fit for your travel policies in line with your region, budget range and comfort requirements.<\/p>","protected":false},"excerpt":{"rendered":"<p>We are here for you to travel comfortably and safely with solutions that make your corporate travels easier! We instantly carry out car rental and airport transfers, being the essential elements of business travels, with our fast and reliable systems and we offer unique, fast, and safe options specific to your organization with the highest [&hellip;]<\/p>\n","protected":false},"author":1,"featured_media":17534,"parent":9,"menu_order":5,"comment_status":"closed","ping_status":"closed","template":"page-service-business-child.php","meta":{"inline_featured_image":false,"footnotes":""},"acf":[],"yoast_head":"<!-- This site is optimized with the Yoast SEO plugin v22.3 - https:\/\/yoast.com\/wordpress\/plugins\/seo\/ -->\n<title>Car Rental and Transfer Services - JULES VERNE BUSINESS MICE TRAVEL<\/title>\n<meta name=\"description\" content=\"Global tedarik\u00e7i g\u00fcc\u00fcm\u00fcz ile d\u00fcnyan\u0131n her noktas\u0131nda ara\u00e7 kiralama ve transfer hizmeti veriyor; b\u00f6lge, b\u00fct\u00e7e aral\u0131\u011f\u0131 ve konfor ihtiya\u00e7lar\u0131 do\u011frultusunda seyahat amac\u0131n\u0131za uygun farkl\u0131 alternatiflerle \u00e7\u00f6z\u00fcmler \u00fcretiyoruz.\" \/>\n<meta name=\"robots\" content=\"index, follow, max-snippet:-1, max-image-preview:large, max-video-preview:-1\" \/>\n<link rel=\"canonical\" href=\"https:\/\/julesverne.com.tr\/jules-verne-business\/arac-kiralama-ve-transfer-hizmetleri\/\" \/>\n<meta property=\"og:locale\" content=\"en_US\" \/>\n<meta property=\"og:type\" content=\"article\" \/>\n<meta property=\"og:title\" content=\"[:tr]Ara\u00e7 Kiralama ve Transfer Hizmetleri[:en]Car Rental and Transfer Services[:] - JULES VERNE BUSINESS MICE TRAVEL\" \/>\n<meta property=\"og:description\" content=\"Global tedarik\u00e7i g\u00fcc\u00fcm\u00fcz ile d\u00fcnyan\u0131n her noktas\u0131nda ara\u00e7 kiralama ve transfer hizmeti veriyor; b\u00f6lge, b\u00fct\u00e7e aral\u0131\u011f\u0131 ve konfor ihtiya\u00e7lar\u0131 do\u011frultusunda seyahat amac\u0131n\u0131za uygun farkl\u0131 alternatiflerle \u00e7\u00f6z\u00fcmler \u00fcretiyoruz.\" \/>\n<meta property=\"og:url\" content=\"https:\/\/julesverne.com.tr\/jules-verne-business\/arac-kiralama-ve-transfer-hizmetleri\/\" \/>\n<meta property=\"og:site_name\" content=\"JULES VERNE BUSINESS MICE TRAVEL\" \/>\n<meta property=\"article:publisher\" content=\"https:\/\/www.facebook.com\/JulesVerneBusinessMiceTravel\/\" \/>\n<meta property=\"article:modified_time\" content=\"2024-06-28T00:11:36+00:00\" \/>\n<meta property=\"og:image\" content=\"https:\/\/julesverne.com.tr\/wp-content\/uploads\/2024\/06\/Arac-Kiralama-1.png\" \/>\n\t<meta property=\"og:image:width\" content=\"1143\" \/>\n\t<meta property=\"og:image:height\" content=\"855\" \/>\n\t<meta property=\"og:image:type\" content=\"image\/png\" \/>\n<meta name=\"twitter:card\" content=\"summary_large_image\" \/>\n<meta name=\"twitter:site\" content=\"@JV_BusinessMice\" \/>\n<meta name=\"twitter:label1\" content=\"Est. reading time\" \/>\n\t<meta name=\"twitter:data1\" content=\"1 minute\" \/>\n<script type=\"application\/ld+json\" class=\"yoast-schema-graph\">{\"@context\":\"https:\/\/schema.org\",\"@graph\":[{\"@type\":\"WebPage\",\"@id\":\"https:\/\/julesverne.com.tr\/jules-verne-business\/arac-kiralama-ve-transfer-hizmetleri\/\",\"url\":\"https:\/\/julesverne.com.tr\/jules-verne-business\/arac-kiralama-ve-transfer-hizmetleri\/\",\"name\":\"[:tr]Ara\u00e7 Kiralama ve Transfer Hizmetleri[:en]Car Rental and Transfer Services[:] - JULES VERNE BUSINESS MICE TRAVEL\",\"isPartOf\":{\"@id\":\"https:\/\/julesverne.com.tr\/#website\"},\"primaryImageOfPage\":{\"@id\":\"https:\/\/julesverne.com.tr\/jules-verne-business\/arac-kiralama-ve-transfer-hizmetleri\/#primaryimage\"},\"image\":{\"@id\":\"https:\/\/julesverne.com.tr\/jules-verne-business\/arac-kiralama-ve-transfer-hizmetleri\/#primaryimage\"},\"thumbnailUrl\":\"https:\/\/julesverne.com.tr\/wp-content\/uploads\/2024\/06\/Arac-Kiralama-1.png\",\"datePublished\":\"2020-06-01T11:22:45+00:00\",\"dateModified\":\"2024-06-28T00:11:36+00:00\",\"description\":\"Global tedarik\u00e7i g\u00fcc\u00fcm\u00fcz ile d\u00fcnyan\u0131n her noktas\u0131nda ara\u00e7 kiralama ve transfer hizmeti veriyor; b\u00f6lge, b\u00fct\u00e7e aral\u0131\u011f\u0131 ve konfor ihtiya\u00e7lar\u0131 do\u011frultusunda seyahat amac\u0131n\u0131za uygun farkl\u0131 alternatiflerle \u00e7\u00f6z\u00fcmler \u00fcretiyoruz.\",\"breadcrumb\":{\"@id\":\"https:\/\/julesverne.com.tr\/jules-verne-business\/arac-kiralama-ve-transfer-hizmetleri\/#breadcrumb\"},\"inLanguage\":\"en-US\",\"potentialAction\":[{\"@type\":\"ReadAction\",\"target\":[\"https:\/\/julesverne.com.tr\/jules-verne-business\/arac-kiralama-ve-transfer-hizmetleri\/\"]}]},{\"@type\":\"ImageObject\",\"inLanguage\":\"en-US\",\"@id\":\"https:\/\/julesverne.com.tr\/jules-verne-business\/arac-kiralama-ve-transfer-hizmetleri\/#primaryimage\",\"url\":\"https:\/\/julesverne.com.tr\/wp-content\/uploads\/2024\/06\/Arac-Kiralama-1.png\",\"contentUrl\":\"https:\/\/julesverne.com.tr\/wp-content\/uploads\/2024\/06\/Arac-Kiralama-1.png\",\"width\":1143,\"height\":855},{\"@type\":\"BreadcrumbList\",\"@id\":\"https:\/\/julesverne.com.tr\/jules-verne-business\/arac-kiralama-ve-transfer-hizmetleri\/#breadcrumb\",\"itemListElement\":[{\"@type\":\"ListItem\",\"position\":1,\"name\":\"Anasayfa\",\"item\":\"https:\/\/julesverne.com.tr\/\"},{\"@type\":\"ListItem\",\"position\":2,\"name\":\"JULES VERNE BUSINESS\",\"item\":\"https:\/\/julesverne.com.tr\/jules-verne-business\/\"},{\"@type\":\"ListItem\",\"position\":3,\"name\":\"Ara\u00e7 Kiralama ve Transfer Hizmetleri\"}]},{\"@type\":\"WebSite\",\"@id\":\"https:\/\/julesverne.com.tr\/#website\",\"url\":\"https:\/\/julesverne.com.tr\/\",\"name\":\"JULES VERNE BUSINESS MICE TRAVEL\",\"description\":\"\",\"publisher\":{\"@id\":\"https:\/\/julesverne.com.tr\/#organization\"},\"potentialAction\":[{\"@type\":\"SearchAction\",\"target\":{\"@type\":\"EntryPoint\",\"urlTemplate\":\"https:\/\/julesverne.com.tr\/?s={search_term_string}\"},\"query-input\":\"required name=search_term_string\"}],\"inLanguage\":\"en-US\"},{\"@type\":\"Organization\",\"@id\":\"https:\/\/julesverne.com.tr\/#organization\",\"name\":\"JULES VERNE BUSINESS MICE TRAVEL\",\"url\":\"https:\/\/julesverne.com.tr\/\",\"logo\":{\"@type\":\"ImageObject\",\"inLanguage\":\"en-US\",\"@id\":\"https:\/\/julesverne.com.tr\/#\/schema\/logo\/image\/\",\"url\":\"https:\/\/julesverne.com.tr\/wp-content\/uploads\/2020\/09\/jv-bmt-logo.png\",\"contentUrl\":\"https:\/\/julesverne.com.tr\/wp-content\/uploads\/2020\/09\/jv-bmt-logo.png\",\"width\":110,\"height\":81,\"caption\":\"JULES VERNE BUSINESS MICE TRAVEL\"},\"image\":{\"@id\":\"https:\/\/julesverne.com.tr\/#\/schema\/logo\/image\/\"},\"sameAs\":[\"https:\/\/www.facebook.com\/JulesVerneBusinessMiceTravel\/\",\"https:\/\/twitter.com\/JV_BusinessMice\",\"https:\/\/www.instagram.com\/julesvernebusinessmicetravel\/\",\"https:\/\/www.linkedin.com\/company\/julesvernebusinessmicetravel\/\",\"https:\/\/www.youtube.com\/channel\/UCAwdsmbZ6tFhu1tea6pkpiw\"]}]}<\/script>\n<!-- \/ Yoast SEO plugin. -->","yoast_head_json":{"title":"[:tr]Ara\u00e7 Kiralama ve Transfer Hizmetleri[:en]Car Rental and Transfer Services[:] - JULES VERNE BUSINESS MICE TRAVEL","description":"Global tedarik\u00e7i g\u00fcc\u00fcm\u00fcz ile d\u00fcnyan\u0131n her noktas\u0131nda ara\u00e7 kiralama ve transfer hizmeti veriyor; b\u00f6lge, b\u00fct\u00e7e aral\u0131\u011f\u0131 ve konfor ihtiya\u00e7lar\u0131 do\u011frultusunda seyahat amac\u0131n\u0131za uygun farkl\u0131 alternatiflerle \u00e7\u00f6z\u00fcmler \u00fcretiyoruz.","robots":{"index":"index","follow":"follow","max-snippet":"max-snippet:-1","max-image-preview":"max-image-preview:large","max-video-preview":"max-video-preview:-1"},"canonical":"https:\/\/julesverne.com.tr\/jules-verne-business\/arac-kiralama-ve-transfer-hizmetleri\/","og_locale":"en_US","og_type":"article","og_title":"[:tr]Ara\u00e7 Kiralama ve Transfer Hizmetleri[:en]Car Rental and Transfer Services[:] - JULES VERNE BUSINESS MICE TRAVEL","og_description":"Global tedarik\u00e7i g\u00fcc\u00fcm\u00fcz ile d\u00fcnyan\u0131n her noktas\u0131nda ara\u00e7 kiralama ve transfer hizmeti veriyor; b\u00f6lge, b\u00fct\u00e7e aral\u0131\u011f\u0131 ve konfor ihtiya\u00e7lar\u0131 do\u011frultusunda seyahat amac\u0131n\u0131za uygun farkl\u0131 alternatiflerle \u00e7\u00f6z\u00fcmler \u00fcretiyoruz.","og_url":"https:\/\/julesverne.com.tr\/jules-verne-business\/arac-kiralama-ve-transfer-hizmetleri\/","og_site_name":"JULES VERNE BUSINESS MICE TRAVEL","article_publisher":"https:\/\/www.facebook.com\/JulesVerneBusinessMiceTravel\/","article_modified_time":"2024-06-28T00:11:36+00:00","og_image":[{"width":1143,"height":855,"url":"https:\/\/julesverne.com.tr\/wp-content\/uploads\/2024\/06\/Arac-Kiralama-1.png","type":"image\/png"}],"twitter_card":"summary_large_image","twitter_site":"@JV_BusinessMice","twitter_misc":{"Est. reading time":"1 minute"},"schema":{"@context":"https:\/\/schema.org","@graph":[{"@type":"WebPage","@id":"https:\/\/julesverne.com.tr\/jules-verne-business\/arac-kiralama-ve-transfer-hizmetleri\/","url":"https:\/\/julesverne.com.tr\/jules-verne-business\/arac-kiralama-ve-transfer-hizmetleri\/","name":"[:tr]Ara\u00e7 Kiralama ve Transfer Hizmetleri[:en]Car Rental and Transfer Services[:] - JULES VERNE BUSINESS MICE TRAVEL","isPartOf":{"@id":"https:\/\/julesverne.com.tr\/#website"},"primaryImageOfPage":{"@id":"https:\/\/julesverne.com.tr\/jules-verne-business\/arac-kiralama-ve-transfer-hizmetleri\/#primaryimage"},"image":{"@id":"https:\/\/julesverne.com.tr\/jules-verne-business\/arac-kiralama-ve-transfer-hizmetleri\/#primaryimage"},"thumbnailUrl":"https:\/\/julesverne.com.tr\/wp-content\/uploads\/2024\/06\/Arac-Kiralama-1.png","datePublished":"2020-06-01T11:22:45+00:00","dateModified":"2024-06-28T00:11:36+00:00","description":"Global tedarik\u00e7i g\u00fcc\u00fcm\u00fcz ile d\u00fcnyan\u0131n her noktas\u0131nda ara\u00e7 kiralama ve transfer hizmeti veriyor; b\u00f6lge, b\u00fct\u00e7e aral\u0131\u011f\u0131 ve konfor ihtiya\u00e7lar\u0131 do\u011frultusunda seyahat amac\u0131n\u0131za uygun farkl\u0131 alternatiflerle \u00e7\u00f6z\u00fcmler \u00fcretiyoruz.","breadcrumb":{"@id":"https:\/\/julesverne.com.tr\/jules-verne-business\/arac-kiralama-ve-transfer-hizmetleri\/#breadcrumb"},"inLanguage":"en-US","potentialAction":[{"@type":"ReadAction","target":["https:\/\/julesverne.com.tr\/jules-verne-business\/arac-kiralama-ve-transfer-hizmetleri\/"]}]},{"@type":"ImageObject","inLanguage":"en-US","@id":"https:\/\/julesverne.com.tr\/jules-verne-business\/arac-kiralama-ve-transfer-hizmetleri\/#primaryimage","url":"https:\/\/julesverne.com.tr\/wp-content\/uploads\/2024\/06\/Arac-Kiralama-1.png","contentUrl":"https:\/\/julesverne.com.tr\/wp-content\/uploads\/2024\/06\/Arac-Kiralama-1.png","width":1143,"height":855},{"@type":"BreadcrumbList","@id":"https:\/\/julesverne.com.tr\/jules-verne-business\/arac-kiralama-ve-transfer-hizmetleri\/#breadcrumb","itemListElement":[{"@type":"ListItem","position":1,"name":"Anasayfa","item":"https:\/\/julesverne.com.tr\/"},{"@type":"ListItem","position":2,"name":"JULES VERNE BUSINESS","item":"https:\/\/julesverne.com.tr\/jules-verne-business\/"},{"@type":"ListItem","position":3,"name":"Ara\u00e7 Kiralama ve Transfer Hizmetleri"}]},{"@type":"WebSite","@id":"https:\/\/julesverne.com.tr\/#website","url":"https:\/\/julesverne.com.tr\/","name":"JULES VERNE BUSINESS MICE TRAVEL","description":"","publisher":{"@id":"https:\/\/julesverne.com.tr\/#organization"},"potentialAction":[{"@type":"SearchAction","target":{"@type":"EntryPoint","urlTemplate":"https:\/\/julesverne.com.tr\/?s={search_term_string}"},"query-input":"required name=search_term_string"}],"inLanguage":"en-US"},{"@type":"Organization","@id":"https:\/\/julesverne.com.tr\/#organization","name":"JULES VERNE BUSINESS MICE TRAVEL","url":"https:\/\/julesverne.com.tr\/","logo":{"@type":"ImageObject","inLanguage":"en-US","@id":"https:\/\/julesverne.com.tr\/#\/schema\/logo\/image\/","url":"https:\/\/julesverne.com.tr\/wp-content\/uploads\/2020\/09\/jv-bmt-logo.png","contentUrl":"https:\/\/julesverne.com.tr\/wp-content\/uploads\/2020\/09\/jv-bmt-logo.png","width":110,"height":81,"caption":"JULES VERNE BUSINESS MICE TRAVEL"},"image":{"@id":"https:\/\/julesverne.com.tr\/#\/schema\/logo\/image\/"},"sameAs":["https:\/\/www.facebook.com\/JulesVerneBusinessMiceTravel\/","https:\/\/twitter.com\/JV_BusinessMice","https:\/\/www.instagram.com\/julesvernebusinessmicetravel\/","https:\/\/www.linkedin.com\/company\/julesvernebusinessmicetravel\/","https:\/\/www.youtube.com\/channel\/UCAwdsmbZ6tFhu1tea6pkpiw"]}]}},"_links":{"self":[{"href":"https:\/\/julesverne.com.tr\/en\/wp-json\/wp\/v2\/pages\/36"}],"collection":[{"href":"https:\/\/julesverne.com.tr\/en\/wp-json\/wp\/v2\/pages"}],"about":[{"href":"https:\/\/julesverne.com.tr\/en\/wp-json\/wp\/v2\/types\/page"}],"author":[{"embeddable":true,"href":"https:\/\/julesverne.com.tr\/en\/wp-json\/wp\/v2\/users\/1"}],"replies":[{"embeddable":true,"href":"https:\/\/julesverne.com.tr\/en\/wp-json\/wp\/v2\/comments?post=36"}],"version-history":[{"count":2,"href":"https:\/\/julesverne.com.tr\/en\/wp-json\/wp\/v2\/pages\/36\/revisions"}],"predecessor-version":[{"id":17535,"href":"https:\/\/julesverne.com.tr\/en\/wp-json\/wp\/v2\/pages\/36\/revisions\/17535"}],"up":[{"embeddable":true,"href":"https:\/\/julesverne.com.tr\/en\/wp-json\/wp\/v2\/pages\/9"}],"wp:featuredmedia":[{"embeddable":true,"href":"https:\/\/julesverne.com.tr\/en\/wp-json\/wp\/v2\/media\/17534"}],"wp:attachment":[{"href":"https:\/\/julesverne.com.tr\/en\/wp-json\/wp\/v2\/media?parent=36"}],"curies":[{"name":"wp","href":"https:\/\/api.w.org\/{rel}","templated":true}]}}