{"id":32,"date":"2020-06-01T14:21:33","date_gmt":"2020-06-01T11:21:33","guid":{"rendered":"https:\/\/www.julesverne.com.tr\/\/?page_id=32"},"modified":"2024-06-28T03:06:27","modified_gmt":"2024-06-28T00:06:27","slug":"konaklama-hizmetleri","status":"publish","type":"page","link":"https:\/\/julesverne.com.tr\/en\/jules-verne-business\/konaklama-hizmetleri\/","title":{"rendered":"Accommodation Services"},"content":{"rendered":"<p><strong>We offer the feasible alternatives in terms of budget, needs and location in the fastest manner with our domestic and foreign suppliers and contracted hotels. <\/strong><\/p>\n<ul>\n<li>Thanks to our global supplier network, we cooperate with more than 200,000 hotels around the world.<\/li>\n<li>We offer alternative hotel solutions close to your meeting, fair and organization points.<\/li>\n<li>We make sure you benefit from privileged opportunities with privately contracted hotels both at home and abroad.<\/li>\n<li>We prepare detailed country and city-based accommodation reports.<\/li>\n<li>We offer comfort-oriented alternatives in the nearest location in line with your travel policies.<\/li>\n<li>We provide information about the current Covid-19 applications of the hotels where accommodation will take place.<\/li>\n<\/ul>\n<p>&nbsp;<\/p>","protected":false},"excerpt":{"rendered":"<p>We offer the feasible alternatives in terms of budget, needs and location in the fastest manner with our domestic and foreign suppliers and contracted hotels. Thanks to our global supplier network, we cooperate with more than 200,000 hotels around the world. We offer alternative hotel solutions close to your meeting, fair and organization points. We [&hellip;]<\/p>\n","protected":false},"author":1,"featured_media":17530,"parent":9,"menu_order":3,"comment_status":"closed","ping_status":"closed","template":"page-service-business-child.php","meta":{"inline_featured_image":false,"footnotes":""},"acf":[],"yoast_head":"<!-- This site is optimized with the Yoast SEO plugin v22.3 - https:\/\/yoast.com\/wordpress\/plugins\/seo\/ -->\n<title>Accommodation Services - JULES VERNE BUSINESS MICE TRAVEL<\/title>\n<meta name=\"description\" content=\"Yurt i\u00e7i ve yurt d\u0131\u015f\u0131ndaki tedarik\u00e7ilerimiz ve s\u00f6zle\u015fmeli otellerimiz ile b\u00fct\u00e7e, ihtiya\u00e7 ve lokasyon olarak en uygun alternatifleri en h\u0131zl\u0131 \u015fekilde sunuyoruz. D\u00fcnya trendlerini takip ederek en iyi konaklama deneyimini ya\u015fatmay\u0131 hedefliyoruz!\" \/>\n<meta name=\"robots\" content=\"index, follow, max-snippet:-1, max-image-preview:large, max-video-preview:-1\" \/>\n<link rel=\"canonical\" href=\"https:\/\/julesverne.com.tr\/jules-verne-business\/konaklama-hizmetleri\/\" \/>\n<meta property=\"og:locale\" content=\"en_US\" \/>\n<meta property=\"og:type\" content=\"article\" \/>\n<meta property=\"og:title\" content=\"[:tr]Konaklama Hizmetleri[:en]Accommodation Services[:] - JULES VERNE BUSINESS MICE TRAVEL\" \/>\n<meta property=\"og:description\" content=\"Yurt i\u00e7i ve yurt d\u0131\u015f\u0131ndaki tedarik\u00e7ilerimiz ve s\u00f6zle\u015fmeli otellerimiz ile b\u00fct\u00e7e, ihtiya\u00e7 ve lokasyon olarak en uygun alternatifleri en h\u0131zl\u0131 \u015fekilde sunuyoruz. D\u00fcnya trendlerini takip ederek en iyi konaklama deneyimini ya\u015fatmay\u0131 hedefliyoruz!\" \/>\n<meta property=\"og:url\" content=\"https:\/\/julesverne.com.tr\/jules-verne-business\/konaklama-hizmetleri\/\" \/>\n<meta property=\"og:site_name\" content=\"JULES VERNE BUSINESS MICE TRAVEL\" \/>\n<meta property=\"article:publisher\" content=\"https:\/\/www.facebook.com\/JulesVerneBusinessMiceTravel\/\" \/>\n<meta property=\"article:modified_time\" content=\"2024-06-28T00:06:27+00:00\" \/>\n<meta property=\"og:image\" content=\"https:\/\/julesverne.com.tr\/wp-content\/uploads\/2024\/06\/Konaklama-2.png\" \/>\n\t<meta property=\"og:image:width\" content=\"1142\" \/>\n\t<meta property=\"og:image:height\" content=\"855\" \/>\n\t<meta property=\"og:image:type\" content=\"image\/png\" \/>\n<meta name=\"twitter:card\" content=\"summary_large_image\" \/>\n<meta name=\"twitter:site\" content=\"@JV_BusinessMice\" \/>\n<meta name=\"twitter:label1\" content=\"Est. reading time\" \/>\n\t<meta name=\"twitter:data1\" content=\"1 minute\" \/>\n<script type=\"application\/ld+json\" class=\"yoast-schema-graph\">{\"@context\":\"https:\/\/schema.org\",\"@graph\":[{\"@type\":\"WebPage\",\"@id\":\"https:\/\/julesverne.com.tr\/jules-verne-business\/konaklama-hizmetleri\/\",\"url\":\"https:\/\/julesverne.com.tr\/jules-verne-business\/konaklama-hizmetleri\/\",\"name\":\"[:tr]Konaklama Hizmetleri[:en]Accommodation Services[:] - JULES VERNE BUSINESS MICE TRAVEL\",\"isPartOf\":{\"@id\":\"https:\/\/julesverne.com.tr\/#website\"},\"primaryImageOfPage\":{\"@id\":\"https:\/\/julesverne.com.tr\/jules-verne-business\/konaklama-hizmetleri\/#primaryimage\"},\"image\":{\"@id\":\"https:\/\/julesverne.com.tr\/jules-verne-business\/konaklama-hizmetleri\/#primaryimage\"},\"thumbnailUrl\":\"https:\/\/julesverne.com.tr\/wp-content\/uploads\/2024\/06\/Konaklama-2.png\",\"datePublished\":\"2020-06-01T11:21:33+00:00\",\"dateModified\":\"2024-06-28T00:06:27+00:00\",\"description\":\"Yurt i\u00e7i ve yurt d\u0131\u015f\u0131ndaki tedarik\u00e7ilerimiz ve s\u00f6zle\u015fmeli otellerimiz ile b\u00fct\u00e7e, ihtiya\u00e7 ve lokasyon olarak en uygun alternatifleri en h\u0131zl\u0131 \u015fekilde sunuyoruz. D\u00fcnya trendlerini takip ederek en iyi konaklama deneyimini ya\u015fatmay\u0131 hedefliyoruz!\",\"breadcrumb\":{\"@id\":\"https:\/\/julesverne.com.tr\/jules-verne-business\/konaklama-hizmetleri\/#breadcrumb\"},\"inLanguage\":\"en-US\",\"potentialAction\":[{\"@type\":\"ReadAction\",\"target\":[\"https:\/\/julesverne.com.tr\/jules-verne-business\/konaklama-hizmetleri\/\"]}]},{\"@type\":\"ImageObject\",\"inLanguage\":\"en-US\",\"@id\":\"https:\/\/julesverne.com.tr\/jules-verne-business\/konaklama-hizmetleri\/#primaryimage\",\"url\":\"https:\/\/julesverne.com.tr\/wp-content\/uploads\/2024\/06\/Konaklama-2.png\",\"contentUrl\":\"https:\/\/julesverne.com.tr\/wp-content\/uploads\/2024\/06\/Konaklama-2.png\",\"width\":1142,\"height\":855},{\"@type\":\"BreadcrumbList\",\"@id\":\"https:\/\/julesverne.com.tr\/jules-verne-business\/konaklama-hizmetleri\/#breadcrumb\",\"itemListElement\":[{\"@type\":\"ListItem\",\"position\":1,\"name\":\"Anasayfa\",\"item\":\"https:\/\/julesverne.com.tr\/\"},{\"@type\":\"ListItem\",\"position\":2,\"name\":\"JULES VERNE BUSINESS\",\"item\":\"https:\/\/julesverne.com.tr\/jules-verne-business\/\"},{\"@type\":\"ListItem\",\"position\":3,\"name\":\"Konaklama Hizmetleri\"}]},{\"@type\":\"WebSite\",\"@id\":\"https:\/\/julesverne.com.tr\/#website\",\"url\":\"https:\/\/julesverne.com.tr\/\",\"name\":\"JULES VERNE BUSINESS MICE TRAVEL\",\"description\":\"\",\"publisher\":{\"@id\":\"https:\/\/julesverne.com.tr\/#organization\"},\"potentialAction\":[{\"@type\":\"SearchAction\",\"target\":{\"@type\":\"EntryPoint\",\"urlTemplate\":\"https:\/\/julesverne.com.tr\/?s={search_term_string}\"},\"query-input\":\"required name=search_term_string\"}],\"inLanguage\":\"en-US\"},{\"@type\":\"Organization\",\"@id\":\"https:\/\/julesverne.com.tr\/#organization\",\"name\":\"JULES VERNE BUSINESS MICE TRAVEL\",\"url\":\"https:\/\/julesverne.com.tr\/\",\"logo\":{\"@type\":\"ImageObject\",\"inLanguage\":\"en-US\",\"@id\":\"https:\/\/julesverne.com.tr\/#\/schema\/logo\/image\/\",\"url\":\"https:\/\/julesverne.com.tr\/wp-content\/uploads\/2020\/09\/jv-bmt-logo.png\",\"contentUrl\":\"https:\/\/julesverne.com.tr\/wp-content\/uploads\/2020\/09\/jv-bmt-logo.png\",\"width\":110,\"height\":81,\"caption\":\"JULES VERNE BUSINESS MICE TRAVEL\"},\"image\":{\"@id\":\"https:\/\/julesverne.com.tr\/#\/schema\/logo\/image\/\"},\"sameAs\":[\"https:\/\/www.facebook.com\/JulesVerneBusinessMiceTravel\/\",\"https:\/\/twitter.com\/JV_BusinessMice\",\"https:\/\/www.instagram.com\/julesvernebusinessmicetravel\/\",\"https:\/\/www.linkedin.com\/company\/julesvernebusinessmicetravel\/\",\"https:\/\/www.youtube.com\/channel\/UCAwdsmbZ6tFhu1tea6pkpiw\"]}]}<\/script>\n<!-- \/ Yoast SEO plugin. -->","yoast_head_json":{"title":"[:tr]Konaklama Hizmetleri[:en]Accommodation Services[:] - JULES VERNE BUSINESS MICE TRAVEL","description":"Yurt i\u00e7i ve yurt d\u0131\u015f\u0131ndaki tedarik\u00e7ilerimiz ve s\u00f6zle\u015fmeli otellerimiz ile b\u00fct\u00e7e, ihtiya\u00e7 ve lokasyon olarak en uygun alternatifleri en h\u0131zl\u0131 \u015fekilde sunuyoruz. D\u00fcnya trendlerini takip ederek en iyi konaklama deneyimini ya\u015fatmay\u0131 hedefliyoruz!","robots":{"index":"index","follow":"follow","max-snippet":"max-snippet:-1","max-image-preview":"max-image-preview:large","max-video-preview":"max-video-preview:-1"},"canonical":"https:\/\/julesverne.com.tr\/jules-verne-business\/konaklama-hizmetleri\/","og_locale":"en_US","og_type":"article","og_title":"[:tr]Konaklama Hizmetleri[:en]Accommodation Services[:] - JULES VERNE BUSINESS MICE TRAVEL","og_description":"Yurt i\u00e7i ve yurt d\u0131\u015f\u0131ndaki tedarik\u00e7ilerimiz ve s\u00f6zle\u015fmeli otellerimiz ile b\u00fct\u00e7e, ihtiya\u00e7 ve lokasyon olarak en uygun alternatifleri en h\u0131zl\u0131 \u015fekilde sunuyoruz. D\u00fcnya trendlerini takip ederek en iyi konaklama deneyimini ya\u015fatmay\u0131 hedefliyoruz!","og_url":"https:\/\/julesverne.com.tr\/jules-verne-business\/konaklama-hizmetleri\/","og_site_name":"JULES VERNE BUSINESS MICE TRAVEL","article_publisher":"https:\/\/www.facebook.com\/JulesVerneBusinessMiceTravel\/","article_modified_time":"2024-06-28T00:06:27+00:00","og_image":[{"width":1142,"height":855,"url":"https:\/\/julesverne.com.tr\/wp-content\/uploads\/2024\/06\/Konaklama-2.png","type":"image\/png"}],"twitter_card":"summary_large_image","twitter_site":"@JV_BusinessMice","twitter_misc":{"Est. reading time":"1 minute"},"schema":{"@context":"https:\/\/schema.org","@graph":[{"@type":"WebPage","@id":"https:\/\/julesverne.com.tr\/jules-verne-business\/konaklama-hizmetleri\/","url":"https:\/\/julesverne.com.tr\/jules-verne-business\/konaklama-hizmetleri\/","name":"[:tr]Konaklama Hizmetleri[:en]Accommodation Services[:] - JULES VERNE BUSINESS MICE TRAVEL","isPartOf":{"@id":"https:\/\/julesverne.com.tr\/#website"},"primaryImageOfPage":{"@id":"https:\/\/julesverne.com.tr\/jules-verne-business\/konaklama-hizmetleri\/#primaryimage"},"image":{"@id":"https:\/\/julesverne.com.tr\/jules-verne-business\/konaklama-hizmetleri\/#primaryimage"},"thumbnailUrl":"https:\/\/julesverne.com.tr\/wp-content\/uploads\/2024\/06\/Konaklama-2.png","datePublished":"2020-06-01T11:21:33+00:00","dateModified":"2024-06-28T00:06:27+00:00","description":"Yurt i\u00e7i ve yurt d\u0131\u015f\u0131ndaki tedarik\u00e7ilerimiz ve s\u00f6zle\u015fmeli otellerimiz ile b\u00fct\u00e7e, ihtiya\u00e7 ve lokasyon olarak en uygun alternatifleri en h\u0131zl\u0131 \u015fekilde sunuyoruz. D\u00fcnya trendlerini takip ederek en iyi konaklama deneyimini ya\u015fatmay\u0131 hedefliyoruz!","breadcrumb":{"@id":"https:\/\/julesverne.com.tr\/jules-verne-business\/konaklama-hizmetleri\/#breadcrumb"},"inLanguage":"en-US","potentialAction":[{"@type":"ReadAction","target":["https:\/\/julesverne.com.tr\/jules-verne-business\/konaklama-hizmetleri\/"]}]},{"@type":"ImageObject","inLanguage":"en-US","@id":"https:\/\/julesverne.com.tr\/jules-verne-business\/konaklama-hizmetleri\/#primaryimage","url":"https:\/\/julesverne.com.tr\/wp-content\/uploads\/2024\/06\/Konaklama-2.png","contentUrl":"https:\/\/julesverne.com.tr\/wp-content\/uploads\/2024\/06\/Konaklama-2.png","width":1142,"height":855},{"@type":"BreadcrumbList","@id":"https:\/\/julesverne.com.tr\/jules-verne-business\/konaklama-hizmetleri\/#breadcrumb","itemListElement":[{"@type":"ListItem","position":1,"name":"Anasayfa","item":"https:\/\/julesverne.com.tr\/"},{"@type":"ListItem","position":2,"name":"JULES VERNE BUSINESS","item":"https:\/\/julesverne.com.tr\/jules-verne-business\/"},{"@type":"ListItem","position":3,"name":"Konaklama Hizmetleri"}]},{"@type":"WebSite","@id":"https:\/\/julesverne.com.tr\/#website","url":"https:\/\/julesverne.com.tr\/","name":"JULES VERNE BUSINESS MICE TRAVEL","description":"","publisher":{"@id":"https:\/\/julesverne.com.tr\/#organization"},"potentialAction":[{"@type":"SearchAction","target":{"@type":"EntryPoint","urlTemplate":"https:\/\/julesverne.com.tr\/?s={search_term_string}"},"query-input":"required name=search_term_string"}],"inLanguage":"en-US"},{"@type":"Organization","@id":"https:\/\/julesverne.com.tr\/#organization","name":"JULES VERNE BUSINESS MICE TRAVEL","url":"https:\/\/julesverne.com.tr\/","logo":{"@type":"ImageObject","inLanguage":"en-US","@id":"https:\/\/julesverne.com.tr\/#\/schema\/logo\/image\/","url":"https:\/\/julesverne.com.tr\/wp-content\/uploads\/2020\/09\/jv-bmt-logo.png","contentUrl":"https:\/\/julesverne.com.tr\/wp-content\/uploads\/2020\/09\/jv-bmt-logo.png","width":110,"height":81,"caption":"JULES VERNE BUSINESS MICE TRAVEL"},"image":{"@id":"https:\/\/julesverne.com.tr\/#\/schema\/logo\/image\/"},"sameAs":["https:\/\/www.facebook.com\/JulesVerneBusinessMiceTravel\/","https:\/\/twitter.com\/JV_BusinessMice","https:\/\/www.instagram.com\/julesvernebusinessmicetravel\/","https:\/\/www.linkedin.com\/company\/julesvernebusinessmicetravel\/","https:\/\/www.youtube.com\/channel\/UCAwdsmbZ6tFhu1tea6pkpiw"]}]}},"_links":{"self":[{"href":"https:\/\/julesverne.com.tr\/en\/wp-json\/wp\/v2\/pages\/32"}],"collection":[{"href":"https:\/\/julesverne.com.tr\/en\/wp-json\/wp\/v2\/pages"}],"about":[{"href":"https:\/\/julesverne.com.tr\/en\/wp-json\/wp\/v2\/types\/page"}],"author":[{"embeddable":true,"href":"https:\/\/julesverne.com.tr\/en\/wp-json\/wp\/v2\/users\/1"}],"replies":[{"embeddable":true,"href":"https:\/\/julesverne.com.tr\/en\/wp-json\/wp\/v2\/comments?post=32"}],"version-history":[{"count":3,"href":"https:\/\/julesverne.com.tr\/en\/wp-json\/wp\/v2\/pages\/32\/revisions"}],"predecessor-version":[{"id":17531,"href":"https:\/\/julesverne.com.tr\/en\/wp-json\/wp\/v2\/pages\/32\/revisions\/17531"}],"up":[{"embeddable":true,"href":"https:\/\/julesverne.com.tr\/en\/wp-json\/wp\/v2\/pages\/9"}],"wp:featuredmedia":[{"embeddable":true,"href":"https:\/\/julesverne.com.tr\/en\/wp-json\/wp\/v2\/media\/17530"}],"wp:attachment":[{"href":"https:\/\/julesverne.com.tr\/en\/wp-json\/wp\/v2\/media?parent=32"}],"curies":[{"name":"wp","href":"https:\/\/api.w.org\/{rel}","templated":true}]}}