{"id":15945,"date":"2023-10-11T16:43:25","date_gmt":"2023-10-11T13:43:25","guid":{"rendered":"https:\/\/julesverne.com.tr\/?page_id=15945"},"modified":"2023-10-11T16:43:25","modified_gmt":"2023-10-11T13:43:25","slug":"en-personal-data-protection-application-form","status":"publish","type":"page","link":"https:\/\/julesverne.com.tr\/en\/en-personal-data-protection-application-form\/","title":{"rendered":"PERSONAL DATA PROTECTION APPLICATION FORM"},"content":{"rendered":"<p><\/p>\n<h1>ABH TUR\u0130ZM TESMS\u0130LC\u0130L\u0130K VE T\u0130CARET A.\u015e. (JULES VERNE BUSINESS MICE TRAVEL) APPLICATION FORM<\/h1>\n<p><strong><u>GENERAL INFORMATION<\/u><\/strong><\/p>\n<p>In the Law No. 6698 on the Protection of Personal Data (\u201cPDP Law\u201d), personal data owners (hereinafter referred to as the \u201cApplicant\u201d), who are defined as the data subject,\u00a0 have the right to make specific requests concerning the processing of their personal data pursuant to Article 11 of the PDP Law.<\/p>\n<p>As stipulated in the first paragraph of Article 13 of the PDP Law, applications related to these rights, to be directed to our Company, the data controller, must be submitted in writing or through other means as determined by the Personal Data Protection Board (\u201cBoard\u201d).<\/p>\n<p>In light of these provisions, applications to our Company can be made by printing out this form:<\/p>\n<ul>\n<li>and submitting it in person.<\/li>\n<li>and submitting it through a Notary Public.<\/li>\n<li>sending it to the Company\u2019s registered e-mail address by signing it with the \u201csecure electronic signature\u201d defined in Electronic Signature Law No. 5070.<\/li>\n<li>and sending it by using the mobile signature method.<\/li>\n<li>and sending it to us through the e-mail address you have previously provided to our Company and registered within our Company\u2019s systems, if applicable.<\/li>\n<\/ul>\n<p>&nbsp;<\/p>\n<p>Below, we provide information on how written applications should be delivered to us, specific to the respective channels:<\/p>\n<p>&nbsp;<\/p>\n<table>\n<tbody>\n<tr>\n<td width=\"194\"><strong>Application Method<\/strong><\/td>\n<td width=\"215\"><strong>Application Address<\/strong><\/td>\n<td width=\"195\"><strong>Information to be Included in the Application Submission<\/strong><\/td>\n<\/tr>\n<tr>\n<td width=\"194\">In-Person Application (The Applicant visits in person and submits the application with a document verifying their identity) or by Mail\/Courier<\/p>\n<p>&nbsp;<\/td>\n<td width=\"215\">Esentepe Mahallesi, M\u00fcselles Sok. Onur \u0130\u015f Merkezi No:1 Kat:5- 6-7, 34394 Esentepe\/\u015ei\u015fli &#8211; \u0130stanbul<\/td>\n<td width=\"195\">The envelope should be labeled with \u201cInformation Request under the Personal Data Protection Law.\u201d<\/td>\n<\/tr>\n<tr>\n<td width=\"194\">Notification through a Notary Public<\/td>\n<td width=\"215\">Esentepe Mahallesi, M\u00fcselles Sok. Onur \u0130\u015f Merkezi No:1 Kat:5- 6-7, 34394 Esentepe\/\u015ei\u015fli &#8211; \u0130stanbul<\/td>\n<td width=\"195\">The notification envelope should bear the label \u201cInformation Request under the Personal Data Protection Law.\u201d<\/td>\n<\/tr>\n<tr>\n<td width=\"194\">Via Registered Electronic Mail (KEP) signed with a \u201csecure electronic signature\u201d<\/td>\n<td width=\"215\"><a href=\"mailto:abhturizmtemsilcilik@hs03.kep.tr\">abhturizmtemsilcilik@hs03.kep.tr<\/a><\/td>\n<td width=\"195\">The e-mail subject section should be: \u201cInformation Request under the Personal Data Protection Law.\u201d<\/p>\n<p>&nbsp;<\/td>\n<\/tr>\n<tr>\n<td width=\"194\">Via e-mail, sent from the e-mail address you have previously provided to our Company and registered in our Company\u2019s systems<\/p>\n<p>&nbsp;<\/td>\n<td width=\"215\"><a href=\"mailto:info@julesverne.com.tr\">info@julesverne.com.tr<\/a><\/td>\n<td width=\"195\">The e-mail subject section should be: \u201cInformation Request under the Personal Data Protection Law.\u201d<\/td>\n<\/tr>\n<\/tbody>\n<\/table>\n<p>&nbsp;<\/p>\n<p>In accordance with Article 13, paragraph 2 of the PDP Law, we will respond to the applications you submit to us within 30 (thirty) days from the date of receiving your request, depending on the nature of the request. Our responses will be conveyed to you in either written or electronic format, as specified in Article 13 of the relevant PDP Law.<\/p>\n<h1>A.\u00a0\u00a0\u00a0\u00a0\u00a0 Contact details of the Applicant:<\/h1>\n<p><strong>\u00a0<\/strong><\/p>\n<table>\n<tbody>\n<tr>\n<td width=\"227\">Name:<\/td>\n<td width=\"378\">&nbsp;<\/td>\n<\/tr>\n<tr>\n<td width=\"227\">Surname:<\/td>\n<td width=\"378\">&nbsp;<\/td>\n<\/tr>\n<tr>\n<td width=\"227\">T.R. ID Number \/ (if foreigner) Nationality, Passport Number or Identity Number (if applicable):<\/td>\n<td width=\"378\">&nbsp;<\/td>\n<\/tr>\n<tr>\n<td width=\"227\">Phone Number:<\/td>\n<td width=\"378\">&nbsp;<\/td>\n<\/tr>\n<tr>\n<td width=\"227\">E-mail: (If specified, we will be able to respond to you more quickly.)<\/td>\n<td width=\"378\">&nbsp;<\/td>\n<\/tr>\n<tr>\n<td width=\"227\">Address:<\/td>\n<td width=\"378\">&nbsp;<\/td>\n<\/tr>\n<\/tbody>\n<\/table>\n<p><strong>\u00a0<\/strong><\/p>\n<ol>\n<li><strong>Please indicate your relationship with our Company. (e.g., customer, business partner, prospective employee, former employee, employee of a third party company, shareholder)<\/strong><\/li>\n<\/ol>\n<p><strong>\u00a0<\/strong><\/p>\n<table>\n<tbody>\n<tr>\n<td width=\"227\">\u2610 Customer<\/p>\n<p>\u2610 Visitor<\/td>\n<td width=\"378\">\u2610 Business Partner<\/p>\n<p>\u2610 Other: \u2026\u2026\u2026\u2026\u2026\u2026\u2026\u2026\u2026\u2026\u2026\u2026\u2026\u2026\u2026\u2026\u2026\u2026\u2026\u2026\u2026\u2026..<\/td>\n<\/tr>\n<tr>\n<td colspan=\"2\" width=\"604\">Unit you are in contact with within our company:\u2026\u2026\u2026\u2026\u2026\u2026\u2026.\u2026\u2026\u2026\u2026\u2026\u2026\u2026\u2026\u2026\u2026\u2026\u2026\u2026\u2026\u2026\u2026\u2026\u2026\u2026\u2026\u2026\u2026<\/p>\n<p><strong>\u00a0<\/strong><\/p>\n<p>Subject: \u2026\u2026\u2026\u2026\u2026\u2026\u2026\u2026\u2026\u2026\u2026\u2026\u2026\u2026..\u2026\u2026\u2026\u2026\u2026\u2026\u2026\u2026\u2026\u2026\u2026\u2026\u2026\u2026.\u2026\u2026\u2026\u2026\u2026&#8230;\u2026\u2026\u2026\u2026\u2026\u2026\u2026\u2026\u2026\u2026\u2026\u2026\u2026\u2026\u2026\u2026\u2026\u2026\u2026<\/td>\n<\/tr>\n<\/tbody>\n<\/table>\n<p><strong>\u00a0<\/strong><\/p>\n<p><strong>\u00a0<\/strong><\/p>\n<table>\n<tbody>\n<tr>\n<td width=\"227\">\u2610 I am a Former Employee<\/p>\n<p>The Years I worked:<\/p>\n<p>\u2026\u2026\u2026\u2026\u2026\u2026\u2026\u2026\u2026\u2026\u2026\u2026\u2026\u2026\u2026.<\/p>\n<p><strong>\u00a0<\/strong><\/p>\n<p>\u2610 Other:<\/p>\n<p>\u2026\u2026\u2026\u2026\u2026\u2026\u2026\u2026\u2026\u2026\u2026\u2026\u2026\u2026\u2026\u2026\u2026\u2026\u2026\u2026..<\/td>\n<td width=\"378\">\u2610 Date I Submitted Job Application \/ Resume: \u2026\u2026\u2026\u2026\u2026\u2026\u2026\u2026\u2026\u2026\u2026\u2026\u2026\u2026\u2026\u2026\u2026\u2026\u2026\u2026\u2026\u2026\u2026\u2026\u2026..<\/p>\n<p>\u2610 I am a Third Party Company Employee<\/p>\n<p>Please specify the company and position you work for<\/p>\n<p>\u2026\u2026\u2026\u2026\u2026\u2026\u2026\u2026\u2026\u2026\u2026\u2026\u2026\u2026\u2026\u2026\u2026\u2026\u2026\u2026\u2026\u2026\u2026\u2026\u2026\u2026\u2026\u2026\u2026\u2026<\/td>\n<\/tr>\n<\/tbody>\n<\/table>\n<p><strong>\u00a0<\/strong><\/p>\n<p><strong>Please indicate your request in detail within the scope of the PDP Law:<\/strong><\/p>\n<p>\u2026\u2026\u2026\u2026\u2026\u2026\u2026..\u2026\u2026\u2026\u2026\u2026.\u2026\u2026\u2026\u2026\u2026\u2026\u2026\u2026\u2026\u2026\u2026\u2026.\u2026\u2026\u2026\u2026\u2026\u2026\u2026\u2026\u2026\u2026\u2026\u2026.\u2026\u2026\u2026\u2026\u2026\u2026\u2026\u2026\u2026\u2026\u2026\u2026\u2026\u2026\u2026\u2026\u2026\u2026\u2026\u2026\u2026<\/p>\n<p>\u2026\u2026\u2026\u2026\u2026\u2026\u2026\u2026\u2026\u2026\u2026\u2026\u2026\u2026\u2026\u2026\u2026\u2026\u2026\u2026\u2026\u2026\u2026\u2026\u2026\u2026\u2026\u2026\u2026\u2026\u2026\u2026\u2026\u2026\u2026\u2026\u2026\u2026\u2026\u2026\u2026\u2026\u2026\u2026\u2026\u2026\u2026\u2026\u2026\u2026\u2026\u2026\u2026\u2026\u2026\u2026\u2026\u2026\u2026<\/p>\n<p>\u2026\u2026\u2026\u2026\u2026\u2026\u2026\u2026\u2026\u2026\u2026\u2026\u2026\u2026\u2026\u2026\u2026\u2026\u2026\u2026\u2026\u2026\u2026\u2026\u2026\u2026\u2026\u2026\u2026\u2026\u2026\u2026\u2026\u2026\u2026\u2026\u2026\u2026\u2026\u2026\u2026\u2026\u2026\u2026\u2026\u2026\u2026\u2026\u2026\u2026\u2026\u2026\u2026\u2026\u2026\u2026\u2026\u2026\u2026<\/p>\n<p>\u2026\u2026\u2026\u2026\u2026\u2026\u2026\u2026\u2026\u2026\u2026\u2026\u2026\u2026\u2026\u2026\u2026\u2026\u2026\u2026\u2026\u2026\u2026\u2026\u2026\u2026\u2026\u2026\u2026\u2026\u2026\u2026\u2026\u2026\u2026\u2026\u2026\u2026\u2026\u2026\u2026\u2026\u2026\u2026\u2026\u2026\u2026\u2026\u2026\u2026\u2026\u2026\u2026\u2026\u2026\u2026\u2026\u2026\u2026<\/p>\n<p>\u2026\u2026\u2026\u2026\u2026\u2026\u2026\u2026\u2026\u2026\u2026\u2026\u2026\u2026\u2026\u2026\u2026\u2026\u2026\u2026\u2026\u2026\u2026\u2026\u2026\u2026\u2026\u2026\u2026\u2026\u2026\u2026\u2026\u2026\u2026\u2026\u2026\u2026\u2026\u2026\u2026\u2026\u2026\u2026\u2026\u2026\u2026\u2026\u2026\u2026\u2026\u2026\u2026\u2026\u2026\u2026\u2026\u2026\u2026<\/p>\n<p>\u2026\u2026\u2026\u2026\u2026\u2026\u2026\u2026\u2026\u2026\u2026\u2026\u2026\u2026\u2026\u2026\u2026\u2026\u2026\u2026\u2026\u2026\u2026\u2026\u2026\u2026\u2026\u2026\u2026\u2026\u2026\u2026\u2026\u2026\u2026\u2026\u2026\u2026\u2026\u2026\u2026\u2026\u2026\u2026\u2026\u2026\u2026\u2026\u2026\u2026\u2026\u2026\u2026\u2026\u2026\u2026\u2026\u2026\u2026<\/p>\n<p>\u2026\u2026\u2026\u2026\u2026\u2026\u2026\u2026\u2026\u2026\u2026\u2026\u2026\u2026\u2026\u2026\u2026\u2026\u2026\u2026\u2026\u2026\u2026\u2026\u2026\u2026\u2026\u2026\u2026\u2026\u2026\u2026\u2026\u2026\u2026\u2026\u2026\u2026\u2026\u2026\u2026\u2026\u2026\u2026\u2026\u2026\u2026\u2026\u2026\u2026\u2026\u2026\u2026\u2026\u2026\u2026\u2026\u2026\u2026<\/p>\n<p>\u2026\u2026\u2026\u2026\u2026\u2026\u2026\u2026\u2026\u2026\u2026\u2026\u2026\u2026\u2026\u2026\u2026\u2026\u2026\u2026\u2026\u2026\u2026\u2026\u2026\u2026\u2026\u2026\u2026\u2026\u2026\u2026\u2026\u2026\u2026\u2026\u2026\u2026\u2026\u2026\u2026\u2026\u2026\u2026\u2026\u2026\u2026\u2026\u2026\u2026\u2026\u2026\u2026\u2026\u2026\u2026\u2026\u2026\u2026<\/p>\n<p>\u2026\u2026\u2026\u2026\u2026\u2026\u2026\u2026\u2026\u2026\u2026\u2026\u2026\u2026\u2026\u2026\u2026\u2026\u2026\u2026\u2026\u2026\u2026\u2026\u2026\u2026\u2026\u2026\u2026\u2026\u2026\u2026\u2026\u2026\u2026\u2026\u2026\u2026\u2026\u2026\u2026\u2026\u2026\u2026\u2026\u2026\u2026\u2026\u2026\u2026\u2026\u2026\u2026\u2026\u2026\u2026\u2026\u2026\u2026<\/p>\n<p>&nbsp;<\/p>\n<p>\u2026\u2026\u2026\u2026\u2026\u2026\u2026\u2026\u2026\u2026\u2026\u2026\u2026\u2026\u2026\u2026\u2026\u2026\u2026\u2026\u2026\u2026\u2026\u2026\u2026\u2026\u2026\u2026\u2026\u2026\u2026\u2026\u2026\u2026\u2026\u2026\u2026\u2026\u2026\u2026\u2026\u2026\u2026\u2026\u2026\u2026\u2026\u2026\u2026\u2026\u2026\u2026\u2026\u2026\u2026\u2026\u2026\u2026..<\/p>\n<p>\u2026\u2026\u2026\u2026\u2026\u2026\u2026..\u2026\u2026\u2026\u2026\u2026.\u2026\u2026\u2026\u2026\u2026\u2026\u2026\u2026\u2026\u2026\u2026\u2026.\u2026\u2026\u2026\u2026\u2026\u2026\u2026\u2026\u2026\u2026\u2026\u2026.\u2026\u2026\u2026\u2026\u2026\u2026\u2026\u2026\u2026\u2026\u2026\u2026\u2026\u2026\u2026\u2026\u2026\u2026\u2026\u2026\u2026<\/p>\n<p>\u2026\u2026\u2026\u2026\u2026\u2026\u2026\u2026\u2026\u2026\u2026\u2026\u2026\u2026\u2026\u2026\u2026\u2026\u2026\u2026\u2026\u2026\u2026\u2026\u2026\u2026\u2026\u2026\u2026\u2026\u2026\u2026\u2026\u2026\u2026\u2026\u2026\u2026\u2026\u2026\u2026\u2026\u2026\u2026\u2026\u2026\u2026\u2026\u2026\u2026\u2026\u2026\u2026\u2026\u2026\u2026\u2026\u2026\u2026<\/p>\n<p>\u2026\u2026\u2026\u2026\u2026\u2026\u2026\u2026\u2026\u2026\u2026\u2026\u2026\u2026\u2026\u2026\u2026\u2026\u2026\u2026\u2026\u2026\u2026\u2026\u2026\u2026\u2026\u2026\u2026\u2026\u2026\u2026\u2026\u2026\u2026\u2026\u2026\u2026\u2026\u2026\u2026\u2026\u2026\u2026\u2026\u2026\u2026\u2026\u2026\u2026\u2026\u2026\u2026\u2026\u2026\u2026\u2026\u2026\u2026<\/p>\n<p>\u2026\u2026\u2026\u2026\u2026\u2026\u2026\u2026\u2026\u2026\u2026\u2026\u2026\u2026\u2026\u2026\u2026\u2026\u2026\u2026\u2026\u2026\u2026\u2026\u2026\u2026\u2026\u2026\u2026\u2026\u2026\u2026\u2026\u2026\u2026\u2026\u2026\u2026\u2026\u2026\u2026\u2026\u2026\u2026\u2026\u2026\u2026\u2026\u2026\u2026\u2026\u2026\u2026\u2026\u2026\u2026\u2026\u2026\u2026<\/p>\n<p>\u2026\u2026\u2026\u2026\u2026\u2026\u2026\u2026\u2026\u2026\u2026\u2026\u2026\u2026\u2026\u2026\u2026\u2026\u2026\u2026\u2026\u2026\u2026\u2026\u2026\u2026\u2026\u2026\u2026\u2026\u2026\u2026\u2026\u2026\u2026\u2026\u2026\u2026\u2026\u2026\u2026\u2026\u2026\u2026\u2026\u2026\u2026\u2026\u2026\u2026\u2026\u2026\u2026\u2026\u2026\u2026\u2026\u2026\u2026<\/p>\n<p>\u2026\u2026\u2026\u2026\u2026\u2026\u2026\u2026\u2026\u2026\u2026\u2026\u2026\u2026\u2026\u2026\u2026\u2026\u2026\u2026\u2026\u2026\u2026\u2026\u2026\u2026\u2026\u2026\u2026\u2026\u2026\u2026\u2026\u2026\u2026\u2026\u2026\u2026\u2026\u2026\u2026\u2026\u2026\u2026\u2026\u2026\u2026\u2026\u2026\u2026\u2026\u2026\u2026\u2026\u2026\u2026\u2026\u2026\u2026<\/p>\n<p>\u2026\u2026\u2026\u2026\u2026\u2026\u2026\u2026\u2026\u2026\u2026\u2026\u2026\u2026\u2026\u2026\u2026\u2026\u2026\u2026\u2026\u2026\u2026\u2026\u2026\u2026\u2026\u2026\u2026\u2026\u2026\u2026\u2026\u2026\u2026\u2026\u2026\u2026\u2026\u2026\u2026\u2026\u2026\u2026\u2026\u2026\u2026\u2026\u2026\u2026\u2026\u2026\u2026\u2026\u2026\u2026\u2026\u2026\u2026<\/p>\n<h1>C.\u00a0\u00a0\u00a0\u00a0\u00a0 Please select your preferred method for receiving our response to your application:<\/h1>\n<ul>\n<li>I prefer it to be delivered to my address.<\/li>\n<li>I prefer it to be sent to my e-mail address. (Selecting the e-mail method will result in a faster response.)<\/li>\n<li>I would like to receive it in person. (If received by a proxy, a notarized power of attorney or authorization certificate is required.)<\/li>\n<\/ul>\n<p>This Application Form serves the purpose of establishing your relationship with our Company, identifying any personal data processed by our Company, and ensuring accurate and legally compliant responses to your inquiries. To mitigate legal risks stemming from unauthorized or improper data sharing, especially to safeguard your personal data, our Company reserves the right to request additional documentation and information (e.g., a copy of your identity card or driver\u2019s license) for identification and authorization. If the information related to your requests within the scope of this form is inaccurate or outdated, or if an unauthorized application is made, our Company disclaims any liability for requests arising from such inaccuracies or unauthorized applications.<\/p>\n<h1>Applicant ( Data Subject) Name and Surname :<\/h1>\n<p><strong>Application Date: Signature\u00a0\u00a0\u00a0\u00a0 :<\/strong><\/p>","protected":false},"excerpt":{"rendered":"<p>ABH TUR\u0130ZM TESMS\u0130LC\u0130L\u0130K VE T\u0130CARET A.\u015e. (JULES VERNE BUSINESS MICE TRAVEL) APPLICATION FORM GENERAL INFORMATION In the Law No. 6698 on the Protection of Personal Data (\u201cPDP Law\u201d), personal data owners (hereinafter referred to as the \u201cApplicant\u201d), who are defined as the data subject,\u00a0 have the right to make specific requests concerning the processing of [&hellip;]<\/p>\n","protected":false},"author":1,"featured_media":0,"parent":0,"menu_order":0,"comment_status":"closed","ping_status":"closed","template":"","meta":{"inline_featured_image":false,"footnotes":""},"acf":[],"yoast_head":"<!-- This site is optimized with the Yoast SEO plugin v22.3 - https:\/\/yoast.com\/wordpress\/plugins\/seo\/ -->\n<title>PERSONAL DATA PROTECTION APPLICATION FORM - JULES VERNE BUSINESS MICE TRAVEL<\/title>\n<meta name=\"robots\" content=\"index, follow, max-snippet:-1, max-image-preview:large, max-video-preview:-1\" \/>\n<link rel=\"canonical\" href=\"https:\/\/julesverne.com.tr\/en-personal-data-protection-application-form\/\" \/>\n<meta property=\"og:locale\" content=\"en_US\" \/>\n<meta property=\"og:type\" content=\"article\" \/>\n<meta property=\"og:title\" content=\"[:en]PERSONAL DATA PROTECTION APPLICATION FORM[:] - JULES VERNE BUSINESS MICE TRAVEL\" \/>\n<meta property=\"og:description\" content=\"ABH TUR\u0130ZM TESMS\u0130LC\u0130L\u0130K VE T\u0130CARET A.\u015e. (JULES VERNE BUSINESS MICE TRAVEL) APPLICATION FORM GENERAL INFORMATION In the Law No. 6698 on the Protection of Personal Data (\u201cPDP Law\u201d), personal data owners (hereinafter referred to as the \u201cApplicant\u201d), who are defined as the data subject,\u00a0 have the right to make specific requests concerning the processing of [&hellip;]\" \/>\n<meta property=\"og:url\" content=\"https:\/\/julesverne.com.tr\/en-personal-data-protection-application-form\/\" \/>\n<meta property=\"og:site_name\" content=\"JULES VERNE BUSINESS MICE TRAVEL\" \/>\n<meta property=\"article:publisher\" content=\"https:\/\/www.facebook.com\/JulesVerneBusinessMiceTravel\/\" \/>\n<meta property=\"og:image\" content=\"https:\/\/julesverne.com.tr\/wp-content\/uploads\/2021\/02\/1920x960_jv_main-scaled.jpg\" \/>\n\t<meta property=\"og:image:width\" content=\"1600\" \/>\n\t<meta property=\"og:image:height\" content=\"800\" \/>\n\t<meta property=\"og:image:type\" content=\"image\/jpeg\" \/>\n<meta name=\"twitter:card\" content=\"summary_large_image\" \/>\n<meta name=\"twitter:site\" content=\"@JV_BusinessMice\" \/>\n<meta name=\"twitter:label1\" content=\"Est. reading time\" \/>\n\t<meta name=\"twitter:data1\" content=\"4 minutes\" \/>\n<script type=\"application\/ld+json\" class=\"yoast-schema-graph\">{\"@context\":\"https:\/\/schema.org\",\"@graph\":[{\"@type\":\"WebPage\",\"@id\":\"https:\/\/julesverne.com.tr\/en-personal-data-protection-application-form\/\",\"url\":\"https:\/\/julesverne.com.tr\/en-personal-data-protection-application-form\/\",\"name\":\"[:en]PERSONAL DATA PROTECTION APPLICATION FORM[:] - JULES VERNE BUSINESS MICE TRAVEL\",\"isPartOf\":{\"@id\":\"https:\/\/julesverne.com.tr\/#website\"},\"datePublished\":\"2023-10-11T13:43:25+00:00\",\"dateModified\":\"2023-10-11T13:43:25+00:00\",\"breadcrumb\":{\"@id\":\"https:\/\/julesverne.com.tr\/en-personal-data-protection-application-form\/#breadcrumb\"},\"inLanguage\":\"en-US\",\"potentialAction\":[{\"@type\":\"ReadAction\",\"target\":[\"https:\/\/julesverne.com.tr\/en-personal-data-protection-application-form\/\"]}]},{\"@type\":\"BreadcrumbList\",\"@id\":\"https:\/\/julesverne.com.tr\/en-personal-data-protection-application-form\/#breadcrumb\",\"itemListElement\":[{\"@type\":\"ListItem\",\"position\":1,\"name\":\"Anasayfa\",\"item\":\"https:\/\/julesverne.com.tr\/\"},{\"@type\":\"ListItem\",\"position\":2,\"name\":\"(EN) PERSONAL DATA PROTECTION APPLICATION FORM\"}]},{\"@type\":\"WebSite\",\"@id\":\"https:\/\/julesverne.com.tr\/#website\",\"url\":\"https:\/\/julesverne.com.tr\/\",\"name\":\"JULES VERNE BUSINESS MICE TRAVEL\",\"description\":\"\",\"publisher\":{\"@id\":\"https:\/\/julesverne.com.tr\/#organization\"},\"potentialAction\":[{\"@type\":\"SearchAction\",\"target\":{\"@type\":\"EntryPoint\",\"urlTemplate\":\"https:\/\/julesverne.com.tr\/?s={search_term_string}\"},\"query-input\":\"required name=search_term_string\"}],\"inLanguage\":\"en-US\"},{\"@type\":\"Organization\",\"@id\":\"https:\/\/julesverne.com.tr\/#organization\",\"name\":\"JULES VERNE BUSINESS MICE TRAVEL\",\"url\":\"https:\/\/julesverne.com.tr\/\",\"logo\":{\"@type\":\"ImageObject\",\"inLanguage\":\"en-US\",\"@id\":\"https:\/\/julesverne.com.tr\/#\/schema\/logo\/image\/\",\"url\":\"https:\/\/julesverne.com.tr\/wp-content\/uploads\/2020\/09\/jv-bmt-logo.png\",\"contentUrl\":\"https:\/\/julesverne.com.tr\/wp-content\/uploads\/2020\/09\/jv-bmt-logo.png\",\"width\":110,\"height\":81,\"caption\":\"JULES VERNE BUSINESS MICE TRAVEL\"},\"image\":{\"@id\":\"https:\/\/julesverne.com.tr\/#\/schema\/logo\/image\/\"},\"sameAs\":[\"https:\/\/www.facebook.com\/JulesVerneBusinessMiceTravel\/\",\"https:\/\/twitter.com\/JV_BusinessMice\",\"https:\/\/www.instagram.com\/julesvernebusinessmicetravel\/\",\"https:\/\/www.linkedin.com\/company\/julesvernebusinessmicetravel\/\",\"https:\/\/www.youtube.com\/channel\/UCAwdsmbZ6tFhu1tea6pkpiw\"]}]}<\/script>\n<!-- \/ Yoast SEO plugin. -->","yoast_head_json":{"title":"[:en]PERSONAL DATA PROTECTION APPLICATION FORM[:] - JULES VERNE BUSINESS MICE TRAVEL","robots":{"index":"index","follow":"follow","max-snippet":"max-snippet:-1","max-image-preview":"max-image-preview:large","max-video-preview":"max-video-preview:-1"},"canonical":"https:\/\/julesverne.com.tr\/en-personal-data-protection-application-form\/","og_locale":"en_US","og_type":"article","og_title":"[:en]PERSONAL DATA PROTECTION APPLICATION FORM[:] - JULES VERNE BUSINESS MICE TRAVEL","og_description":"ABH TUR\u0130ZM TESMS\u0130LC\u0130L\u0130K VE T\u0130CARET A.\u015e. (JULES VERNE BUSINESS MICE TRAVEL) APPLICATION FORM GENERAL INFORMATION In the Law No. 6698 on the Protection of Personal Data (\u201cPDP Law\u201d), personal data owners (hereinafter referred to as the \u201cApplicant\u201d), who are defined as the data subject,\u00a0 have the right to make specific requests concerning the processing of [&hellip;]","og_url":"https:\/\/julesverne.com.tr\/en-personal-data-protection-application-form\/","og_site_name":"JULES VERNE BUSINESS MICE TRAVEL","article_publisher":"https:\/\/www.facebook.com\/JulesVerneBusinessMiceTravel\/","og_image":[{"width":1600,"height":800,"url":"https:\/\/julesverne.com.tr\/wp-content\/uploads\/2021\/02\/1920x960_jv_main-scaled.jpg","type":"image\/jpeg"}],"twitter_card":"summary_large_image","twitter_site":"@JV_BusinessMice","twitter_misc":{"Est. reading time":"4 minutes"},"schema":{"@context":"https:\/\/schema.org","@graph":[{"@type":"WebPage","@id":"https:\/\/julesverne.com.tr\/en-personal-data-protection-application-form\/","url":"https:\/\/julesverne.com.tr\/en-personal-data-protection-application-form\/","name":"[:en]PERSONAL DATA PROTECTION APPLICATION FORM[:] - JULES VERNE BUSINESS MICE TRAVEL","isPartOf":{"@id":"https:\/\/julesverne.com.tr\/#website"},"datePublished":"2023-10-11T13:43:25+00:00","dateModified":"2023-10-11T13:43:25+00:00","breadcrumb":{"@id":"https:\/\/julesverne.com.tr\/en-personal-data-protection-application-form\/#breadcrumb"},"inLanguage":"en-US","potentialAction":[{"@type":"ReadAction","target":["https:\/\/julesverne.com.tr\/en-personal-data-protection-application-form\/"]}]},{"@type":"BreadcrumbList","@id":"https:\/\/julesverne.com.tr\/en-personal-data-protection-application-form\/#breadcrumb","itemListElement":[{"@type":"ListItem","position":1,"name":"Anasayfa","item":"https:\/\/julesverne.com.tr\/"},{"@type":"ListItem","position":2,"name":"(EN) PERSONAL DATA PROTECTION APPLICATION FORM"}]},{"@type":"WebSite","@id":"https:\/\/julesverne.com.tr\/#website","url":"https:\/\/julesverne.com.tr\/","name":"JULES VERNE BUSINESS MICE TRAVEL","description":"","publisher":{"@id":"https:\/\/julesverne.com.tr\/#organization"},"potentialAction":[{"@type":"SearchAction","target":{"@type":"EntryPoint","urlTemplate":"https:\/\/julesverne.com.tr\/?s={search_term_string}"},"query-input":"required name=search_term_string"}],"inLanguage":"en-US"},{"@type":"Organization","@id":"https:\/\/julesverne.com.tr\/#organization","name":"JULES VERNE BUSINESS MICE TRAVEL","url":"https:\/\/julesverne.com.tr\/","logo":{"@type":"ImageObject","inLanguage":"en-US","@id":"https:\/\/julesverne.com.tr\/#\/schema\/logo\/image\/","url":"https:\/\/julesverne.com.tr\/wp-content\/uploads\/2020\/09\/jv-bmt-logo.png","contentUrl":"https:\/\/julesverne.com.tr\/wp-content\/uploads\/2020\/09\/jv-bmt-logo.png","width":110,"height":81,"caption":"JULES VERNE BUSINESS MICE TRAVEL"},"image":{"@id":"https:\/\/julesverne.com.tr\/#\/schema\/logo\/image\/"},"sameAs":["https:\/\/www.facebook.com\/JulesVerneBusinessMiceTravel\/","https:\/\/twitter.com\/JV_BusinessMice","https:\/\/www.instagram.com\/julesvernebusinessmicetravel\/","https:\/\/www.linkedin.com\/company\/julesvernebusinessmicetravel\/","https:\/\/www.youtube.com\/channel\/UCAwdsmbZ6tFhu1tea6pkpiw"]}]}},"_links":{"self":[{"href":"https:\/\/julesverne.com.tr\/en\/wp-json\/wp\/v2\/pages\/15945"}],"collection":[{"href":"https:\/\/julesverne.com.tr\/en\/wp-json\/wp\/v2\/pages"}],"about":[{"href":"https:\/\/julesverne.com.tr\/en\/wp-json\/wp\/v2\/types\/page"}],"author":[{"embeddable":true,"href":"https:\/\/julesverne.com.tr\/en\/wp-json\/wp\/v2\/users\/1"}],"replies":[{"embeddable":true,"href":"https:\/\/julesverne.com.tr\/en\/wp-json\/wp\/v2\/comments?post=15945"}],"version-history":[{"count":1,"href":"https:\/\/julesverne.com.tr\/en\/wp-json\/wp\/v2\/pages\/15945\/revisions"}],"predecessor-version":[{"id":15946,"href":"https:\/\/julesverne.com.tr\/en\/wp-json\/wp\/v2\/pages\/15945\/revisions\/15946"}],"wp:attachment":[{"href":"https:\/\/julesverne.com.tr\/en\/wp-json\/wp\/v2\/media?parent=15945"}],"curies":[{"name":"wp","href":"https:\/\/api.w.org\/{rel}","templated":true}]}}