{"id":12547,"date":"2022-02-23T11:01:56","date_gmt":"2022-02-23T08:01:56","guid":{"rendered":"https:\/\/julesverne.com.tr\/?page_id=12547"},"modified":"2022-03-14T17:45:10","modified_gmt":"2022-03-14T14:45:10","slug":"ozel-turlar-geziler","status":"publish","type":"page","link":"https:\/\/julesverne.com.tr\/en\/jules-verne-travel\/virtuoso\/ozel-turlar-geziler\/","title":{"rendered":"Tours"},"content":{"rendered":"<p><strong>Way more than a cookie-cutter tour.<\/strong><\/p>\n<p>Travel advisors have access to Virtuoso\u2019s network of the world\u2019s best tour partners, and their expertise means your most memorable trips are yet to come \u2013 whenever you\u2019re ready to take them. Virtuoso tour operators and on-site tour connections create amazing, customized travel experiences around the world, from group and escorted tours to independent vacations. Talk to a travel advisor about what you want to do \u2013 and they\u2019ll help you create a one-of-a-kind itinerary. Through their connections with destination experts in more than 145 countries, Virtuoso advisors give travelers exclusive experiences (surf lessons with a pro or a private meeting with the Dalai Lama, anyone?), insider access, and VIP treatment.<\/p>\n<h2>Virtuoso travelers can access:<\/h2>\n<h3>* Preferred rates<\/h3>\n<h3>* 200+ vetted tour and on-site tour providers<\/h3>\n<h3>* Experiences in more than 2,500 destinations<\/h3>\n<h3>* The world\u2019s best and most knowledgeable tour guides<\/h3>\n<h3>* Flexible booking and cancellation policies<\/h3>\n<p>For more information about the benefits of being a Virtuoso traveler, please visit\u00a0<strong><a href=\"https:\/\/www.virtuoso.com\/member\/julesver17241\/travel\/luxury-tours\">our Virtuoso website<\/a><\/strong>.<\/p>\n<p>Please contact us for further details:<a href=\"mailto:travel@julesverne.com.tr\">\u00a0travel@julesverne.com.tr\u00a0<\/a><\/p>","protected":false},"excerpt":{"rendered":"<p>Way more than a cookie-cutter tour. Travel advisors have access to Virtuoso\u2019s network of the world\u2019s best tour partners, and their expertise means your most memorable trips are yet to come \u2013 whenever you\u2019re ready to take them. Virtuoso tour operators and on-site tour connections create amazing, customized travel experiences around the world, from group [&hellip;]<\/p>\n","protected":false},"author":1,"featured_media":12748,"parent":12021,"menu_order":0,"comment_status":"closed","ping_status":"closed","template":"page-service-brands-child.php","meta":{"inline_featured_image":false,"footnotes":""},"acf":[],"yoast_head":"<!-- This site is optimized with the Yoast SEO plugin v22.3 - https:\/\/yoast.com\/wordpress\/plugins\/seo\/ -->\n<title>Tours - JULES VERNE BUSINESS MICE TRAVEL<\/title>\n<meta name=\"description\" content=\"Virtuoso tur operat\u00f6rleri 145&#039;ten fazla \u00fclkedeki ba\u011flant\u0131lar\u0131 arac\u0131l\u0131\u011f\u0131yla, d\u00fcnya \u00e7ap\u0131nda grup turlar\u0131ndan \u00f6zel gezilere ve ba\u011f\u0131ms\u0131z tatillere kadar muhte\u015fem ve ki\u015fiye \u00f6zel seyahatler tasarlar. Virtuoso gezginlerine \u00e7ok \u00f6zel deneyimler ya\u015fama imkan\u0131, k\u0131s\u0131tl\u0131 hizmetlere eri\u015fim ve VIP a\u011f\u0131rlama hizmeti sunar.\" \/>\n<meta name=\"robots\" content=\"index, follow, max-snippet:-1, max-image-preview:large, max-video-preview:-1\" \/>\n<link rel=\"canonical\" href=\"https:\/\/julesverne.com.tr\/jules-verne-travel\/virtuoso\/ozel-turlar-geziler\/\" \/>\n<meta property=\"og:locale\" content=\"en_US\" \/>\n<meta property=\"og:type\" content=\"article\" \/>\n<meta property=\"og:title\" content=\"[:tr]\u00d6ZEL TURLAR &amp; GEZ\u0130LER[:en]Tours[:] - JULES VERNE BUSINESS MICE TRAVEL\" \/>\n<meta property=\"og:description\" content=\"Virtuoso tur operat\u00f6rleri 145&#039;ten fazla \u00fclkedeki ba\u011flant\u0131lar\u0131 arac\u0131l\u0131\u011f\u0131yla, d\u00fcnya \u00e7ap\u0131nda grup turlar\u0131ndan \u00f6zel gezilere ve ba\u011f\u0131ms\u0131z tatillere kadar muhte\u015fem ve ki\u015fiye \u00f6zel seyahatler tasarlar. Virtuoso gezginlerine \u00e7ok \u00f6zel deneyimler ya\u015fama imkan\u0131, k\u0131s\u0131tl\u0131 hizmetlere eri\u015fim ve VIP a\u011f\u0131rlama hizmeti sunar.\" \/>\n<meta property=\"og:url\" content=\"https:\/\/julesverne.com.tr\/jules-verne-travel\/virtuoso\/ozel-turlar-geziler\/\" \/>\n<meta property=\"og:site_name\" content=\"JULES VERNE BUSINESS MICE TRAVEL\" \/>\n<meta property=\"article:publisher\" content=\"https:\/\/www.facebook.com\/JulesVerneBusinessMiceTravel\/\" \/>\n<meta property=\"article:modified_time\" content=\"2022-03-14T14:45:10+00:00\" \/>\n<meta property=\"og:image\" content=\"https:\/\/julesverne.com.tr\/wp-content\/uploads\/2022\/03\/virtuoso-tours-safari-africa.jpg\" \/>\n\t<meta property=\"og:image:width\" content=\"1536\" \/>\n\t<meta property=\"og:image:height\" content=\"1028\" \/>\n\t<meta property=\"og:image:type\" content=\"image\/jpeg\" \/>\n<meta name=\"twitter:card\" content=\"summary_large_image\" \/>\n<meta name=\"twitter:site\" content=\"@JV_BusinessMice\" \/>\n<meta name=\"twitter:label1\" content=\"Est. reading time\" \/>\n\t<meta name=\"twitter:data1\" content=\"2 minutes\" \/>\n<script type=\"application\/ld+json\" class=\"yoast-schema-graph\">{\"@context\":\"https:\/\/schema.org\",\"@graph\":[{\"@type\":\"WebPage\",\"@id\":\"https:\/\/julesverne.com.tr\/jules-verne-travel\/virtuoso\/ozel-turlar-geziler\/\",\"url\":\"https:\/\/julesverne.com.tr\/jules-verne-travel\/virtuoso\/ozel-turlar-geziler\/\",\"name\":\"[:tr]\u00d6ZEL TURLAR & GEZ\u0130LER[:en]Tours[:] - JULES VERNE BUSINESS MICE TRAVEL\",\"isPartOf\":{\"@id\":\"https:\/\/julesverne.com.tr\/#website\"},\"primaryImageOfPage\":{\"@id\":\"https:\/\/julesverne.com.tr\/jules-verne-travel\/virtuoso\/ozel-turlar-geziler\/#primaryimage\"},\"image\":{\"@id\":\"https:\/\/julesverne.com.tr\/jules-verne-travel\/virtuoso\/ozel-turlar-geziler\/#primaryimage\"},\"thumbnailUrl\":\"https:\/\/julesverne.com.tr\/wp-content\/uploads\/2022\/03\/virtuoso-tours-safari-africa.jpg\",\"datePublished\":\"2022-02-23T08:01:56+00:00\",\"dateModified\":\"2022-03-14T14:45:10+00:00\",\"description\":\"Virtuoso tur operat\u00f6rleri 145'ten fazla \u00fclkedeki ba\u011flant\u0131lar\u0131 arac\u0131l\u0131\u011f\u0131yla, d\u00fcnya \u00e7ap\u0131nda grup turlar\u0131ndan \u00f6zel gezilere ve ba\u011f\u0131ms\u0131z tatillere kadar muhte\u015fem ve ki\u015fiye \u00f6zel seyahatler tasarlar. Virtuoso gezginlerine \u00e7ok \u00f6zel deneyimler ya\u015fama imkan\u0131, k\u0131s\u0131tl\u0131 hizmetlere eri\u015fim ve VIP a\u011f\u0131rlama hizmeti sunar.\",\"breadcrumb\":{\"@id\":\"https:\/\/julesverne.com.tr\/jules-verne-travel\/virtuoso\/ozel-turlar-geziler\/#breadcrumb\"},\"inLanguage\":\"en-US\",\"potentialAction\":[{\"@type\":\"ReadAction\",\"target\":[\"https:\/\/julesverne.com.tr\/jules-verne-travel\/virtuoso\/ozel-turlar-geziler\/\"]}]},{\"@type\":\"ImageObject\",\"inLanguage\":\"en-US\",\"@id\":\"https:\/\/julesverne.com.tr\/jules-verne-travel\/virtuoso\/ozel-turlar-geziler\/#primaryimage\",\"url\":\"https:\/\/julesverne.com.tr\/wp-content\/uploads\/2022\/03\/virtuoso-tours-safari-africa.jpg\",\"contentUrl\":\"https:\/\/julesverne.com.tr\/wp-content\/uploads\/2022\/03\/virtuoso-tours-safari-africa.jpg\",\"width\":1536,\"height\":1028,\"caption\":\"2018 Advisor Contest\"},{\"@type\":\"BreadcrumbList\",\"@id\":\"https:\/\/julesverne.com.tr\/jules-verne-travel\/virtuoso\/ozel-turlar-geziler\/#breadcrumb\",\"itemListElement\":[{\"@type\":\"ListItem\",\"position\":1,\"name\":\"Anasayfa\",\"item\":\"https:\/\/julesverne.com.tr\/\"},{\"@type\":\"ListItem\",\"position\":2,\"name\":\"JULES VERNE TRAVEL\",\"item\":\"https:\/\/julesverne.com.tr\/jules-verne-travel\/\"},{\"@type\":\"ListItem\",\"position\":3,\"name\":\"VIRTUOSO\",\"item\":\"https:\/\/julesverne.com.tr\/jules-verne-travel\/virtuoso\/\"},{\"@type\":\"ListItem\",\"position\":4,\"name\":\"\u00d6ZEL TURLAR &#038; GEZ\u0130LER\"}]},{\"@type\":\"WebSite\",\"@id\":\"https:\/\/julesverne.com.tr\/#website\",\"url\":\"https:\/\/julesverne.com.tr\/\",\"name\":\"JULES VERNE BUSINESS MICE TRAVEL\",\"description\":\"\",\"publisher\":{\"@id\":\"https:\/\/julesverne.com.tr\/#organization\"},\"potentialAction\":[{\"@type\":\"SearchAction\",\"target\":{\"@type\":\"EntryPoint\",\"urlTemplate\":\"https:\/\/julesverne.com.tr\/?s={search_term_string}\"},\"query-input\":\"required name=search_term_string\"}],\"inLanguage\":\"en-US\"},{\"@type\":\"Organization\",\"@id\":\"https:\/\/julesverne.com.tr\/#organization\",\"name\":\"JULES VERNE BUSINESS MICE TRAVEL\",\"url\":\"https:\/\/julesverne.com.tr\/\",\"logo\":{\"@type\":\"ImageObject\",\"inLanguage\":\"en-US\",\"@id\":\"https:\/\/julesverne.com.tr\/#\/schema\/logo\/image\/\",\"url\":\"https:\/\/julesverne.com.tr\/wp-content\/uploads\/2020\/09\/jv-bmt-logo.png\",\"contentUrl\":\"https:\/\/julesverne.com.tr\/wp-content\/uploads\/2020\/09\/jv-bmt-logo.png\",\"width\":110,\"height\":81,\"caption\":\"JULES VERNE BUSINESS MICE TRAVEL\"},\"image\":{\"@id\":\"https:\/\/julesverne.com.tr\/#\/schema\/logo\/image\/\"},\"sameAs\":[\"https:\/\/www.facebook.com\/JulesVerneBusinessMiceTravel\/\",\"https:\/\/twitter.com\/JV_BusinessMice\",\"https:\/\/www.instagram.com\/julesvernebusinessmicetravel\/\",\"https:\/\/www.linkedin.com\/company\/julesvernebusinessmicetravel\/\",\"https:\/\/www.youtube.com\/channel\/UCAwdsmbZ6tFhu1tea6pkpiw\"]}]}<\/script>\n<!-- \/ Yoast SEO plugin. -->","yoast_head_json":{"title":"[:tr]\u00d6ZEL TURLAR & GEZ\u0130LER[:en]Tours[:] - JULES VERNE BUSINESS MICE TRAVEL","description":"Virtuoso tur operat\u00f6rleri 145'ten fazla \u00fclkedeki ba\u011flant\u0131lar\u0131 arac\u0131l\u0131\u011f\u0131yla, d\u00fcnya \u00e7ap\u0131nda grup turlar\u0131ndan \u00f6zel gezilere ve ba\u011f\u0131ms\u0131z tatillere kadar muhte\u015fem ve ki\u015fiye \u00f6zel seyahatler tasarlar. Virtuoso gezginlerine \u00e7ok \u00f6zel deneyimler ya\u015fama imkan\u0131, k\u0131s\u0131tl\u0131 hizmetlere eri\u015fim ve VIP a\u011f\u0131rlama hizmeti sunar.","robots":{"index":"index","follow":"follow","max-snippet":"max-snippet:-1","max-image-preview":"max-image-preview:large","max-video-preview":"max-video-preview:-1"},"canonical":"https:\/\/julesverne.com.tr\/jules-verne-travel\/virtuoso\/ozel-turlar-geziler\/","og_locale":"en_US","og_type":"article","og_title":"[:tr]\u00d6ZEL TURLAR & GEZ\u0130LER[:en]Tours[:] - JULES VERNE BUSINESS MICE TRAVEL","og_description":"Virtuoso tur operat\u00f6rleri 145'ten fazla \u00fclkedeki ba\u011flant\u0131lar\u0131 arac\u0131l\u0131\u011f\u0131yla, d\u00fcnya \u00e7ap\u0131nda grup turlar\u0131ndan \u00f6zel gezilere ve ba\u011f\u0131ms\u0131z tatillere kadar muhte\u015fem ve ki\u015fiye \u00f6zel seyahatler tasarlar. Virtuoso gezginlerine \u00e7ok \u00f6zel deneyimler ya\u015fama imkan\u0131, k\u0131s\u0131tl\u0131 hizmetlere eri\u015fim ve VIP a\u011f\u0131rlama hizmeti sunar.","og_url":"https:\/\/julesverne.com.tr\/jules-verne-travel\/virtuoso\/ozel-turlar-geziler\/","og_site_name":"JULES VERNE BUSINESS MICE TRAVEL","article_publisher":"https:\/\/www.facebook.com\/JulesVerneBusinessMiceTravel\/","article_modified_time":"2022-03-14T14:45:10+00:00","og_image":[{"width":1536,"height":1028,"url":"https:\/\/julesverne.com.tr\/wp-content\/uploads\/2022\/03\/virtuoso-tours-safari-africa.jpg","type":"image\/jpeg"}],"twitter_card":"summary_large_image","twitter_site":"@JV_BusinessMice","twitter_misc":{"Est. reading time":"2 minutes"},"schema":{"@context":"https:\/\/schema.org","@graph":[{"@type":"WebPage","@id":"https:\/\/julesverne.com.tr\/jules-verne-travel\/virtuoso\/ozel-turlar-geziler\/","url":"https:\/\/julesverne.com.tr\/jules-verne-travel\/virtuoso\/ozel-turlar-geziler\/","name":"[:tr]\u00d6ZEL TURLAR & GEZ\u0130LER[:en]Tours[:] - JULES VERNE BUSINESS MICE TRAVEL","isPartOf":{"@id":"https:\/\/julesverne.com.tr\/#website"},"primaryImageOfPage":{"@id":"https:\/\/julesverne.com.tr\/jules-verne-travel\/virtuoso\/ozel-turlar-geziler\/#primaryimage"},"image":{"@id":"https:\/\/julesverne.com.tr\/jules-verne-travel\/virtuoso\/ozel-turlar-geziler\/#primaryimage"},"thumbnailUrl":"https:\/\/julesverne.com.tr\/wp-content\/uploads\/2022\/03\/virtuoso-tours-safari-africa.jpg","datePublished":"2022-02-23T08:01:56+00:00","dateModified":"2022-03-14T14:45:10+00:00","description":"Virtuoso tur operat\u00f6rleri 145'ten fazla \u00fclkedeki ba\u011flant\u0131lar\u0131 arac\u0131l\u0131\u011f\u0131yla, d\u00fcnya \u00e7ap\u0131nda grup turlar\u0131ndan \u00f6zel gezilere ve ba\u011f\u0131ms\u0131z tatillere kadar muhte\u015fem ve ki\u015fiye \u00f6zel seyahatler tasarlar. Virtuoso gezginlerine \u00e7ok \u00f6zel deneyimler ya\u015fama imkan\u0131, k\u0131s\u0131tl\u0131 hizmetlere eri\u015fim ve VIP a\u011f\u0131rlama hizmeti sunar.","breadcrumb":{"@id":"https:\/\/julesverne.com.tr\/jules-verne-travel\/virtuoso\/ozel-turlar-geziler\/#breadcrumb"},"inLanguage":"en-US","potentialAction":[{"@type":"ReadAction","target":["https:\/\/julesverne.com.tr\/jules-verne-travel\/virtuoso\/ozel-turlar-geziler\/"]}]},{"@type":"ImageObject","inLanguage":"en-US","@id":"https:\/\/julesverne.com.tr\/jules-verne-travel\/virtuoso\/ozel-turlar-geziler\/#primaryimage","url":"https:\/\/julesverne.com.tr\/wp-content\/uploads\/2022\/03\/virtuoso-tours-safari-africa.jpg","contentUrl":"https:\/\/julesverne.com.tr\/wp-content\/uploads\/2022\/03\/virtuoso-tours-safari-africa.jpg","width":1536,"height":1028,"caption":"2018 Advisor Contest"},{"@type":"BreadcrumbList","@id":"https:\/\/julesverne.com.tr\/jules-verne-travel\/virtuoso\/ozel-turlar-geziler\/#breadcrumb","itemListElement":[{"@type":"ListItem","position":1,"name":"Anasayfa","item":"https:\/\/julesverne.com.tr\/"},{"@type":"ListItem","position":2,"name":"JULES VERNE TRAVEL","item":"https:\/\/julesverne.com.tr\/jules-verne-travel\/"},{"@type":"ListItem","position":3,"name":"VIRTUOSO","item":"https:\/\/julesverne.com.tr\/jules-verne-travel\/virtuoso\/"},{"@type":"ListItem","position":4,"name":"\u00d6ZEL TURLAR &#038; GEZ\u0130LER"}]},{"@type":"WebSite","@id":"https:\/\/julesverne.com.tr\/#website","url":"https:\/\/julesverne.com.tr\/","name":"JULES VERNE BUSINESS MICE TRAVEL","description":"","publisher":{"@id":"https:\/\/julesverne.com.tr\/#organization"},"potentialAction":[{"@type":"SearchAction","target":{"@type":"EntryPoint","urlTemplate":"https:\/\/julesverne.com.tr\/?s={search_term_string}"},"query-input":"required name=search_term_string"}],"inLanguage":"en-US"},{"@type":"Organization","@id":"https:\/\/julesverne.com.tr\/#organization","name":"JULES VERNE BUSINESS MICE TRAVEL","url":"https:\/\/julesverne.com.tr\/","logo":{"@type":"ImageObject","inLanguage":"en-US","@id":"https:\/\/julesverne.com.tr\/#\/schema\/logo\/image\/","url":"https:\/\/julesverne.com.tr\/wp-content\/uploads\/2020\/09\/jv-bmt-logo.png","contentUrl":"https:\/\/julesverne.com.tr\/wp-content\/uploads\/2020\/09\/jv-bmt-logo.png","width":110,"height":81,"caption":"JULES VERNE BUSINESS MICE TRAVEL"},"image":{"@id":"https:\/\/julesverne.com.tr\/#\/schema\/logo\/image\/"},"sameAs":["https:\/\/www.facebook.com\/JulesVerneBusinessMiceTravel\/","https:\/\/twitter.com\/JV_BusinessMice","https:\/\/www.instagram.com\/julesvernebusinessmicetravel\/","https:\/\/www.linkedin.com\/company\/julesvernebusinessmicetravel\/","https:\/\/www.youtube.com\/channel\/UCAwdsmbZ6tFhu1tea6pkpiw"]}]}},"_links":{"self":[{"href":"https:\/\/julesverne.com.tr\/en\/wp-json\/wp\/v2\/pages\/12547"}],"collection":[{"href":"https:\/\/julesverne.com.tr\/en\/wp-json\/wp\/v2\/pages"}],"about":[{"href":"https:\/\/julesverne.com.tr\/en\/wp-json\/wp\/v2\/types\/page"}],"author":[{"embeddable":true,"href":"https:\/\/julesverne.com.tr\/en\/wp-json\/wp\/v2\/users\/1"}],"replies":[{"embeddable":true,"href":"https:\/\/julesverne.com.tr\/en\/wp-json\/wp\/v2\/comments?post=12547"}],"version-history":[{"count":22,"href":"https:\/\/julesverne.com.tr\/en\/wp-json\/wp\/v2\/pages\/12547\/revisions"}],"predecessor-version":[{"id":12997,"href":"https:\/\/julesverne.com.tr\/en\/wp-json\/wp\/v2\/pages\/12547\/revisions\/12997"}],"up":[{"embeddable":true,"href":"https:\/\/julesverne.com.tr\/en\/wp-json\/wp\/v2\/pages\/12021"}],"wp:featuredmedia":[{"embeddable":true,"href":"https:\/\/julesverne.com.tr\/en\/wp-json\/wp\/v2\/media\/12748"}],"wp:attachment":[{"href":"https:\/\/julesverne.com.tr\/en\/wp-json\/wp\/v2\/media?parent=12547"}],"curies":[{"name":"wp","href":"https:\/\/api.w.org\/{rel}","templated":true}]}}