{"id":12545,"date":"2022-02-23T11:01:10","date_gmt":"2022-02-23T08:01:10","guid":{"rendered":"https:\/\/julesverne.com.tr\/?page_id=12545"},"modified":"2022-03-14T17:40:02","modified_gmt":"2022-03-14T14:40:02","slug":"virtuoso-cruise-seyahatleri","status":"publish","type":"page","link":"https:\/\/julesverne.com.tr\/en\/jules-verne-travel\/virtuoso\/virtuoso-cruise-seyahatleri\/","title":{"rendered":"Cruises Benefits"},"content":{"rendered":"<p>We work in partnership with the world&#8217;s leading luxury cruise lines to personalize your port and sea experiences.\u00a0 And as a customer, you will automatically be entitled to additional complimentary services exclusively for Virtuoso travelers.<\/p>\n<p>No matter how you choose to set sail \u2014 on a river cruise through Europe, with the family in the Caribbean, on a yacht in the Mediterranean, or an epic expedition to Antarctica \u2014 a Virtuoso travel advisor will help you plan an unforgettable experience that&#8217;s right for you.<\/p>\n<h2>Virtuoso Voyages perks include:<\/h2>\n<h3>* Dedicated onboard hosts<\/h3>\n<h3>* Private welcome receptions<\/h3>\n<h3>* Exclusive shore excursions, from VIP tours to outings with a private car and driver<\/h3>\n<h3>* Shipboard credits and specialty dining options<\/h3>\n<p>For more information about the benefits of being a Virtuoso traveler, please visit\u00a0<strong><a href=\"https:\/\/www.virtuoso.com\/member\/julesver17241\/travel\">our Virtuoso website<\/a><\/strong>.<\/p>\n<p>Please contact us for further details:<a href=\"mailto:travel@julesverne.com.tr\">\u00a0travel@julesverne.com.tr\u00a0<\/a><\/p>","protected":false},"excerpt":{"rendered":"<p>We work in partnership with the world&#8217;s leading luxury cruise lines to personalize your port and sea experiences.\u00a0 And as a customer, you will automatically be entitled to additional complimentary services exclusively for Virtuoso travelers. No matter how you choose to set sail \u2014 on a river cruise through Europe, with the family in the [&hellip;]<\/p>\n","protected":false},"author":1,"featured_media":3800,"parent":12021,"menu_order":0,"comment_status":"closed","ping_status":"closed","template":"page-service-brands-child.php","meta":{"inline_featured_image":false,"footnotes":""},"acf":[],"yoast_head":"<!-- This site is optimized with the Yoast SEO plugin v22.3 - https:\/\/yoast.com\/wordpress\/plugins\/seo\/ -->\n<title>Cruises Benefits - JULES VERNE BUSINESS MICE TRAVEL<\/title>\n<meta name=\"description\" content=\"Avrupa&#039;da bir nehir gezisinden, Karayipler&#039;de ailenizle birlikte gezmeye, Akdeniz&#039;de bir yatta denizin tad\u0131n\u0131 \u00e7\u0131karmaktan Antarktika&#039;ya yapaca\u011f\u0131n\u0131z destans\u0131 ke\u015fif gezisine kadar Virtuoso gezginlerine ek avantajlar sa\u011flanan cruise seyahatleri ile ayr\u0131cal\u0131kl\u0131 olman\u0131n tad\u0131n\u0131 \u00e7\u0131kar\u0131n.\" \/>\n<meta name=\"robots\" content=\"index, follow, max-snippet:-1, max-image-preview:large, max-video-preview:-1\" \/>\n<link rel=\"canonical\" href=\"https:\/\/julesverne.com.tr\/jules-verne-travel\/virtuoso\/virtuoso-cruise-seyahatleri\/\" \/>\n<meta property=\"og:locale\" content=\"en_US\" \/>\n<meta property=\"og:type\" content=\"article\" \/>\n<meta property=\"og:title\" content=\"[:tr]CRUISE YOLCULUKLARI[:en]Cruises Benefits[:] - JULES VERNE BUSINESS MICE TRAVEL\" \/>\n<meta property=\"og:description\" content=\"Avrupa&#039;da bir nehir gezisinden, Karayipler&#039;de ailenizle birlikte gezmeye, Akdeniz&#039;de bir yatta denizin tad\u0131n\u0131 \u00e7\u0131karmaktan Antarktika&#039;ya yapaca\u011f\u0131n\u0131z destans\u0131 ke\u015fif gezisine kadar Virtuoso gezginlerine ek avantajlar sa\u011flanan cruise seyahatleri ile ayr\u0131cal\u0131kl\u0131 olman\u0131n tad\u0131n\u0131 \u00e7\u0131kar\u0131n.\" \/>\n<meta property=\"og:url\" content=\"https:\/\/julesverne.com.tr\/jules-verne-travel\/virtuoso\/virtuoso-cruise-seyahatleri\/\" \/>\n<meta property=\"og:site_name\" content=\"JULES VERNE BUSINESS MICE TRAVEL\" \/>\n<meta property=\"article:publisher\" content=\"https:\/\/www.facebook.com\/JulesVerneBusinessMiceTravel\/\" \/>\n<meta property=\"article:modified_time\" content=\"2022-03-14T14:40:02+00:00\" \/>\n<meta property=\"og:image\" content=\"https:\/\/julesverne.com.tr\/wp-content\/uploads\/2020\/09\/cyclades_cruise.jpg\" \/>\n\t<meta property=\"og:image:width\" content=\"999\" \/>\n\t<meta property=\"og:image:height\" content=\"660\" \/>\n\t<meta property=\"og:image:type\" content=\"image\/jpeg\" \/>\n<meta name=\"twitter:card\" content=\"summary_large_image\" \/>\n<meta name=\"twitter:site\" content=\"@JV_BusinessMice\" \/>\n<meta name=\"twitter:label1\" content=\"Est. reading time\" \/>\n\t<meta name=\"twitter:data1\" content=\"2 minutes\" \/>\n<script type=\"application\/ld+json\" class=\"yoast-schema-graph\">{\"@context\":\"https:\/\/schema.org\",\"@graph\":[{\"@type\":\"WebPage\",\"@id\":\"https:\/\/julesverne.com.tr\/jules-verne-travel\/virtuoso\/virtuoso-cruise-seyahatleri\/\",\"url\":\"https:\/\/julesverne.com.tr\/jules-verne-travel\/virtuoso\/virtuoso-cruise-seyahatleri\/\",\"name\":\"[:tr]CRUISE YOLCULUKLARI[:en]Cruises Benefits[:] - JULES VERNE BUSINESS MICE TRAVEL\",\"isPartOf\":{\"@id\":\"https:\/\/julesverne.com.tr\/#website\"},\"primaryImageOfPage\":{\"@id\":\"https:\/\/julesverne.com.tr\/jules-verne-travel\/virtuoso\/virtuoso-cruise-seyahatleri\/#primaryimage\"},\"image\":{\"@id\":\"https:\/\/julesverne.com.tr\/jules-verne-travel\/virtuoso\/virtuoso-cruise-seyahatleri\/#primaryimage\"},\"thumbnailUrl\":\"https:\/\/julesverne.com.tr\/wp-content\/uploads\/2020\/09\/cyclades_cruise.jpg\",\"datePublished\":\"2022-02-23T08:01:10+00:00\",\"dateModified\":\"2022-03-14T14:40:02+00:00\",\"description\":\"Avrupa'da bir nehir gezisinden, Karayipler'de ailenizle birlikte gezmeye, Akdeniz'de bir yatta denizin tad\u0131n\u0131 \u00e7\u0131karmaktan Antarktika'ya yapaca\u011f\u0131n\u0131z destans\u0131 ke\u015fif gezisine kadar Virtuoso gezginlerine ek avantajlar sa\u011flanan cruise seyahatleri ile ayr\u0131cal\u0131kl\u0131 olman\u0131n tad\u0131n\u0131 \u00e7\u0131kar\u0131n.\",\"breadcrumb\":{\"@id\":\"https:\/\/julesverne.com.tr\/jules-verne-travel\/virtuoso\/virtuoso-cruise-seyahatleri\/#breadcrumb\"},\"inLanguage\":\"en-US\",\"potentialAction\":[{\"@type\":\"ReadAction\",\"target\":[\"https:\/\/julesverne.com.tr\/jules-verne-travel\/virtuoso\/virtuoso-cruise-seyahatleri\/\"]}]},{\"@type\":\"ImageObject\",\"inLanguage\":\"en-US\",\"@id\":\"https:\/\/julesverne.com.tr\/jules-verne-travel\/virtuoso\/virtuoso-cruise-seyahatleri\/#primaryimage\",\"url\":\"https:\/\/julesverne.com.tr\/wp-content\/uploads\/2020\/09\/cyclades_cruise.jpg\",\"contentUrl\":\"https:\/\/julesverne.com.tr\/wp-content\/uploads\/2020\/09\/cyclades_cruise.jpg\",\"width\":999,\"height\":660,\"caption\":\"Kiklad Adalar\u0131 cruise santorini\"},{\"@type\":\"BreadcrumbList\",\"@id\":\"https:\/\/julesverne.com.tr\/jules-verne-travel\/virtuoso\/virtuoso-cruise-seyahatleri\/#breadcrumb\",\"itemListElement\":[{\"@type\":\"ListItem\",\"position\":1,\"name\":\"Anasayfa\",\"item\":\"https:\/\/julesverne.com.tr\/\"},{\"@type\":\"ListItem\",\"position\":2,\"name\":\"JULES VERNE TRAVEL\",\"item\":\"https:\/\/julesverne.com.tr\/jules-verne-travel\/\"},{\"@type\":\"ListItem\",\"position\":3,\"name\":\"VIRTUOSO\",\"item\":\"https:\/\/julesverne.com.tr\/jules-verne-travel\/virtuoso\/\"},{\"@type\":\"ListItem\",\"position\":4,\"name\":\"CRUISE YOLCULUKLARI\"}]},{\"@type\":\"WebSite\",\"@id\":\"https:\/\/julesverne.com.tr\/#website\",\"url\":\"https:\/\/julesverne.com.tr\/\",\"name\":\"JULES VERNE BUSINESS MICE TRAVEL\",\"description\":\"\",\"publisher\":{\"@id\":\"https:\/\/julesverne.com.tr\/#organization\"},\"potentialAction\":[{\"@type\":\"SearchAction\",\"target\":{\"@type\":\"EntryPoint\",\"urlTemplate\":\"https:\/\/julesverne.com.tr\/?s={search_term_string}\"},\"query-input\":\"required name=search_term_string\"}],\"inLanguage\":\"en-US\"},{\"@type\":\"Organization\",\"@id\":\"https:\/\/julesverne.com.tr\/#organization\",\"name\":\"JULES VERNE BUSINESS MICE TRAVEL\",\"url\":\"https:\/\/julesverne.com.tr\/\",\"logo\":{\"@type\":\"ImageObject\",\"inLanguage\":\"en-US\",\"@id\":\"https:\/\/julesverne.com.tr\/#\/schema\/logo\/image\/\",\"url\":\"https:\/\/julesverne.com.tr\/wp-content\/uploads\/2020\/09\/jv-bmt-logo.png\",\"contentUrl\":\"https:\/\/julesverne.com.tr\/wp-content\/uploads\/2020\/09\/jv-bmt-logo.png\",\"width\":110,\"height\":81,\"caption\":\"JULES VERNE BUSINESS MICE TRAVEL\"},\"image\":{\"@id\":\"https:\/\/julesverne.com.tr\/#\/schema\/logo\/image\/\"},\"sameAs\":[\"https:\/\/www.facebook.com\/JulesVerneBusinessMiceTravel\/\",\"https:\/\/twitter.com\/JV_BusinessMice\",\"https:\/\/www.instagram.com\/julesvernebusinessmicetravel\/\",\"https:\/\/www.linkedin.com\/company\/julesvernebusinessmicetravel\/\",\"https:\/\/www.youtube.com\/channel\/UCAwdsmbZ6tFhu1tea6pkpiw\"]}]}<\/script>\n<!-- \/ Yoast SEO plugin. -->","yoast_head_json":{"title":"[:tr]CRUISE YOLCULUKLARI[:en]Cruises Benefits[:] - JULES VERNE BUSINESS MICE TRAVEL","description":"Avrupa'da bir nehir gezisinden, Karayipler'de ailenizle birlikte gezmeye, Akdeniz'de bir yatta denizin tad\u0131n\u0131 \u00e7\u0131karmaktan Antarktika'ya yapaca\u011f\u0131n\u0131z destans\u0131 ke\u015fif gezisine kadar Virtuoso gezginlerine ek avantajlar sa\u011flanan cruise seyahatleri ile ayr\u0131cal\u0131kl\u0131 olman\u0131n tad\u0131n\u0131 \u00e7\u0131kar\u0131n.","robots":{"index":"index","follow":"follow","max-snippet":"max-snippet:-1","max-image-preview":"max-image-preview:large","max-video-preview":"max-video-preview:-1"},"canonical":"https:\/\/julesverne.com.tr\/jules-verne-travel\/virtuoso\/virtuoso-cruise-seyahatleri\/","og_locale":"en_US","og_type":"article","og_title":"[:tr]CRUISE YOLCULUKLARI[:en]Cruises Benefits[:] - JULES VERNE BUSINESS MICE TRAVEL","og_description":"Avrupa'da bir nehir gezisinden, Karayipler'de ailenizle birlikte gezmeye, Akdeniz'de bir yatta denizin tad\u0131n\u0131 \u00e7\u0131karmaktan Antarktika'ya yapaca\u011f\u0131n\u0131z destans\u0131 ke\u015fif gezisine kadar Virtuoso gezginlerine ek avantajlar sa\u011flanan cruise seyahatleri ile ayr\u0131cal\u0131kl\u0131 olman\u0131n tad\u0131n\u0131 \u00e7\u0131kar\u0131n.","og_url":"https:\/\/julesverne.com.tr\/jules-verne-travel\/virtuoso\/virtuoso-cruise-seyahatleri\/","og_site_name":"JULES VERNE BUSINESS MICE TRAVEL","article_publisher":"https:\/\/www.facebook.com\/JulesVerneBusinessMiceTravel\/","article_modified_time":"2022-03-14T14:40:02+00:00","og_image":[{"width":999,"height":660,"url":"https:\/\/julesverne.com.tr\/wp-content\/uploads\/2020\/09\/cyclades_cruise.jpg","type":"image\/jpeg"}],"twitter_card":"summary_large_image","twitter_site":"@JV_BusinessMice","twitter_misc":{"Est. reading time":"2 minutes"},"schema":{"@context":"https:\/\/schema.org","@graph":[{"@type":"WebPage","@id":"https:\/\/julesverne.com.tr\/jules-verne-travel\/virtuoso\/virtuoso-cruise-seyahatleri\/","url":"https:\/\/julesverne.com.tr\/jules-verne-travel\/virtuoso\/virtuoso-cruise-seyahatleri\/","name":"[:tr]CRUISE YOLCULUKLARI[:en]Cruises Benefits[:] - JULES VERNE BUSINESS MICE TRAVEL","isPartOf":{"@id":"https:\/\/julesverne.com.tr\/#website"},"primaryImageOfPage":{"@id":"https:\/\/julesverne.com.tr\/jules-verne-travel\/virtuoso\/virtuoso-cruise-seyahatleri\/#primaryimage"},"image":{"@id":"https:\/\/julesverne.com.tr\/jules-verne-travel\/virtuoso\/virtuoso-cruise-seyahatleri\/#primaryimage"},"thumbnailUrl":"https:\/\/julesverne.com.tr\/wp-content\/uploads\/2020\/09\/cyclades_cruise.jpg","datePublished":"2022-02-23T08:01:10+00:00","dateModified":"2022-03-14T14:40:02+00:00","description":"Avrupa'da bir nehir gezisinden, Karayipler'de ailenizle birlikte gezmeye, Akdeniz'de bir yatta denizin tad\u0131n\u0131 \u00e7\u0131karmaktan Antarktika'ya yapaca\u011f\u0131n\u0131z destans\u0131 ke\u015fif gezisine kadar Virtuoso gezginlerine ek avantajlar sa\u011flanan cruise seyahatleri ile ayr\u0131cal\u0131kl\u0131 olman\u0131n tad\u0131n\u0131 \u00e7\u0131kar\u0131n.","breadcrumb":{"@id":"https:\/\/julesverne.com.tr\/jules-verne-travel\/virtuoso\/virtuoso-cruise-seyahatleri\/#breadcrumb"},"inLanguage":"en-US","potentialAction":[{"@type":"ReadAction","target":["https:\/\/julesverne.com.tr\/jules-verne-travel\/virtuoso\/virtuoso-cruise-seyahatleri\/"]}]},{"@type":"ImageObject","inLanguage":"en-US","@id":"https:\/\/julesverne.com.tr\/jules-verne-travel\/virtuoso\/virtuoso-cruise-seyahatleri\/#primaryimage","url":"https:\/\/julesverne.com.tr\/wp-content\/uploads\/2020\/09\/cyclades_cruise.jpg","contentUrl":"https:\/\/julesverne.com.tr\/wp-content\/uploads\/2020\/09\/cyclades_cruise.jpg","width":999,"height":660,"caption":"Kiklad Adalar\u0131 cruise santorini"},{"@type":"BreadcrumbList","@id":"https:\/\/julesverne.com.tr\/jules-verne-travel\/virtuoso\/virtuoso-cruise-seyahatleri\/#breadcrumb","itemListElement":[{"@type":"ListItem","position":1,"name":"Anasayfa","item":"https:\/\/julesverne.com.tr\/"},{"@type":"ListItem","position":2,"name":"JULES VERNE TRAVEL","item":"https:\/\/julesverne.com.tr\/jules-verne-travel\/"},{"@type":"ListItem","position":3,"name":"VIRTUOSO","item":"https:\/\/julesverne.com.tr\/jules-verne-travel\/virtuoso\/"},{"@type":"ListItem","position":4,"name":"CRUISE YOLCULUKLARI"}]},{"@type":"WebSite","@id":"https:\/\/julesverne.com.tr\/#website","url":"https:\/\/julesverne.com.tr\/","name":"JULES VERNE BUSINESS MICE TRAVEL","description":"","publisher":{"@id":"https:\/\/julesverne.com.tr\/#organization"},"potentialAction":[{"@type":"SearchAction","target":{"@type":"EntryPoint","urlTemplate":"https:\/\/julesverne.com.tr\/?s={search_term_string}"},"query-input":"required name=search_term_string"}],"inLanguage":"en-US"},{"@type":"Organization","@id":"https:\/\/julesverne.com.tr\/#organization","name":"JULES VERNE BUSINESS MICE TRAVEL","url":"https:\/\/julesverne.com.tr\/","logo":{"@type":"ImageObject","inLanguage":"en-US","@id":"https:\/\/julesverne.com.tr\/#\/schema\/logo\/image\/","url":"https:\/\/julesverne.com.tr\/wp-content\/uploads\/2020\/09\/jv-bmt-logo.png","contentUrl":"https:\/\/julesverne.com.tr\/wp-content\/uploads\/2020\/09\/jv-bmt-logo.png","width":110,"height":81,"caption":"JULES VERNE BUSINESS MICE TRAVEL"},"image":{"@id":"https:\/\/julesverne.com.tr\/#\/schema\/logo\/image\/"},"sameAs":["https:\/\/www.facebook.com\/JulesVerneBusinessMiceTravel\/","https:\/\/twitter.com\/JV_BusinessMice","https:\/\/www.instagram.com\/julesvernebusinessmicetravel\/","https:\/\/www.linkedin.com\/company\/julesvernebusinessmicetravel\/","https:\/\/www.youtube.com\/channel\/UCAwdsmbZ6tFhu1tea6pkpiw"]}]}},"_links":{"self":[{"href":"https:\/\/julesverne.com.tr\/en\/wp-json\/wp\/v2\/pages\/12545"}],"collection":[{"href":"https:\/\/julesverne.com.tr\/en\/wp-json\/wp\/v2\/pages"}],"about":[{"href":"https:\/\/julesverne.com.tr\/en\/wp-json\/wp\/v2\/types\/page"}],"author":[{"embeddable":true,"href":"https:\/\/julesverne.com.tr\/en\/wp-json\/wp\/v2\/users\/1"}],"replies":[{"embeddable":true,"href":"https:\/\/julesverne.com.tr\/en\/wp-json\/wp\/v2\/comments?post=12545"}],"version-history":[{"count":24,"href":"https:\/\/julesverne.com.tr\/en\/wp-json\/wp\/v2\/pages\/12545\/revisions"}],"predecessor-version":[{"id":12995,"href":"https:\/\/julesverne.com.tr\/en\/wp-json\/wp\/v2\/pages\/12545\/revisions\/12995"}],"up":[{"embeddable":true,"href":"https:\/\/julesverne.com.tr\/en\/wp-json\/wp\/v2\/pages\/12021"}],"wp:featuredmedia":[{"embeddable":true,"href":"https:\/\/julesverne.com.tr\/en\/wp-json\/wp\/v2\/media\/3800"}],"wp:attachment":[{"href":"https:\/\/julesverne.com.tr\/en\/wp-json\/wp\/v2\/media?parent=12545"}],"curies":[{"name":"wp","href":"https:\/\/api.w.org\/{rel}","templated":true}]}}