{"id":12540,"date":"2022-02-22T12:58:39","date_gmt":"2022-02-22T09:58:39","guid":{"rendered":"https:\/\/julesverne.com.tr\/?page_id=12540"},"modified":"2022-03-14T17:41:28","modified_gmt":"2022-03-14T14:41:28","slug":"virtuoso-oteller","status":"publish","type":"page","link":"https:\/\/julesverne.com.tr\/en\/jules-verne-travel\/virtuoso\/virtuoso-oteller\/","title":{"rendered":"Hotel Advantages"},"content":{"rendered":"<p>From Argentina to Zambia, we are in direct contact with more than 1,400 exceptional properties, selected by the Virtuoso network, in more than 100 countries. Intimate retreats, sustainable safari camps, gorgeous beach resorts \u2026 and so much more. There\u2019s a world of dream stays to discover within Virtuoso\u2019s curated collection of hotels, resorts, lodges, villas, camps, and private islands. Ready to go? Your next getaway starts here.<\/p>\n<h2><strong>Virtuoso guests receive:<\/strong><\/h2>\n<h3>* Preferred rates and availability<\/h3>\n<h3>* Exclusive amenities and experiences<\/h3>\n<h3>* Room upgrades (if available)<\/h3>\n<h3>* Breakfast daily<\/h3>\n<h3>* A spa, dining, or resort credit<\/h3>\n<h3>* Early check-in and late checkout (if available)<\/h3>\n<p>For more information about the benefits of being a Virtuoso traveler, please visit\u00a0<strong><a href=\"https:\/\/www.virtuoso.com\/member\/julesver17241\/travel\/luxury-hotels\">our Virtuoso website<\/a><\/strong>.<\/p>\n<p>Please contact us for further details:<a href=\"mailto:travel@julesverne.com.tr\">\u00a0travel@julesverne.com.tr\u00a0<\/a><\/p>","protected":false},"excerpt":{"rendered":"<p>From Argentina to Zambia, we are in direct contact with more than 1,400 exceptional properties, selected by the Virtuoso network, in more than 100 countries. Intimate retreats, sustainable safari camps, gorgeous beach resorts \u2026 and so much more. There\u2019s a world of dream stays to discover within Virtuoso\u2019s curated collection of hotels, resorts, lodges, villas, [&hellip;]<\/p>\n","protected":false},"author":1,"featured_media":12786,"parent":12021,"menu_order":0,"comment_status":"closed","ping_status":"closed","template":"page-service-brands-child.php","meta":{"inline_featured_image":false,"footnotes":""},"acf":[],"yoast_head":"<!-- This site is optimized with the Yoast SEO plugin v22.3 - https:\/\/yoast.com\/wordpress\/plugins\/seo\/ -->\n<title>Hotel Advantages - JULES VERNE BUSINESS MICE TRAVEL<\/title>\n<meta name=\"description\" content=\"Virtuoso&#039;nun en ince ayr\u0131nt\u0131s\u0131na kadar \u015fekillendirdi\u011fi r\u00fcya gibi konaklama d\u00fcnyas\u0131nda en muhte\u015fem oteller, tatil k\u00f6yleri, villalar, kamplar ve \u00f6zel adalar Virtuoso ayr\u0131cal\u0131klar\u0131 ile ke\u015ffedilmeyi bekliyor.\" \/>\n<meta name=\"robots\" content=\"index, follow, max-snippet:-1, max-image-preview:large, max-video-preview:-1\" \/>\n<link rel=\"canonical\" href=\"https:\/\/julesverne.com.tr\/jules-verne-travel\/virtuoso\/virtuoso-oteller\/\" \/>\n<meta property=\"og:locale\" content=\"en_US\" \/>\n<meta property=\"og:type\" content=\"article\" \/>\n<meta property=\"og:title\" content=\"[:tr]OTELLER[:en]Hotel Advantages[:] - JULES VERNE BUSINESS MICE TRAVEL\" \/>\n<meta property=\"og:description\" content=\"Virtuoso&#039;nun en ince ayr\u0131nt\u0131s\u0131na kadar \u015fekillendirdi\u011fi r\u00fcya gibi konaklama d\u00fcnyas\u0131nda en muhte\u015fem oteller, tatil k\u00f6yleri, villalar, kamplar ve \u00f6zel adalar Virtuoso ayr\u0131cal\u0131klar\u0131 ile ke\u015ffedilmeyi bekliyor.\" \/>\n<meta property=\"og:url\" content=\"https:\/\/julesverne.com.tr\/jules-verne-travel\/virtuoso\/virtuoso-oteller\/\" \/>\n<meta property=\"og:site_name\" content=\"JULES VERNE BUSINESS MICE TRAVEL\" \/>\n<meta property=\"article:publisher\" content=\"https:\/\/www.facebook.com\/JulesVerneBusinessMiceTravel\/\" \/>\n<meta property=\"article:modified_time\" content=\"2022-03-14T14:41:28+00:00\" \/>\n<meta property=\"og:image\" content=\"https:\/\/julesverne.com.tr\/wp-content\/uploads\/2022\/03\/virtuoso-hotel-1-scaled.jpg\" \/>\n\t<meta property=\"og:image:width\" content=\"1600\" \/>\n\t<meta property=\"og:image:height\" content=\"1200\" \/>\n\t<meta property=\"og:image:type\" content=\"image\/jpeg\" \/>\n<meta name=\"twitter:card\" content=\"summary_large_image\" \/>\n<meta name=\"twitter:site\" content=\"@JV_BusinessMice\" \/>\n<meta name=\"twitter:label1\" content=\"Est. reading time\" \/>\n\t<meta name=\"twitter:data1\" content=\"1 minute\" \/>\n<script type=\"application\/ld+json\" class=\"yoast-schema-graph\">{\"@context\":\"https:\/\/schema.org\",\"@graph\":[{\"@type\":\"WebPage\",\"@id\":\"https:\/\/julesverne.com.tr\/jules-verne-travel\/virtuoso\/virtuoso-oteller\/\",\"url\":\"https:\/\/julesverne.com.tr\/jules-verne-travel\/virtuoso\/virtuoso-oteller\/\",\"name\":\"[:tr]OTELLER[:en]Hotel Advantages[:] - JULES VERNE BUSINESS MICE TRAVEL\",\"isPartOf\":{\"@id\":\"https:\/\/julesverne.com.tr\/#website\"},\"primaryImageOfPage\":{\"@id\":\"https:\/\/julesverne.com.tr\/jules-verne-travel\/virtuoso\/virtuoso-oteller\/#primaryimage\"},\"image\":{\"@id\":\"https:\/\/julesverne.com.tr\/jules-verne-travel\/virtuoso\/virtuoso-oteller\/#primaryimage\"},\"thumbnailUrl\":\"https:\/\/julesverne.com.tr\/wp-content\/uploads\/2022\/03\/virtuoso-hotel-1-scaled.jpg\",\"datePublished\":\"2022-02-22T09:58:39+00:00\",\"dateModified\":\"2022-03-14T14:41:28+00:00\",\"description\":\"Virtuoso'nun en ince ayr\u0131nt\u0131s\u0131na kadar \u015fekillendirdi\u011fi r\u00fcya gibi konaklama d\u00fcnyas\u0131nda en muhte\u015fem oteller, tatil k\u00f6yleri, villalar, kamplar ve \u00f6zel adalar Virtuoso ayr\u0131cal\u0131klar\u0131 ile ke\u015ffedilmeyi bekliyor.\",\"breadcrumb\":{\"@id\":\"https:\/\/julesverne.com.tr\/jules-verne-travel\/virtuoso\/virtuoso-oteller\/#breadcrumb\"},\"inLanguage\":\"en-US\",\"potentialAction\":[{\"@type\":\"ReadAction\",\"target\":[\"https:\/\/julesverne.com.tr\/jules-verne-travel\/virtuoso\/virtuoso-oteller\/\"]}]},{\"@type\":\"ImageObject\",\"inLanguage\":\"en-US\",\"@id\":\"https:\/\/julesverne.com.tr\/jules-verne-travel\/virtuoso\/virtuoso-oteller\/#primaryimage\",\"url\":\"https:\/\/julesverne.com.tr\/wp-content\/uploads\/2022\/03\/virtuoso-hotel-1-scaled.jpg\",\"contentUrl\":\"https:\/\/julesverne.com.tr\/wp-content\/uploads\/2022\/03\/virtuoso-hotel-1-scaled.jpg\",\"width\":1600,\"height\":1200},{\"@type\":\"BreadcrumbList\",\"@id\":\"https:\/\/julesverne.com.tr\/jules-verne-travel\/virtuoso\/virtuoso-oteller\/#breadcrumb\",\"itemListElement\":[{\"@type\":\"ListItem\",\"position\":1,\"name\":\"Anasayfa\",\"item\":\"https:\/\/julesverne.com.tr\/\"},{\"@type\":\"ListItem\",\"position\":2,\"name\":\"JULES VERNE TRAVEL\",\"item\":\"https:\/\/julesverne.com.tr\/jules-verne-travel\/\"},{\"@type\":\"ListItem\",\"position\":3,\"name\":\"VIRTUOSO\",\"item\":\"https:\/\/julesverne.com.tr\/jules-verne-travel\/virtuoso\/\"},{\"@type\":\"ListItem\",\"position\":4,\"name\":\"OTELLER\"}]},{\"@type\":\"WebSite\",\"@id\":\"https:\/\/julesverne.com.tr\/#website\",\"url\":\"https:\/\/julesverne.com.tr\/\",\"name\":\"JULES VERNE BUSINESS MICE TRAVEL\",\"description\":\"\",\"publisher\":{\"@id\":\"https:\/\/julesverne.com.tr\/#organization\"},\"potentialAction\":[{\"@type\":\"SearchAction\",\"target\":{\"@type\":\"EntryPoint\",\"urlTemplate\":\"https:\/\/julesverne.com.tr\/?s={search_term_string}\"},\"query-input\":\"required name=search_term_string\"}],\"inLanguage\":\"en-US\"},{\"@type\":\"Organization\",\"@id\":\"https:\/\/julesverne.com.tr\/#organization\",\"name\":\"JULES VERNE BUSINESS MICE TRAVEL\",\"url\":\"https:\/\/julesverne.com.tr\/\",\"logo\":{\"@type\":\"ImageObject\",\"inLanguage\":\"en-US\",\"@id\":\"https:\/\/julesverne.com.tr\/#\/schema\/logo\/image\/\",\"url\":\"https:\/\/julesverne.com.tr\/wp-content\/uploads\/2020\/09\/jv-bmt-logo.png\",\"contentUrl\":\"https:\/\/julesverne.com.tr\/wp-content\/uploads\/2020\/09\/jv-bmt-logo.png\",\"width\":110,\"height\":81,\"caption\":\"JULES VERNE BUSINESS MICE TRAVEL\"},\"image\":{\"@id\":\"https:\/\/julesverne.com.tr\/#\/schema\/logo\/image\/\"},\"sameAs\":[\"https:\/\/www.facebook.com\/JulesVerneBusinessMiceTravel\/\",\"https:\/\/twitter.com\/JV_BusinessMice\",\"https:\/\/www.instagram.com\/julesvernebusinessmicetravel\/\",\"https:\/\/www.linkedin.com\/company\/julesvernebusinessmicetravel\/\",\"https:\/\/www.youtube.com\/channel\/UCAwdsmbZ6tFhu1tea6pkpiw\"]}]}<\/script>\n<!-- \/ Yoast SEO plugin. -->","yoast_head_json":{"title":"[:tr]OTELLER[:en]Hotel Advantages[:] - JULES VERNE BUSINESS MICE TRAVEL","description":"Virtuoso'nun en ince ayr\u0131nt\u0131s\u0131na kadar \u015fekillendirdi\u011fi r\u00fcya gibi konaklama d\u00fcnyas\u0131nda en muhte\u015fem oteller, tatil k\u00f6yleri, villalar, kamplar ve \u00f6zel adalar Virtuoso ayr\u0131cal\u0131klar\u0131 ile ke\u015ffedilmeyi bekliyor.","robots":{"index":"index","follow":"follow","max-snippet":"max-snippet:-1","max-image-preview":"max-image-preview:large","max-video-preview":"max-video-preview:-1"},"canonical":"https:\/\/julesverne.com.tr\/jules-verne-travel\/virtuoso\/virtuoso-oteller\/","og_locale":"en_US","og_type":"article","og_title":"[:tr]OTELLER[:en]Hotel Advantages[:] - JULES VERNE BUSINESS MICE TRAVEL","og_description":"Virtuoso'nun en ince ayr\u0131nt\u0131s\u0131na kadar \u015fekillendirdi\u011fi r\u00fcya gibi konaklama d\u00fcnyas\u0131nda en muhte\u015fem oteller, tatil k\u00f6yleri, villalar, kamplar ve \u00f6zel adalar Virtuoso ayr\u0131cal\u0131klar\u0131 ile ke\u015ffedilmeyi bekliyor.","og_url":"https:\/\/julesverne.com.tr\/jules-verne-travel\/virtuoso\/virtuoso-oteller\/","og_site_name":"JULES VERNE BUSINESS MICE TRAVEL","article_publisher":"https:\/\/www.facebook.com\/JulesVerneBusinessMiceTravel\/","article_modified_time":"2022-03-14T14:41:28+00:00","og_image":[{"width":1600,"height":1200,"url":"https:\/\/julesverne.com.tr\/wp-content\/uploads\/2022\/03\/virtuoso-hotel-1-scaled.jpg","type":"image\/jpeg"}],"twitter_card":"summary_large_image","twitter_site":"@JV_BusinessMice","twitter_misc":{"Est. reading time":"1 minute"},"schema":{"@context":"https:\/\/schema.org","@graph":[{"@type":"WebPage","@id":"https:\/\/julesverne.com.tr\/jules-verne-travel\/virtuoso\/virtuoso-oteller\/","url":"https:\/\/julesverne.com.tr\/jules-verne-travel\/virtuoso\/virtuoso-oteller\/","name":"[:tr]OTELLER[:en]Hotel Advantages[:] - JULES VERNE BUSINESS MICE TRAVEL","isPartOf":{"@id":"https:\/\/julesverne.com.tr\/#website"},"primaryImageOfPage":{"@id":"https:\/\/julesverne.com.tr\/jules-verne-travel\/virtuoso\/virtuoso-oteller\/#primaryimage"},"image":{"@id":"https:\/\/julesverne.com.tr\/jules-verne-travel\/virtuoso\/virtuoso-oteller\/#primaryimage"},"thumbnailUrl":"https:\/\/julesverne.com.tr\/wp-content\/uploads\/2022\/03\/virtuoso-hotel-1-scaled.jpg","datePublished":"2022-02-22T09:58:39+00:00","dateModified":"2022-03-14T14:41:28+00:00","description":"Virtuoso'nun en ince ayr\u0131nt\u0131s\u0131na kadar \u015fekillendirdi\u011fi r\u00fcya gibi konaklama d\u00fcnyas\u0131nda en muhte\u015fem oteller, tatil k\u00f6yleri, villalar, kamplar ve \u00f6zel adalar Virtuoso ayr\u0131cal\u0131klar\u0131 ile ke\u015ffedilmeyi bekliyor.","breadcrumb":{"@id":"https:\/\/julesverne.com.tr\/jules-verne-travel\/virtuoso\/virtuoso-oteller\/#breadcrumb"},"inLanguage":"en-US","potentialAction":[{"@type":"ReadAction","target":["https:\/\/julesverne.com.tr\/jules-verne-travel\/virtuoso\/virtuoso-oteller\/"]}]},{"@type":"ImageObject","inLanguage":"en-US","@id":"https:\/\/julesverne.com.tr\/jules-verne-travel\/virtuoso\/virtuoso-oteller\/#primaryimage","url":"https:\/\/julesverne.com.tr\/wp-content\/uploads\/2022\/03\/virtuoso-hotel-1-scaled.jpg","contentUrl":"https:\/\/julesverne.com.tr\/wp-content\/uploads\/2022\/03\/virtuoso-hotel-1-scaled.jpg","width":1600,"height":1200},{"@type":"BreadcrumbList","@id":"https:\/\/julesverne.com.tr\/jules-verne-travel\/virtuoso\/virtuoso-oteller\/#breadcrumb","itemListElement":[{"@type":"ListItem","position":1,"name":"Anasayfa","item":"https:\/\/julesverne.com.tr\/"},{"@type":"ListItem","position":2,"name":"JULES VERNE TRAVEL","item":"https:\/\/julesverne.com.tr\/jules-verne-travel\/"},{"@type":"ListItem","position":3,"name":"VIRTUOSO","item":"https:\/\/julesverne.com.tr\/jules-verne-travel\/virtuoso\/"},{"@type":"ListItem","position":4,"name":"OTELLER"}]},{"@type":"WebSite","@id":"https:\/\/julesverne.com.tr\/#website","url":"https:\/\/julesverne.com.tr\/","name":"JULES VERNE BUSINESS MICE TRAVEL","description":"","publisher":{"@id":"https:\/\/julesverne.com.tr\/#organization"},"potentialAction":[{"@type":"SearchAction","target":{"@type":"EntryPoint","urlTemplate":"https:\/\/julesverne.com.tr\/?s={search_term_string}"},"query-input":"required name=search_term_string"}],"inLanguage":"en-US"},{"@type":"Organization","@id":"https:\/\/julesverne.com.tr\/#organization","name":"JULES VERNE BUSINESS MICE TRAVEL","url":"https:\/\/julesverne.com.tr\/","logo":{"@type":"ImageObject","inLanguage":"en-US","@id":"https:\/\/julesverne.com.tr\/#\/schema\/logo\/image\/","url":"https:\/\/julesverne.com.tr\/wp-content\/uploads\/2020\/09\/jv-bmt-logo.png","contentUrl":"https:\/\/julesverne.com.tr\/wp-content\/uploads\/2020\/09\/jv-bmt-logo.png","width":110,"height":81,"caption":"JULES VERNE BUSINESS MICE TRAVEL"},"image":{"@id":"https:\/\/julesverne.com.tr\/#\/schema\/logo\/image\/"},"sameAs":["https:\/\/www.facebook.com\/JulesVerneBusinessMiceTravel\/","https:\/\/twitter.com\/JV_BusinessMice","https:\/\/www.instagram.com\/julesvernebusinessmicetravel\/","https:\/\/www.linkedin.com\/company\/julesvernebusinessmicetravel\/","https:\/\/www.youtube.com\/channel\/UCAwdsmbZ6tFhu1tea6pkpiw"]}]}},"_links":{"self":[{"href":"https:\/\/julesverne.com.tr\/en\/wp-json\/wp\/v2\/pages\/12540"}],"collection":[{"href":"https:\/\/julesverne.com.tr\/en\/wp-json\/wp\/v2\/pages"}],"about":[{"href":"https:\/\/julesverne.com.tr\/en\/wp-json\/wp\/v2\/types\/page"}],"author":[{"embeddable":true,"href":"https:\/\/julesverne.com.tr\/en\/wp-json\/wp\/v2\/users\/1"}],"replies":[{"embeddable":true,"href":"https:\/\/julesverne.com.tr\/en\/wp-json\/wp\/v2\/comments?post=12540"}],"version-history":[{"count":25,"href":"https:\/\/julesverne.com.tr\/en\/wp-json\/wp\/v2\/pages\/12540\/revisions"}],"predecessor-version":[{"id":12996,"href":"https:\/\/julesverne.com.tr\/en\/wp-json\/wp\/v2\/pages\/12540\/revisions\/12996"}],"up":[{"embeddable":true,"href":"https:\/\/julesverne.com.tr\/en\/wp-json\/wp\/v2\/pages\/12021"}],"wp:featuredmedia":[{"embeddable":true,"href":"https:\/\/julesverne.com.tr\/en\/wp-json\/wp\/v2\/media\/12786"}],"wp:attachment":[{"href":"https:\/\/julesverne.com.tr\/en\/wp-json\/wp\/v2\/media?parent=12540"}],"curies":[{"name":"wp","href":"https:\/\/api.w.org\/{rel}","templated":true}]}}